{"id":90339,"date":"2022-10-11T18:42:04","date_gmt":"2022-10-11T16:42:04","guid":{"rendered":"http:\/\/dev.claret.cat\/producte\/lo-mejor-de-zipi-y-zape-ii-lo-mejor-de-2\/"},"modified":"2023-01-28T17:59:45","modified_gmt":"2023-01-28T16:59:45","slug":"lo-mejor-de-zipi-y-zape-ii-lo-mejor-de-2-9788402424051","status":"publish","type":"product","link":"https:\/\/www.claret.cat\/es\/libro\/lo-mejor-de-zipi-y-zape-ii-lo-mejor-de-2-9788402424051\/","title":{"rendered":"LO MEJOR DE ZIPI Y ZAPE II (LO MEJOR DE&#8230; 2)"},"content":{"rendered":"<p>La colecci\u00f3n \u00abLo mejor de&#8230;\u00bb de Bruguera comprende lo m\u00e1s esencial  de la historieta espa\u00f1ola, los autores, personajes y aventuras m\u00e1s importantes de la historia del c\u00f3mic espa\u00f1ol.  \u00a1NUEVA ANTOLOG\u00cdA DEDICADA A LOS HERMANOS ZIPI Y ZAPE DE JOSEP ESCOBAR! Nueva antolog\u00eda de las mejores p\u00e1ginas de Zipi y Zape, del maestro Josep Escobar. Este volumen contiene en su totalidad aventuras cortas, de una a seis  p\u00e1ginas, publicadas en su mayor\u00eda en la editorial Bruguera. Escobar fue un autor tan prol\u00edfico, que se hac\u00eda necesaria una nueva  antolog\u00eda de sus personajes m\u00e1s populares, para satisfecer los deseos de sus miles de aficionados.<\/p>\n","protected":false},"excerpt":{"rendered":"<p>ESCOBAR, JOSEP<\/p>\n","protected":false},"featured_media":90340,"template":"","meta":{"_acf_changed":false,"om_disable_all_campaigns":false,"rs_blank_template":"","rs_page_bg_color":"","slide_template_v7":"","inline_featured_image":false,"_monsterinsights_skip_tracking":false,"_monsterinsights_sitenote_active":false,"_monsterinsights_sitenote_note":"","_monsterinsights_sitenote_category":0},"product_brand":[],"product_cat":[108],"product_tag":[],"class_list":{"0":"post-90339","1":"product","2":"type-product","3":"status-publish","4":"has-post-thumbnail","6":"product_cat-comic","8":"first","9":"instock","10":"taxable","11":"shipping-taxable","12":"purchasable","13":"product-type-simple"},"acf":{"editorial":[{"ID":147571,"post_author":"3","post_date":"2022-10-14 11:51:35","post_date_gmt":"2022-10-14 09:51:35","post_content":"","post_title":"Bruguera (Ediciones B)","post_excerpt":"","post_status":"publish","comment_status":"closed","ping_status":"closed","post_password":"","post_name":"bruguera-ediciones-b","to_ping":"","pinged":"","post_modified":"2022-10-14 11:51:35","post_modified_gmt":"2022-10-14 09:51:35","post_content_filtered":"","post_parent":0,"guid":"http:\/\/dev.claret.cat\/editorial\/bruguera-ediciones-b\/","menu_order":0,"post_type":"editorial","post_mime_type":"","comment_count":"0","filter":"raw"}],"autores-libros":[{"ID":160663,"post_author":"3","post_date":"2022-10-14 15:54:53","post_date_gmt":"2022-10-14 13:54:53","post_content":"","post_title":"JOSEP ESCOBAR","post_excerpt":"","post_status":"publish","comment_status":"closed","ping_status":"closed","post_password":"","post_name":"josep-escobar","to_ping":"","pinged":"","post_modified":"2022-10-14 15:54:53","post_modified_gmt":"2022-10-14 13:54:53","post_content_filtered":"","post_parent":0,"guid":"http:\/\/dev.claret.cat\/autor\/josep-escobar\/","menu_order":0,"post_type":"autor","post_mime_type":"","comment_count":"0","filter":"raw"}],"autor":"ESCOBAR, JOSEP","codart":"840242405","libros-coleccion":"Lo mejor de...","ediciones":"1","encuadernacion":"Carton\u00e9","fecha_de_publicacion":"01\/05\/2021","novedad":"1","paginas":"140","subtitulo":"","orden":"0","portada":"0","idioma":"spa"},"aioseo_notices":[],"_links":{"self":[{"href":"https:\/\/www.claret.cat\/es\/wp-json\/wp\/v2\/product\/90339","targetHints":{"allow":["GET"]}}],"collection":[{"href":"https:\/\/www.claret.cat\/es\/wp-json\/wp\/v2\/product"}],"about":[{"href":"https:\/\/www.claret.cat\/es\/wp-json\/wp\/v2\/types\/product"}],"wp:featuredmedia":[{"embeddable":true,"href":"https:\/\/www.claret.cat\/es\/wp-json\/wp\/v2\/media\/90340"}],"wp:attachment":[{"href":"https:\/\/www.claret.cat\/es\/wp-json\/wp\/v2\/media?parent=90339"}],"wp:term":[{"taxonomy":"product_brand","embeddable":true,"href":"https:\/\/www.claret.cat\/es\/wp-json\/wp\/v2\/product_brand?post=90339"},{"taxonomy":"product_cat","embeddable":true,"href":"https:\/\/www.claret.cat\/es\/wp-json\/wp\/v2\/product_cat?post=90339"},{"taxonomy":"product_tag","embeddable":true,"href":"https:\/\/www.claret.cat\/es\/wp-json\/wp\/v2\/product_tag?post=90339"}],"curies":[{"name":"wp","href":"https:\/\/api.w.org\/{rel}","templated":true}]}}