{"id":90435,"date":"2022-10-11T18:43:15","date_gmt":"2022-10-11T16:43:15","guid":{"rendered":"http:\/\/dev.claret.cat\/producte\/el-regreso-de-los-willoughby\/"},"modified":"2023-01-28T17:13:18","modified_gmt":"2023-01-28T16:13:18","slug":"el-regreso-de-los-willoughby-9788469886076","status":"publish","type":"product","link":"https:\/\/www.claret.cat\/es\/libro\/el-regreso-de-los-willoughby-9788469886076\/","title":{"rendered":"EL REGRESO DE LOS WILLOUGHBY"},"content":{"rendered":"<p>Una divertid\u00edsima novela de humor de la autora de El dador.Continuaci\u00f3n de Los hermanos Willoughby, obra galardonada con el premio Parents&#8221; Choice Gold Award, de un Iowa Children&#8221;s Choice Award y de un West Virginia Children&#8221;s Book Award<br \/> En esta alocada aventura de la disparatada familia, los se\u00f1ores Willoughby, que se han pasado treinta a\u00f1os congelados en una monta\u00f1a suiza, \u00a1se han descongelado a causa del calentamiento global! Desali\u00f1ados, desorientados y tan gru\u00f1ones como siempre, emprenden el camino de vuelta a casa. Pero su hijo, que ya es un hombre adulto y heredero de una fortuna, \u00bflograr\u00e1 reconocerlos? \u00bfSe quedar\u00e1n ellos pasmados al descubrir que son abuelos? \u00bfY qu\u00e9 narices es un Uber?<br \/> Con esta historia de regreso al futuro, la c\u00e9lebre autora Lois Lowry vuelve a tejer una historia hilarante sobre la estrafalaria familia Willoughby.<\/p>\n","protected":false},"excerpt":{"rendered":"<p>LOWRY, LOIS<\/p>\n","protected":false},"featured_media":90436,"template":"","meta":{"_acf_changed":false,"om_disable_all_campaigns":false,"rs_blank_template":"","rs_page_bg_color":"","slide_template_v7":"","inline_featured_image":false,"_monsterinsights_skip_tracking":false,"_monsterinsights_sitenote_active":false,"_monsterinsights_sitenote_note":"","_monsterinsights_sitenote_category":0},"product_brand":[],"product_cat":[132],"product_tag":[],"class_list":{"0":"post-90435","1":"product","2":"type-product","3":"status-publish","4":"has-post-thumbnail","6":"product_cat-lectures-per-preadolescents-6-12-anys","8":"first","9":"instock","10":"taxable","11":"shipping-taxable","12":"purchasable","13":"product-type-simple"},"acf":{"autor":"LOWRY, LOIS","codart":"846988607","libros-coleccion":"Infantil y juvenil","ediciones":"1","encuadernacion":"Carton\u00e9","fecha_de_publicacion":"01\/04\/2021","novedad":"1","paginas":"198","subtitulo":"","orden":"0","portada":"0","idioma":"spa","editorial":[{"ID":147433,"post_author":"3","post_date":"2022-10-14 11:50:32","post_date_gmt":"2022-10-14 09:50:32","post_content":"","post_title":"ANAYA INFANTIL Y JUVENIL","post_excerpt":"","post_status":"publish","comment_status":"closed","ping_status":"closed","post_password":"","post_name":"anaya-infantil-y-juvenil","to_ping":"","pinged":"","post_modified":"2022-10-14 11:50:32","post_modified_gmt":"2022-10-14 09:50:32","post_content_filtered":"","post_parent":0,"guid":"http:\/\/dev.claret.cat\/editorial\/anaya-infantil-y-juvenil\/","menu_order":0,"post_type":"editorial","post_mime_type":"","comment_count":"0","filter":"raw"}],"autores-libros":[{"ID":162405,"post_author":"3","post_date":"2022-10-14 17:30:45","post_date_gmt":"2022-10-14 15:30:45","post_content":"","post_title":"LOIS LOWRY","post_excerpt":"","post_status":"publish","comment_status":"closed","ping_status":"closed","post_password":"","post_name":"lois-lowry","to_ping":"","pinged":"","post_modified":"2022-10-14 17:30:45","post_modified_gmt":"2022-10-14 15:30:45","post_content_filtered":"","post_parent":0,"guid":"http:\/\/dev.claret.cat\/autor\/lois-lowry\/","menu_order":0,"post_type":"autor","post_mime_type":"","comment_count":"0","filter":"raw"}]},"aioseo_notices":[],"_links":{"self":[{"href":"https:\/\/www.claret.cat\/es\/wp-json\/wp\/v2\/product\/90435","targetHints":{"allow":["GET"]}}],"collection":[{"href":"https:\/\/www.claret.cat\/es\/wp-json\/wp\/v2\/product"}],"about":[{"href":"https:\/\/www.claret.cat\/es\/wp-json\/wp\/v2\/types\/product"}],"wp:featuredmedia":[{"embeddable":true,"href":"https:\/\/www.claret.cat\/es\/wp-json\/wp\/v2\/media\/90436"}],"wp:attachment":[{"href":"https:\/\/www.claret.cat\/es\/wp-json\/wp\/v2\/media?parent=90435"}],"wp:term":[{"taxonomy":"product_brand","embeddable":true,"href":"https:\/\/www.claret.cat\/es\/wp-json\/wp\/v2\/product_brand?post=90435"},{"taxonomy":"product_cat","embeddable":true,"href":"https:\/\/www.claret.cat\/es\/wp-json\/wp\/v2\/product_cat?post=90435"},{"taxonomy":"product_tag","embeddable":true,"href":"https:\/\/www.claret.cat\/es\/wp-json\/wp\/v2\/product_tag?post=90435"}],"curies":[{"name":"wp","href":"https:\/\/api.w.org\/{rel}","templated":true}]}}