{"id":90478,"date":"2022-10-11T18:43:51","date_gmt":"2022-10-11T16:43:51","guid":{"rendered":"http:\/\/dev.claret.cat\/producte\/el-cervell-huma\/"},"modified":"2023-01-28T07:38:10","modified_gmt":"2023-01-28T06:38:10","slug":"el-cervell-huma-9788426147127","status":"publish","type":"product","link":"https:\/\/www.claret.cat\/es\/libro\/el-cervell-huma-9788426147127\/","title":{"rendered":"EL CERVELL HUM\u00c0"},"content":{"rendered":"<p>Descobreix com funciona el cervell hum\u00e0 amb l&#8221;ajuda del neurocient\u00edfic i premi Nobel, el Doctor Santiago Ram\u00f3n y Cajal!<br \/> Al teu cervell hi ha tantes c\u00e8l\u00b7lules que trigaries mil\u00b7lennis en comptarles totes, i cadascuna d&#8221;elles \u00e9s plena de misteris. Tenim milions de neurones que envien constantment informaci\u00f3 mentre altres c\u00e8l\u00b7lules, secretes i desconegudes, les protegeixen des de les ombres\u2026<br \/> I tot perqu\u00e8, gr\u00e0cies al teu cervell, siguis capa\u00e7 de pensar, sentir, ballar\u2026 i fins i tot algunes persones puguin veure colors en la m\u00fasica.<br \/> Acompanya el Dr. Ram\u00f3n y Cajal en aquest viatge on aprendr\u00e0s temes fascinants, com ara la plasticitat cerebral, o quin \u00e9s el nostre sis\u00e8 sentit, i coneixer\u00e0s altres grans cient\u00edfics i cient\u00edfiques, com la premi Nobel Rita Levi-Montalcini.<\/p>\n","protected":false},"excerpt":{"rendered":"<p>BARRECHEGUREN, PABLO<\/p>\n","protected":false},"featured_media":90479,"template":"","meta":{"_acf_changed":false,"om_disable_all_campaigns":false,"rs_blank_template":"","rs_page_bg_color":"","slide_template_v7":"","inline_featured_image":false,"_monsterinsights_skip_tracking":false,"_monsterinsights_sitenote_active":false,"_monsterinsights_sitenote_note":"","_monsterinsights_sitenote_category":0},"product_brand":[],"product_cat":[132],"product_tag":[],"class_list":{"0":"post-90478","1":"product","2":"type-product","3":"status-publish","4":"has-post-thumbnail","6":"product_cat-lectures-per-preadolescents-6-12-anys","8":"first","9":"instock","10":"taxable","11":"shipping-taxable","12":"purchasable","13":"product-type-simple"},"acf":{"editorial":[{"ID":6226,"post_author":"3","post_date":"2022-07-28 17:47:36","post_date_gmt":"2022-07-28 15:47:36","post_content":"","post_title":"EDITORIAL JUVENTUD","post_excerpt":"","post_status":"publish","comment_status":"closed","ping_status":"closed","post_password":"","post_name":"editorial-juventud","to_ping":"","pinged":"","post_modified":"2022-07-28 17:47:36","post_modified_gmt":"2022-07-28 15:47:36","post_content_filtered":"","post_parent":0,"guid":"http:\/\/dev.claret.cat\/editorial\/editorial-juventud\/","menu_order":0,"post_type":"editorial","post_mime_type":"","comment_count":"0","filter":"raw"}],"autor":"BARRECHEGUREN, PABLO","codart":"842614712","libros-coleccion":"CONOCER  Y COMPRENDER","ediciones":"1","encuadernacion":"Carpeta","fecha_de_publicacion":"01\/04\/2021","novedad":"1","paginas":"48","subtitulo":"","orden":"0","portada":"0","idioma":"cat","autores-libros":[{"ID":166394,"post_author":"3","post_date":"2022-10-14 18:02:49","post_date_gmt":"2022-10-14 16:02:49","post_content":"","post_title":"PABLO BARRECHEGUREN","post_excerpt":"","post_status":"publish","comment_status":"closed","ping_status":"closed","post_password":"","post_name":"pablo-barrecheguren","to_ping":"","pinged":"","post_modified":"2022-10-14 18:02:49","post_modified_gmt":"2022-10-14 16:02:49","post_content_filtered":"","post_parent":0,"guid":"http:\/\/dev.claret.cat\/autor\/pablo-barrecheguren\/","menu_order":0,"post_type":"autor","post_mime_type":"","comment_count":"0","filter":"raw"}]},"aioseo_notices":[],"_links":{"self":[{"href":"https:\/\/www.claret.cat\/es\/wp-json\/wp\/v2\/product\/90478","targetHints":{"allow":["GET"]}}],"collection":[{"href":"https:\/\/www.claret.cat\/es\/wp-json\/wp\/v2\/product"}],"about":[{"href":"https:\/\/www.claret.cat\/es\/wp-json\/wp\/v2\/types\/product"}],"wp:featuredmedia":[{"embeddable":true,"href":"https:\/\/www.claret.cat\/es\/wp-json\/wp\/v2\/media\/90479"}],"wp:attachment":[{"href":"https:\/\/www.claret.cat\/es\/wp-json\/wp\/v2\/media?parent=90478"}],"wp:term":[{"taxonomy":"product_brand","embeddable":true,"href":"https:\/\/www.claret.cat\/es\/wp-json\/wp\/v2\/product_brand?post=90478"},{"taxonomy":"product_cat","embeddable":true,"href":"https:\/\/www.claret.cat\/es\/wp-json\/wp\/v2\/product_cat?post=90478"},{"taxonomy":"product_tag","embeddable":true,"href":"https:\/\/www.claret.cat\/es\/wp-json\/wp\/v2\/product_tag?post=90478"}],"curies":[{"name":"wp","href":"https:\/\/api.w.org\/{rel}","templated":true}]}}