{"id":90484,"date":"2022-10-11T18:43:56","date_gmt":"2022-10-11T16:43:56","guid":{"rendered":"http:\/\/dev.claret.cat\/producte\/el-cerebro-humano\/"},"modified":"2023-01-28T19:00:00","modified_gmt":"2023-01-28T18:00:00","slug":"el-cerebro-humano-9788426147110","status":"publish","type":"product","link":"https:\/\/www.claret.cat\/es\/libro\/el-cerebro-humano-9788426147110\/","title":{"rendered":"EL CEREBRO HUMANO"},"content":{"rendered":"<p>\u00a1Descubre c\u00f3mo funciona el cerebro humano con la ayuda del premio nobel y neurocient\u00edfico Dr. Santiago Ram\u00f3n y Cajal!<br \/> En tu cerebro hay tantas c\u00e9lulas que tardar\u00edas milenios en contarlas todas, y cada una est\u00e1 llena de misterios. Tenemos millones de neuronas que env\u00edan constantemente informaci\u00f3n mientras otras c\u00e9lulas, secretas y desconocidas, las protegen desde las sombras\u2026<br \/> Y todo para que gracias a tu cerebro seas capaz de pensar, sentir, bailar\u2026 e incluso, algunas personas, puedan ver colores en la m\u00fasica.<br \/> Acompa\u00f1a al Dr. Ram\u00f3n y Cajal en este viaje donde aprender\u00e1s temas fascinantes como la plasticidad cerebral o cu\u00e1l es nuestro sexto sentido, y conocer\u00e1s a otros grandes cient\u00edficos como la premio nobel Rita Levi-Montalcini.<\/p>\n","protected":false},"excerpt":{"rendered":"<p>BARRECHEGUREN, PABLO<\/p>\n","protected":false},"featured_media":90485,"template":"","meta":{"_acf_changed":false,"om_disable_all_campaigns":false,"rs_blank_template":"","rs_page_bg_color":"","slide_template_v7":"","inline_featured_image":false,"_monsterinsights_skip_tracking":false,"_monsterinsights_sitenote_active":false,"_monsterinsights_sitenote_note":"","_monsterinsights_sitenote_category":0},"product_brand":[],"product_cat":[132],"product_tag":[],"class_list":{"0":"post-90484","1":"product","2":"type-product","3":"status-publish","4":"has-post-thumbnail","6":"product_cat-lectures-per-preadolescents-6-12-anys","8":"first","9":"instock","10":"taxable","11":"shipping-taxable","12":"purchasable","13":"product-type-simple"},"acf":{"editorial":[{"ID":6226,"post_author":"3","post_date":"2022-07-28 17:47:36","post_date_gmt":"2022-07-28 15:47:36","post_content":"","post_title":"EDITORIAL JUVENTUD","post_excerpt":"","post_status":"publish","comment_status":"closed","ping_status":"closed","post_password":"","post_name":"editorial-juventud","to_ping":"","pinged":"","post_modified":"2022-07-28 17:47:36","post_modified_gmt":"2022-07-28 15:47:36","post_content_filtered":"","post_parent":0,"guid":"http:\/\/dev.claret.cat\/editorial\/editorial-juventud\/","menu_order":0,"post_type":"editorial","post_mime_type":"","comment_count":"0","filter":"raw"}],"autor":"BARRECHEGUREN, PABLO","codart":"842614711","libros-coleccion":"CONOCER  Y COMPRENDER","ediciones":"1","encuadernacion":"Carpeta","fecha_de_publicacion":"01\/04\/2021","novedad":"1","paginas":"48","subtitulo":"EXPLICADO POR DR. SANTIAGO RAM\u00d3N Y CAJAL","orden":"0","portada":"0","idioma":"spa","autores-libros":[{"ID":166394,"post_author":"3","post_date":"2022-10-14 18:02:49","post_date_gmt":"2022-10-14 16:02:49","post_content":"","post_title":"PABLO BARRECHEGUREN","post_excerpt":"","post_status":"publish","comment_status":"closed","ping_status":"closed","post_password":"","post_name":"pablo-barrecheguren","to_ping":"","pinged":"","post_modified":"2022-10-14 18:02:49","post_modified_gmt":"2022-10-14 16:02:49","post_content_filtered":"","post_parent":0,"guid":"http:\/\/dev.claret.cat\/autor\/pablo-barrecheguren\/","menu_order":0,"post_type":"autor","post_mime_type":"","comment_count":"0","filter":"raw"}]},"aioseo_notices":[],"_links":{"self":[{"href":"https:\/\/www.claret.cat\/es\/wp-json\/wp\/v2\/product\/90484","targetHints":{"allow":["GET"]}}],"collection":[{"href":"https:\/\/www.claret.cat\/es\/wp-json\/wp\/v2\/product"}],"about":[{"href":"https:\/\/www.claret.cat\/es\/wp-json\/wp\/v2\/types\/product"}],"wp:featuredmedia":[{"embeddable":true,"href":"https:\/\/www.claret.cat\/es\/wp-json\/wp\/v2\/media\/90485"}],"wp:attachment":[{"href":"https:\/\/www.claret.cat\/es\/wp-json\/wp\/v2\/media?parent=90484"}],"wp:term":[{"taxonomy":"product_brand","embeddable":true,"href":"https:\/\/www.claret.cat\/es\/wp-json\/wp\/v2\/product_brand?post=90484"},{"taxonomy":"product_cat","embeddable":true,"href":"https:\/\/www.claret.cat\/es\/wp-json\/wp\/v2\/product_cat?post=90484"},{"taxonomy":"product_tag","embeddable":true,"href":"https:\/\/www.claret.cat\/es\/wp-json\/wp\/v2\/product_tag?post=90484"}],"curies":[{"name":"wp","href":"https:\/\/api.w.org\/{rel}","templated":true}]}}