{"id":90502,"date":"2022-10-11T21:09:05","date_gmt":"2022-10-11T19:09:05","guid":{"rendered":"http:\/\/dev.claret.cat\/producte\/hasta-donde-termina-el-mar-2\/"},"modified":"2023-10-06T07:29:39","modified_gmt":"2023-10-06T05:29:39","slug":"hasta-donde-termina-el-mar-9788408263593","status":"publish","type":"product","link":"https:\/\/www.claret.cat\/es\/libro\/hasta-donde-termina-el-mar-9788408263593\/","title":{"rendered":"HASTA DONDE TERMINA EL MAR"},"content":{"rendered":"<p>Novela galardonada con el Premio de Novela Fernando Lara 2021<br \/> 1901. En el id\u00edlico pueblo vasco de Ea, Dylan y Ulises Morgan contemplan enel horizonte c\u00f3mo se hunde el Annabelle, el vapor de su abuelo, tras la terrible tempestad de la noche anterior. Despu\u00e9s, el cuerpo de una joven aparece flotando en la orilla. Extra\u00f1amente, es id\u00e9ntica a otra muchacha des\u00adaparecida muchos a\u00f1os atr\u00e1s, Cora Amara, la hija menor de la due\u00f1a de la funeraria del pueblo. Cora no es la \u00fanica joven a la que nunca m\u00e1s se volvi\u00f3 a ver: varias mujeres de los peque\u00f1os pueblos de alrededor llevan a\u00f1os perdidas. Nunca han encontrado los cuerpos, pero la marea arrastra a la costa una corona de lirios blancos cada vez que sucede.<br \/> Hasta donde termina el mar es una apasionante intriga sobre secretos familiares, venganza y el poder redentor del amor, ambientada en los dram\u00e1ticos paisajes de la costa de Vizca\u00adya, tierra de leyendas en la que a\u00fan se oye hablar de sirenas.<\/p>\n","protected":false},"excerpt":{"rendered":"<p>LECEAGA, ALAITZ<\/p>\n","protected":false},"featured_media":374443,"template":"","meta":{"_acf_changed":false,"om_disable_all_campaigns":false,"rs_blank_template":"","rs_page_bg_color":"","slide_template_v7":"","inline_featured_image":false,"_monsterinsights_skip_tracking":false,"_monsterinsights_sitenote_active":false,"_monsterinsights_sitenote_note":"","_monsterinsights_sitenote_category":0},"product_brand":[],"product_cat":[357],"product_tag":[],"class_list":{"0":"post-90502","1":"product","2":"type-product","3":"status-publish","4":"has-post-thumbnail","6":"product_cat-novela-contemporanea","8":"first","9":"instock","10":"taxable","11":"shipping-taxable","12":"purchasable","13":"product-type-simple"},"acf":{"editorial":[{"ID":6233,"post_author":"3","post_date":"2022-07-28 17:47:48","post_date_gmt":"2022-07-28 15:47:48","post_content":"","post_title":"EDITORIAL PLANETA","post_excerpt":"","post_status":"publish","comment_status":"closed","ping_status":"closed","post_password":"","post_name":"editorial-planeta","to_ping":"","pinged":"","post_modified":"2022-07-28 17:47:48","post_modified_gmt":"2022-07-28 15:47:48","post_content_filtered":"","post_parent":0,"guid":"http:\/\/dev.claret.cat\/editorial\/editorial-planeta\/","menu_order":0,"post_type":"editorial","post_mime_type":"","comment_count":"0","filter":"raw"}],"autores-libros":[{"ID":149349,"post_author":"3","post_date":"2022-10-14 14:24:09","post_date_gmt":"2022-10-14 12:24:09","post_content":"","post_title":"ALAITZ LECEAGA","post_excerpt":"","post_status":"publish","comment_status":"closed","ping_status":"closed","post_password":"","post_name":"alaitz-leceaga","to_ping":"","pinged":"","post_modified":"2022-10-14 14:24:09","post_modified_gmt":"2022-10-14 12:24:09","post_content_filtered":"","post_parent":0,"guid":"http:\/\/dev.claret.cat\/autor\/alaitz-leceaga\/","menu_order":0,"post_type":"autor","post_mime_type":"","comment_count":"0","filter":"raw"}],"autor":"LECEAGA, ALAITZ","codart":"840826359","libros-coleccion":"Novela","ediciones":"1","encuadernacion":"R\u00fastica","fecha_de_publicacion":"01\/10\/2022","novedad":"1","paginas":"512","subtitulo":"PREMIO DE NOVELA FERNANDO LARA 2021","orden":"0","portada":"0","idioma":"spa"},"aioseo_notices":[],"_links":{"self":[{"href":"https:\/\/www.claret.cat\/es\/wp-json\/wp\/v2\/product\/90502","targetHints":{"allow":["GET"]}}],"collection":[{"href":"https:\/\/www.claret.cat\/es\/wp-json\/wp\/v2\/product"}],"about":[{"href":"https:\/\/www.claret.cat\/es\/wp-json\/wp\/v2\/types\/product"}],"wp:featuredmedia":[{"embeddable":true,"href":"https:\/\/www.claret.cat\/es\/wp-json\/wp\/v2\/media\/374443"}],"wp:attachment":[{"href":"https:\/\/www.claret.cat\/es\/wp-json\/wp\/v2\/media?parent=90502"}],"wp:term":[{"taxonomy":"product_brand","embeddable":true,"href":"https:\/\/www.claret.cat\/es\/wp-json\/wp\/v2\/product_brand?post=90502"},{"taxonomy":"product_cat","embeddable":true,"href":"https:\/\/www.claret.cat\/es\/wp-json\/wp\/v2\/product_cat?post=90502"},{"taxonomy":"product_tag","embeddable":true,"href":"https:\/\/www.claret.cat\/es\/wp-json\/wp\/v2\/product_tag?post=90502"}],"curies":[{"name":"wp","href":"https:\/\/api.w.org\/{rel}","templated":true}]}}