{"id":90613,"date":"2022-10-11T21:10:35","date_gmt":"2022-10-11T19:10:35","guid":{"rendered":"http:\/\/dev.claret.cat\/producte\/y-por-que-ir-a-misa-y-comulgar\/"},"modified":"2024-05-24T04:18:07","modified_gmt":"2024-05-24T02:18:07","slug":"y-por-que-ir-a-misa-y-comulgar-9788432162183","status":"publish","type":"product","link":"https:\/\/www.claret.cat\/es\/libro\/y-por-que-ir-a-misa-y-comulgar-9788432162183\/","title":{"rendered":"\u00bfY POR QU\u00c9 IR A MISA Y COMULGAR?"},"content":{"rendered":"<p>Langlois ahonda en el misterio de la Eucarist\u00eda para entender y aprovechar mejor la Misa.<\/p>\n","protected":false},"excerpt":{"rendered":"<p>IBA\u00d1EZ LANGLOIS, JOS\u00c9 MIGUEL<\/p>\n","protected":false},"featured_media":344724,"template":"","meta":{"_acf_changed":false,"om_disable_all_campaigns":false,"rs_blank_template":"","rs_page_bg_color":"","slide_template_v7":"","inline_featured_image":false,"_monsterinsights_skip_tracking":false,"_monsterinsights_sitenote_active":false,"_monsterinsights_sitenote_note":"","_monsterinsights_sitenote_category":0},"product_brand":[],"product_cat":[253,399,542,92],"product_tag":[],"class_list":{"0":"post-90613","1":"product","2":"type-product","3":"status-publish","4":"has-post-thumbnail","6":"product_cat-any-liturgic","7":"product_cat-any-liturgic-liturgia-1_espiritualidad","8":"product_cat-vida-religiosa-1_espiritualidad-spa","9":"product_cat-vida-religiosa","11":"first","12":"instock","13":"taxable","14":"shipping-taxable","15":"purchasable","16":"product-type-simple"},"acf":{"editorial":[{"ID":6348,"post_author":"3","post_date":"2022-07-28 17:50:16","post_date_gmt":"2022-07-28 15:50:16","post_content":"","post_title":"Rialp","post_excerpt":"","post_status":"publish","comment_status":"closed","ping_status":"closed","post_password":"","post_name":"rialp","to_ping":"","pinged":"","post_modified":"2022-07-28 17:50:16","post_modified_gmt":"2022-07-28 15:50:16","post_content_filtered":"","post_parent":0,"guid":"http:\/\/dev.claret.cat\/editorial\/rialp\/","menu_order":0,"post_type":"editorial","post_mime_type":"","comment_count":"0","filter":"raw"}],"autor":"IBA\u00d1EZ LANGLOIS, JOS\u00c9 MIGUEL","codart":"843216218","libros-coleccion":"Religi\u00f3n. Fuera de Colecci\u00f3n","ediciones":"1","encuadernacion":"R\u00fastica","fecha_de_publicacion":"11\/10\/2022","novedad":"1","paginas":"72","subtitulo":"EL ABEC\u00c9 DE LA EUCARIST\u00cdA","orden":"0","portada":"0","idioma":"spa","autores-libros":[{"ID":160512,"post_author":"3","post_date":"2022-10-14 15:53:40","post_date_gmt":"2022-10-14 13:53:40","post_content":"","post_title":"JOS\u00c9 MIGUEL IB\u00c1\u00d1EZ LANGLOIS","post_excerpt":"","post_status":"publish","comment_status":"closed","ping_status":"closed","post_password":"","post_name":"jose-miguel-ibanez-langlois","to_ping":"","pinged":"","post_modified":"2022-10-14 15:53:40","post_modified_gmt":"2022-10-14 13:53:40","post_content_filtered":"","post_parent":0,"guid":"http:\/\/dev.claret.cat\/autor\/jose-miguel-ibanez-langlois\/","menu_order":0,"post_type":"autor","post_mime_type":"","comment_count":"0","filter":"raw"}]},"aioseo_notices":[],"_links":{"self":[{"href":"https:\/\/www.claret.cat\/es\/wp-json\/wp\/v2\/product\/90613","targetHints":{"allow":["GET"]}}],"collection":[{"href":"https:\/\/www.claret.cat\/es\/wp-json\/wp\/v2\/product"}],"about":[{"href":"https:\/\/www.claret.cat\/es\/wp-json\/wp\/v2\/types\/product"}],"wp:featuredmedia":[{"embeddable":true,"href":"https:\/\/www.claret.cat\/es\/wp-json\/wp\/v2\/media\/344724"}],"wp:attachment":[{"href":"https:\/\/www.claret.cat\/es\/wp-json\/wp\/v2\/media?parent=90613"}],"wp:term":[{"taxonomy":"product_brand","embeddable":true,"href":"https:\/\/www.claret.cat\/es\/wp-json\/wp\/v2\/product_brand?post=90613"},{"taxonomy":"product_cat","embeddable":true,"href":"https:\/\/www.claret.cat\/es\/wp-json\/wp\/v2\/product_cat?post=90613"},{"taxonomy":"product_tag","embeddable":true,"href":"https:\/\/www.claret.cat\/es\/wp-json\/wp\/v2\/product_tag?post=90613"}],"curies":[{"name":"wp","href":"https:\/\/api.w.org\/{rel}","templated":true}]}}