{"id":90646,"date":"2022-10-11T21:11:02","date_gmt":"2022-10-11T19:11:02","guid":{"rendered":"http:\/\/dev.claret.cat\/producte\/plenitud-humana\/"},"modified":"2026-04-08T17:01:50","modified_gmt":"2026-04-08T15:01:50","slug":"plenitud-humana-9788429330786","status":"publish","type":"product","link":"https:\/\/www.claret.cat\/es\/libro\/plenitud-humana-9788429330786\/","title":{"rendered":"PLENITUD HUMANA"},"content":{"rendered":"<p>Este libro recoge, de forma muy actualizada, la cuarta parte de la antropolog\u00eda cristiana de Jos\u00e9 Ignacio Gonz\u00e1lez Faus, J, centrada en este caso en la Gracia. A pesar de su maldad, el ser humano est\u00e1 siempre bajo la mirada benevolente y la oferta del Amor de Dios que, cuando es aceptado en la fe, nos libera de esa necesidad de afecto o de aceptaci\u00f3n y justificaci\u00f3n que nos constituye. Ese don de Dios est\u00e1 adem\u00e1s ofrecido a todos los hombres por caminos cristianos o extracristianos que solo Dios conoce.<\/p>\n","protected":false},"excerpt":{"rendered":"<p>GONZ\u00c1LEZ FAUS, JOS\u00c9 IGNACIO<\/p>\n","protected":false},"featured_media":1081404,"template":"","meta":{"_acf_changed":false,"om_disable_all_campaigns":false,"rs_blank_template":"","rs_page_bg_color":"","slide_template_v7":"","inline_featured_image":false,"_monsterinsights_skip_tracking":false,"_monsterinsights_sitenote_active":false,"_monsterinsights_sitenote_note":"","_monsterinsights_sitenote_category":0},"product_brand":[],"product_cat":[509,279,275,413],"product_tag":[],"class_list":{"0":"post-90646","1":"product","2":"type-product","3":"status-publish","4":"has-post-thumbnail","6":"product_cat-antropologia-teologica-teologia-1_espiritualidad","7":"product_cat-antropologia-teologica","8":"product_cat-fonamental","9":"product_cat-fundamental","11":"first","12":"instock","13":"taxable","14":"shipping-taxable","15":"purchasable","16":"product-type-simple"},"acf":{"editorial":[{"ID":6351,"post_author":"3","post_date":"2022-07-28 17:50:19","post_date_gmt":"2022-07-28 15:50:19","post_content":"","post_title":"Sal Terrae","post_excerpt":"","post_status":"publish","comment_status":"closed","ping_status":"closed","post_password":"","post_name":"sal-terrae","to_ping":"","pinged":"","post_modified":"2022-07-28 17:50:19","post_modified_gmt":"2022-07-28 15:50:19","post_content_filtered":"","post_parent":0,"guid":"http:\/\/dev.claret.cat\/editorial\/sal-terrae\/","menu_order":0,"post_type":"editorial","post_mime_type":"","comment_count":"0","filter":"raw"}],"autor":"GONZ\u00c1LEZ FAUS, JOS\u00c9 IGNACIO","codart":"842933078","libros-coleccion":"PRESENCIA TEOL\u00d3GICA","ediciones":"1","encuadernacion":"R\u00fastica","fecha_de_publicacion":"11\/10\/2022","novedad":"1","paginas":"468","subtitulo":"REFLEXIONES SOBRE LA BONDAT","orden":"0","portada":"1","idioma":"spa","autores-libros":[{"ID":160278,"post_author":"3","post_date":"2022-10-14 15:51:47","post_date_gmt":"2022-10-14 13:51:47","post_content":"","post_title":"JOS\u00c9 IGNACIO GONZ\u00c1LEZ FAUS","post_excerpt":"","post_status":"publish","comment_status":"closed","ping_status":"closed","post_password":"","post_name":"jose-ignacio-gonzalez-faus","to_ping":"","pinged":"","post_modified":"2022-10-14 15:51:47","post_modified_gmt":"2022-10-14 13:51:47","post_content_filtered":"","post_parent":0,"guid":"http:\/\/dev.claret.cat\/autor\/jose-ignacio-gonzalez-faus\/","menu_order":0,"post_type":"autor","post_mime_type":"","comment_count":"0","filter":"raw"}],"traductores-libros":"","ilustradores-libros":"","formato":"","linkebook":"","ficha":"","muestra":"","presentacion":"","booktrailer":"","resenas":"","recomendamos":"","mas_vendido":""},"aioseo_notices":[],"_links":{"self":[{"href":"https:\/\/www.claret.cat\/es\/wp-json\/wp\/v2\/product\/90646","targetHints":{"allow":["GET"]}}],"collection":[{"href":"https:\/\/www.claret.cat\/es\/wp-json\/wp\/v2\/product"}],"about":[{"href":"https:\/\/www.claret.cat\/es\/wp-json\/wp\/v2\/types\/product"}],"wp:featuredmedia":[{"embeddable":true,"href":"https:\/\/www.claret.cat\/es\/wp-json\/wp\/v2\/media\/1081404"}],"wp:attachment":[{"href":"https:\/\/www.claret.cat\/es\/wp-json\/wp\/v2\/media?parent=90646"}],"wp:term":[{"taxonomy":"product_brand","embeddable":true,"href":"https:\/\/www.claret.cat\/es\/wp-json\/wp\/v2\/product_brand?post=90646"},{"taxonomy":"product_cat","embeddable":true,"href":"https:\/\/www.claret.cat\/es\/wp-json\/wp\/v2\/product_cat?post=90646"},{"taxonomy":"product_tag","embeddable":true,"href":"https:\/\/www.claret.cat\/es\/wp-json\/wp\/v2\/product_tag?post=90646"}],"curies":[{"name":"wp","href":"https:\/\/api.w.org\/{rel}","templated":true}]}}