{"id":90649,"date":"2022-10-11T21:11:04","date_gmt":"2022-10-11T19:11:04","guid":{"rendered":"http:\/\/dev.claret.cat\/producte\/la-vida-de-jesus\/"},"modified":"2026-04-13T16:55:29","modified_gmt":"2026-04-13T14:55:29","slug":"la-vida-de-jesus-9788427146945","status":"publish","type":"product","link":"https:\/\/www.claret.cat\/es\/libro\/la-vida-de-jesus-9788427146945\/","title":{"rendered":"LA VIDA DE JES\u00daS"},"content":{"rendered":"<p>Andrea Tornielli ofrece una novedosa perspectiva a la narraci\u00f3n tradicional de la vida de Jes\u00fas. Su idea es hacer presentes las escenas evang\u00e9licas: que puedas ver, o\u00edr y sentir perfectamente a Jes\u00fas mientras predica, sufre, se conmueve y hace milagros. Un resultado que Tornielli logra gracias a su fidelidad a los relatos evang\u00e9licos y a su capacidad para reconstruir \u00ablo que los evangelistas no escribieron\u00bb mediante una imaginaci\u00f3n hist\u00f3rica y filol\u00f3gica bien documentada y asesorada.  Junto con la introducci\u00f3n del papa Francisco, en la narraci\u00f3n se entretejen comentarios y reflexiones procedentes de textos, discursos y homil\u00edas del papa, que ayudan a aterrizar el mensaje de Jes\u00fas en las situaciones de hoy, para recordar siempre que \u00c9l sigue viviendo y es reconocible en toda la gente que sufre.<\/p>\n","protected":false},"excerpt":{"rendered":"<p>TORNIELLI, ANDREA<\/p>\n","protected":false},"featured_media":332970,"template":"","meta":{"_acf_changed":false,"om_disable_all_campaigns":false,"rs_blank_template":"","rs_page_bg_color":"","slide_template_v7":"","inline_featured_image":false,"_monsterinsights_skip_tracking":false,"_monsterinsights_sitenote_active":false,"_monsterinsights_sitenote_note":"","_monsterinsights_sitenote_category":0},"product_brand":[],"product_cat":[501,256],"product_tag":[],"class_list":{"0":"post-90649","1":"product","2":"type-product","3":"status-publish","4":"has-post-thumbnail","6":"product_cat-homiletica-liturgia-1_espiritualidad","7":"product_cat-homiletica","9":"first","10":"instock","11":"taxable","12":"shipping-taxable","13":"purchasable","14":"product-type-simple"},"acf":{"editorial":[{"ID":8258,"post_author":"3","post_date":"2022-09-30 09:21:32","post_date_gmt":"2022-09-30 07:21:32","post_content":"","post_title":"MENSAJERO","post_excerpt":"","post_status":"publish","comment_status":"closed","ping_status":"closed","post_password":"","post_name":"mensajero","to_ping":"","pinged":"","post_modified":"2022-09-30 09:21:32","post_modified_gmt":"2022-09-30 07:21:32","post_content_filtered":"","post_parent":0,"guid":"http:\/\/dev.claret.cat\/editorial\/mensajero\/","menu_order":0,"post_type":"editorial","post_mime_type":"","comment_count":"0","filter":"raw"}],"autor":"TORNIELLI, ANDREA","codart":"842714694","libros-coleccion":"Espiritualidad","ediciones":"1","encuadernacion":"R\u00fastica","fecha_de_publicacion":"11\/10\/2022","novedad":"1","paginas":"384","subtitulo":"CON EL COMENTARIO DEL PAPA FRANCISCO","orden":"0","portada":"1","idioma":"spa","autores-libros":[{"ID":150243,"post_author":"3","post_date":"2022-10-14 14:31:23","post_date_gmt":"2022-10-14 12:31:23","post_content":"","post_title":"ANDREA TORNIELLI","post_excerpt":"","post_status":"publish","comment_status":"closed","ping_status":"closed","post_password":"","post_name":"andrea-tornielli","to_ping":"","pinged":"","post_modified":"2022-10-14 14:31:23","post_modified_gmt":"2022-10-14 12:31:23","post_content_filtered":"","post_parent":0,"guid":"http:\/\/dev.claret.cat\/autor\/andrea-tornielli\/","menu_order":0,"post_type":"autor","post_mime_type":"","comment_count":"0","filter":"raw"}],"traductores-libros":"","ilustradores-libros":"","formato":"","linkebook":"","ficha":"","muestra":"","presentacion":"","booktrailer":"","resenas":"","recomendamos":"","mas_vendido":""},"aioseo_notices":[],"_links":{"self":[{"href":"https:\/\/www.claret.cat\/es\/wp-json\/wp\/v2\/product\/90649","targetHints":{"allow":["GET"]}}],"collection":[{"href":"https:\/\/www.claret.cat\/es\/wp-json\/wp\/v2\/product"}],"about":[{"href":"https:\/\/www.claret.cat\/es\/wp-json\/wp\/v2\/types\/product"}],"wp:featuredmedia":[{"embeddable":true,"href":"https:\/\/www.claret.cat\/es\/wp-json\/wp\/v2\/media\/332970"}],"wp:attachment":[{"href":"https:\/\/www.claret.cat\/es\/wp-json\/wp\/v2\/media?parent=90649"}],"wp:term":[{"taxonomy":"product_brand","embeddable":true,"href":"https:\/\/www.claret.cat\/es\/wp-json\/wp\/v2\/product_brand?post=90649"},{"taxonomy":"product_cat","embeddable":true,"href":"https:\/\/www.claret.cat\/es\/wp-json\/wp\/v2\/product_cat?post=90649"},{"taxonomy":"product_tag","embeddable":true,"href":"https:\/\/www.claret.cat\/es\/wp-json\/wp\/v2\/product_tag?post=90649"}],"curies":[{"name":"wp","href":"https:\/\/api.w.org\/{rel}","templated":true}]}}