{"id":90719,"date":"2022-10-11T21:12:59","date_gmt":"2022-10-11T19:12:59","guid":{"rendered":"http:\/\/dev.claret.cat\/producte\/en-teo-i-els-animals-salvatges\/"},"modified":"2025-12-19T18:15:08","modified_gmt":"2025-12-19T17:15:08","slug":"en-teo-i-els-animals-salvatges-9788418444302","status":"publish","type":"product","link":"https:\/\/www.claret.cat\/es\/libro\/en-teo-i-els-animals-salvatges-9788418444302\/","title":{"rendered":"EN TEO I ELS ANIMALS SALVATGES"},"content":{"rendered":"<p>Continuacio\u00b4 de la col\u00b7leccio\u00b4 emblema`tica En Teo descobreix el mo\u00b4n. En aquest cas, en Teo viatja a l&#8221;\u00c0frica, on veur\u00e0 els paisatges de la sabana amb els seus propis ulls i visitar\u00e0 un centre de recuperaci\u00f3 d&#8221;animals salvatges. Rinoceronts, elefants, hipop\u00f2tams&#8230; acompanya en Teo en aquest viatge!<\/p>\n","protected":false},"excerpt":{"rendered":"<p>DENOU, VIOLETA<\/p>\n","protected":false},"featured_media":1009997,"template":"","meta":{"_acf_changed":false,"om_disable_all_campaigns":false,"rs_blank_template":"","rs_page_bg_color":"","slide_template_v7":"","inline_featured_image":false,"_monsterinsights_skip_tracking":false,"_monsterinsights_sitenote_active":false,"_monsterinsights_sitenote_note":"","_monsterinsights_sitenote_category":0},"product_brand":[],"product_cat":[131,361],"product_tag":[],"class_list":{"0":"post-90719","1":"product","2":"type-product","3":"status-publish","4":"has-post-thumbnail","6":"product_cat-contes-per-infants-0-6-anys","7":"product_cat-cuentos-para-ninos-0-6-anos","9":"first","10":"instock","11":"taxable","12":"shipping-taxable","13":"purchasable","14":"product-type-simple"},"acf":{"editorial":[{"ID":6249,"post_author":"3","post_date":"2022-07-28 17:48:09","post_date_gmt":"2022-07-28 15:48:09","post_content":"","post_title":"Estrella Polar","post_excerpt":"","post_status":"publish","comment_status":"closed","ping_status":"closed","post_password":"","post_name":"estrella-polar","to_ping":"","pinged":"","post_modified":"2022-07-28 17:48:09","post_modified_gmt":"2022-07-28 15:48:09","post_content_filtered":"","post_parent":0,"guid":"http:\/\/dev.claret.cat\/editorial\/estrella-polar\/","menu_order":0,"post_type":"editorial","post_mime_type":"","comment_count":"0","filter":"raw"}],"autor":"DENOU, VIOLETA","codart":"841844430","libros-coleccion":"En Teo descobreix m\u00f3n","ediciones":"1","encuadernacion":"Carton\u00e9","fecha_de_publicacion":"01\/04\/2021","novedad":"1","paginas":"26","subtitulo":"","orden":"0","portada":"0","idioma":"cat","autores-libros":[{"ID":171136,"post_author":"3","post_date":"2022-10-14 22:40:58","post_date_gmt":"2022-10-14 20:40:58","post_content":"","post_title":"VIOLETA DENOU","post_excerpt":"","post_status":"publish","comment_status":"closed","ping_status":"closed","post_password":"","post_name":"violeta-denou-2","to_ping":"","pinged":"","post_modified":"2022-10-14 22:40:58","post_modified_gmt":"2022-10-14 20:40:58","post_content_filtered":"","post_parent":0,"guid":"http:\/\/dev.claret.cat\/autor\/violeta-denou-2\/","menu_order":0,"post_type":"autor","post_mime_type":"","comment_count":"0","filter":"raw"}],"booktrailer":"","resenas":""},"aioseo_notices":[],"_links":{"self":[{"href":"https:\/\/www.claret.cat\/es\/wp-json\/wp\/v2\/product\/90719","targetHints":{"allow":["GET"]}}],"collection":[{"href":"https:\/\/www.claret.cat\/es\/wp-json\/wp\/v2\/product"}],"about":[{"href":"https:\/\/www.claret.cat\/es\/wp-json\/wp\/v2\/types\/product"}],"wp:featuredmedia":[{"embeddable":true,"href":"https:\/\/www.claret.cat\/es\/wp-json\/wp\/v2\/media\/1009997"}],"wp:attachment":[{"href":"https:\/\/www.claret.cat\/es\/wp-json\/wp\/v2\/media?parent=90719"}],"wp:term":[{"taxonomy":"product_brand","embeddable":true,"href":"https:\/\/www.claret.cat\/es\/wp-json\/wp\/v2\/product_brand?post=90719"},{"taxonomy":"product_cat","embeddable":true,"href":"https:\/\/www.claret.cat\/es\/wp-json\/wp\/v2\/product_cat?post=90719"},{"taxonomy":"product_tag","embeddable":true,"href":"https:\/\/www.claret.cat\/es\/wp-json\/wp\/v2\/product_tag?post=90719"}],"curies":[{"name":"wp","href":"https:\/\/api.w.org\/{rel}","templated":true}]}}