{"id":90956,"date":"2022-10-11T21:16:12","date_gmt":"2022-10-11T19:16:12","guid":{"rendered":"http:\/\/dev.claret.cat\/producte\/comida-de-cuento\/"},"modified":"2023-01-28T07:05:39","modified_gmt":"2023-01-28T06:05:39","slug":"comida-de-cuento-9788469865880","status":"publish","type":"product","link":"https:\/\/www.claret.cat\/es\/libro\/comida-de-cuento-9788469865880\/","title":{"rendered":"COMIDA DE CUENTO"},"content":{"rendered":"<p>Una colecci\u00f3n para aprender conceptos b\u00e1sicos de la mano de los personajes de los cuentos cl\u00e1sicos.<br \/> \u00bfQu\u00e9 les encanta comer a Hansel y Gretel? Y \u00bfqu\u00e9 cocina Ricitos de Oro? <br \/>Descubre la comida con los personajes de los cuentos.<\/p>\n","protected":false},"excerpt":{"rendered":"<p>PERPI\u00d1\u00c1N, ARANCHA<\/p>\n","protected":false},"featured_media":90957,"template":"","meta":{"_acf_changed":false,"om_disable_all_campaigns":false,"rs_blank_template":"","rs_page_bg_color":"","slide_template_v7":"","inline_featured_image":false,"_monsterinsights_skip_tracking":false,"_monsterinsights_sitenote_active":false,"_monsterinsights_sitenote_note":"","_monsterinsights_sitenote_category":0},"product_brand":[],"product_cat":[131],"product_tag":[],"class_list":{"0":"post-90956","1":"product","2":"type-product","3":"status-publish","4":"has-post-thumbnail","6":"product_cat-contes-per-infants-0-6-anys","8":"first","9":"instock","10":"taxable","11":"shipping-taxable","12":"purchasable","13":"product-type-simple"},"acf":{"autor":"PERPI\u00d1\u00c1N, ARANCHA","codart":"846986588","libros-coleccion":"FORA DE COL.LECCI\u00d3","ediciones":"1","encuadernacion":"Carton\u00e9","fecha_de_publicacion":"01\/03\/2021","novedad":"1","paginas":"0","subtitulo":"","orden":"0","portada":"0","idioma":"spa","editorial":[{"ID":147433,"post_author":"3","post_date":"2022-10-14 11:50:32","post_date_gmt":"2022-10-14 09:50:32","post_content":"","post_title":"ANAYA INFANTIL Y JUVENIL","post_excerpt":"","post_status":"publish","comment_status":"closed","ping_status":"closed","post_password":"","post_name":"anaya-infantil-y-juvenil","to_ping":"","pinged":"","post_modified":"2022-10-14 11:50:32","post_modified_gmt":"2022-10-14 09:50:32","post_content_filtered":"","post_parent":0,"guid":"http:\/\/dev.claret.cat\/editorial\/anaya-infantil-y-juvenil\/","menu_order":0,"post_type":"editorial","post_mime_type":"","comment_count":"0","filter":"raw"}],"autores-libros":[{"ID":151048,"post_author":"3","post_date":"2022-10-14 14:37:48","post_date_gmt":"2022-10-14 12:37:48","post_content":"","post_title":"ARANCHA PERPI\u00d1\u00c1N","post_excerpt":"","post_status":"publish","comment_status":"closed","ping_status":"closed","post_password":"","post_name":"arancha-perpinan","to_ping":"","pinged":"","post_modified":"2022-10-14 14:37:48","post_modified_gmt":"2022-10-14 12:37:48","post_content_filtered":"","post_parent":0,"guid":"http:\/\/dev.claret.cat\/autor\/arancha-perpinan\/","menu_order":0,"post_type":"autor","post_mime_type":"","comment_count":"0","filter":"raw"}]},"aioseo_notices":[],"_links":{"self":[{"href":"https:\/\/www.claret.cat\/es\/wp-json\/wp\/v2\/product\/90956","targetHints":{"allow":["GET"]}}],"collection":[{"href":"https:\/\/www.claret.cat\/es\/wp-json\/wp\/v2\/product"}],"about":[{"href":"https:\/\/www.claret.cat\/es\/wp-json\/wp\/v2\/types\/product"}],"wp:featuredmedia":[{"embeddable":true,"href":"https:\/\/www.claret.cat\/es\/wp-json\/wp\/v2\/media\/90957"}],"wp:attachment":[{"href":"https:\/\/www.claret.cat\/es\/wp-json\/wp\/v2\/media?parent=90956"}],"wp:term":[{"taxonomy":"product_brand","embeddable":true,"href":"https:\/\/www.claret.cat\/es\/wp-json\/wp\/v2\/product_brand?post=90956"},{"taxonomy":"product_cat","embeddable":true,"href":"https:\/\/www.claret.cat\/es\/wp-json\/wp\/v2\/product_cat?post=90956"},{"taxonomy":"product_tag","embeddable":true,"href":"https:\/\/www.claret.cat\/es\/wp-json\/wp\/v2\/product_tag?post=90956"}],"curies":[{"name":"wp","href":"https:\/\/api.w.org\/{rel}","templated":true}]}}