{"id":91109,"date":"2022-10-11T21:18:14","date_gmt":"2022-10-11T19:18:14","guid":{"rendered":"http:\/\/dev.claret.cat\/producte\/el-libro-rojo-de-las-ninas\/"},"modified":"2023-03-20T16:05:44","modified_gmt":"2023-03-20T15:05:44","slug":"el-libro-rojo-de-las-ninas-9788412263602","status":"publish","type":"product","link":"https:\/\/www.claret.cat\/es\/libro\/el-libro-rojo-de-las-ninas-9788412263602\/","title":{"rendered":"EL LIBRO ROJO DE LAS NI\u00d1AS"},"content":{"rendered":"<p>El libro rojo de las ni\u00f1as naci\u00f3 para acompa\u00f1ar y moderar a las ni\u00f1as en su camino hacia la madurez, pero tambi\u00e9n es un libro para las madres y para todas las mujeres, porque nos ayuda a sanar heridas de nuestra propia ni\u00f1ez. Aunque no es solo un libro sobre la menstruaci\u00f3n, s\u00ed est\u00e1 muy presente desde una visi\u00f3n reconciliadora. Un libro ilustrado cuyas palabras e im\u00e1genes parecen susurrarle a nuestra psique (emociones-mente-esp\u00edritu) que es bueno obedecernos, escuchamos y amar nos. Dentro de esta edici\u00f3n especial ampliada de la editorial Contar en Tribu hay una valiosa carta para ti al final del libro, que te invita a explorar tu rico mundo interior, en perfecta sintoniza con el universo. No olvides que eres poderosa y que, aunque a\u00fan no puedas ver lo, no est\u00e1s separada, sino fuertemente unida al cosmos entero. La naturaleza sigue danzando ciclo a ciclo dentro de ti, record\u00e1ndote tu inquebrantable Uni\u00f3n con ella. Cristina Romero.<\/p>\n","protected":false},"excerpt":{"rendered":"<p>ROMERO, CRISTINA \/ MAR\u00cdN, FRANCIS<\/p>\n","protected":false},"featured_media":91110,"template":"","meta":{"_acf_changed":false,"om_disable_all_campaigns":false,"rs_blank_template":"","rs_page_bg_color":"","slide_template_v7":"","inline_featured_image":false,"_monsterinsights_skip_tracking":false,"_monsterinsights_sitenote_active":false,"_monsterinsights_sitenote_note":"","_monsterinsights_sitenote_category":0},"product_brand":[],"product_cat":[90,179,377,540],"product_tag":[],"class_list":{"0":"post-91109","1":"product","2":"type-product","3":"status-publish","4":"has-post-thumbnail","6":"product_cat-altres","7":"product_cat-autoajuda-i-salut-mental","8":"product_cat-autoayuda-y-salud-mental","9":"product_cat-otros","11":"first","12":"instock","13":"taxable","14":"shipping-taxable","15":"purchasable","16":"product-type-simple"},"acf":{"editorial":[{"ID":147660,"post_author":"3","post_date":"2022-10-14 11:52:17","post_date_gmt":"2022-10-14 09:52:17","post_content":"","post_title":"Contar en tribu","post_excerpt":"","post_status":"publish","comment_status":"closed","ping_status":"closed","post_password":"","post_name":"contar-en-tribu","to_ping":"","pinged":"","post_modified":"2022-10-14 11:52:17","post_modified_gmt":"2022-10-14 09:52:17","post_content_filtered":"","post_parent":0,"guid":"http:\/\/dev.claret.cat\/editorial\/contar-en-tribu\/","menu_order":0,"post_type":"editorial","post_mime_type":"","comment_count":"0","filter":"raw"}],"autores-libros":[{"ID":156193,"post_author":"3","post_date":"2022-10-14 15:18:51","post_date_gmt":"2022-10-14 13:18:51","post_content":"","post_title":"FRANCIS MARIN","post_excerpt":"","post_status":"publish","comment_status":"closed","ping_status":"closed","post_password":"","post_name":"francis-marin","to_ping":"","pinged":"","post_modified":"2022-10-14 15:18:51","post_modified_gmt":"2022-10-14 13:18:51","post_content_filtered":"","post_parent":0,"guid":"http:\/\/dev.claret.cat\/autor\/francis-marin\/","menu_order":0,"post_type":"autor","post_mime_type":"","comment_count":"0","filter":"raw"},{"ID":153389,"post_author":"3","post_date":"2022-10-14 14:56:23","post_date_gmt":"2022-10-14 12:56:23","post_content":"","post_title":"CRISTINA ROMERO","post_excerpt":"","post_status":"publish","comment_status":"closed","ping_status":"closed","post_password":"","post_name":"cristina-romero","to_ping":"","pinged":"","post_modified":"2022-10-14 14:56:23","post_modified_gmt":"2022-10-14 12:56:23","post_content_filtered":"","post_parent":0,"guid":"http:\/\/dev.claret.cat\/autor\/cristina-romero\/","menu_order":0,"post_type":"autor","post_mime_type":"","comment_count":"0","filter":"raw"}],"autor":"ROMERO, CRISTINA \/ MAR\u00cdN, FRANCIS","codart":"841226360","libros-coleccion":"CUENTOS EN TRIBU","ediciones":"1","encuadernacion":"Carton\u00e9","fecha_de_publicacion":"01\/02\/2021","novedad":"1","paginas":"45","subtitulo":"","orden":"0","portada":"0","idioma":"spa"},"aioseo_notices":[],"_links":{"self":[{"href":"https:\/\/www.claret.cat\/es\/wp-json\/wp\/v2\/product\/91109","targetHints":{"allow":["GET"]}}],"collection":[{"href":"https:\/\/www.claret.cat\/es\/wp-json\/wp\/v2\/product"}],"about":[{"href":"https:\/\/www.claret.cat\/es\/wp-json\/wp\/v2\/types\/product"}],"wp:featuredmedia":[{"embeddable":true,"href":"https:\/\/www.claret.cat\/es\/wp-json\/wp\/v2\/media\/91110"}],"wp:attachment":[{"href":"https:\/\/www.claret.cat\/es\/wp-json\/wp\/v2\/media?parent=91109"}],"wp:term":[{"taxonomy":"product_brand","embeddable":true,"href":"https:\/\/www.claret.cat\/es\/wp-json\/wp\/v2\/product_brand?post=91109"},{"taxonomy":"product_cat","embeddable":true,"href":"https:\/\/www.claret.cat\/es\/wp-json\/wp\/v2\/product_cat?post=91109"},{"taxonomy":"product_tag","embeddable":true,"href":"https:\/\/www.claret.cat\/es\/wp-json\/wp\/v2\/product_tag?post=91109"}],"curies":[{"name":"wp","href":"https:\/\/api.w.org\/{rel}","templated":true}]}}