{"id":91136,"date":"2022-10-11T21:18:35","date_gmt":"2022-10-11T19:18:35","guid":{"rendered":"http:\/\/dev.claret.cat\/producte\/virus-y-vacunas-futuros-genios\/"},"modified":"2023-01-28T17:40:08","modified_gmt":"2023-01-28T16:40:08","slug":"virus-y-vacunas-futuros-genios-9788448857844","status":"publish","type":"product","link":"https:\/\/www.claret.cat\/es\/libro\/virus-y-vacunas-futuros-genios-9788448857844\/","title":{"rendered":"VIRUS Y VACUNAS (FUTUROS GENIOS)"},"content":{"rendered":"<p>\u00a1Descubre los secretos de la ciencia con \u00abFuturos Genios\u00bb!  \u00bfSabes qu\u00e9 son los virus, d\u00f3nde viven y c\u00f3mo? \u00bfSabes por qu\u00e9 a veces es  tan complicado luchar contra ellos? \u00bfY sabes c\u00f3mo se hacen las vacunas?  Acompa\u00f1a a Valentina y a la vaquita Pasteur en una nueva aventura \u00a1y lo aprender\u00e1s todo sobre los virus y las vacunas! \u00abFuturos Genios\u00bb es una colecci\u00f3n pensada para compartir un momento  de lectura y aprendizaje en familia. A trav\u00e9s de ilustraciones sencillas  y divertidas, Carlos Pazos, divulgador cient\u00edfico conocido por su blog  Mola Saber, explica las nociones b\u00e1sicas de conceptos cient\u00edficos  generales y da respuestas -comprensibles para grandes y peque\u00f1os- a preguntas que todos nos hemos planteado alguna vez.<\/p>\n","protected":false},"excerpt":{"rendered":"<p>PAZOS, CARLOS<\/p>\n","protected":false},"featured_media":91137,"template":"","meta":{"_acf_changed":false,"om_disable_all_campaigns":false,"rs_blank_template":"","rs_page_bg_color":"","slide_template_v7":"","inline_featured_image":false,"_monsterinsights_skip_tracking":false,"_monsterinsights_sitenote_active":false,"_monsterinsights_sitenote_note":"","_monsterinsights_sitenote_category":0},"product_brand":[],"product_cat":[132],"product_tag":[],"class_list":{"0":"post-91136","1":"product","2":"type-product","3":"status-publish","4":"has-post-thumbnail","6":"product_cat-lectures-per-preadolescents-6-12-anys","8":"first","9":"instock","10":"taxable","11":"shipping-taxable","12":"purchasable","13":"product-type-simple"},"acf":{"editorial":[{"ID":6141,"post_author":"3","post_date":"2022-07-28 17:45:46","post_date_gmt":"2022-07-28 15:45:46","post_content":"","post_title":"BEASCOA","post_excerpt":"","post_status":"publish","comment_status":"closed","ping_status":"closed","post_password":"","post_name":"beascoa","to_ping":"","pinged":"","post_modified":"2022-07-28 17:45:46","post_modified_gmt":"2022-07-28 15:45:46","post_content_filtered":"","post_parent":0,"guid":"http:\/\/dev.claret.cat\/editorial\/beascoa\/","menu_order":0,"post_type":"editorial","post_mime_type":"","comment_count":"0","filter":"raw"}],"autor":"PAZOS, CARLOS","codart":"844885784","libros-coleccion":"FORA DE COL.LECCI\u00d3","ediciones":"1","encuadernacion":"Carton\u00e9","fecha_de_publicacion":"01\/04\/2021","novedad":"1","paginas":"24","subtitulo":"LA CIENCIA EXPLICADA A LOS M\u00c1S PEQUE\u00d1OS","orden":"0","portada":"0","idioma":"spa","autores-libros":[{"ID":152302,"post_author":"3","post_date":"2022-10-14 14:47:41","post_date_gmt":"2022-10-14 12:47:41","post_content":"","post_title":"CARLOS PAZOS","post_excerpt":"","post_status":"publish","comment_status":"closed","ping_status":"closed","post_password":"","post_name":"carlos-pazos","to_ping":"","pinged":"","post_modified":"2022-10-14 14:47:41","post_modified_gmt":"2022-10-14 12:47:41","post_content_filtered":"","post_parent":0,"guid":"http:\/\/dev.claret.cat\/autor\/carlos-pazos\/","menu_order":0,"post_type":"autor","post_mime_type":"","comment_count":"0","filter":"raw"}]},"aioseo_notices":[],"_links":{"self":[{"href":"https:\/\/www.claret.cat\/es\/wp-json\/wp\/v2\/product\/91136","targetHints":{"allow":["GET"]}}],"collection":[{"href":"https:\/\/www.claret.cat\/es\/wp-json\/wp\/v2\/product"}],"about":[{"href":"https:\/\/www.claret.cat\/es\/wp-json\/wp\/v2\/types\/product"}],"wp:featuredmedia":[{"embeddable":true,"href":"https:\/\/www.claret.cat\/es\/wp-json\/wp\/v2\/media\/91137"}],"wp:attachment":[{"href":"https:\/\/www.claret.cat\/es\/wp-json\/wp\/v2\/media?parent=91136"}],"wp:term":[{"taxonomy":"product_brand","embeddable":true,"href":"https:\/\/www.claret.cat\/es\/wp-json\/wp\/v2\/product_brand?post=91136"},{"taxonomy":"product_cat","embeddable":true,"href":"https:\/\/www.claret.cat\/es\/wp-json\/wp\/v2\/product_cat?post=91136"},{"taxonomy":"product_tag","embeddable":true,"href":"https:\/\/www.claret.cat\/es\/wp-json\/wp\/v2\/product_tag?post=91136"}],"curies":[{"name":"wp","href":"https:\/\/api.w.org\/{rel}","templated":true}]}}