{"id":91203,"date":"2022-10-11T21:19:37","date_gmt":"2022-10-11T19:19:37","guid":{"rendered":"http:\/\/dev.claret.cat\/producte\/mi-hermano\/"},"modified":"2023-01-28T05:31:52","modified_gmt":"2023-01-28T04:31:52","slug":"mi-hermano-9788439738053","status":"publish","type":"product","link":"https:\/\/www.claret.cat\/es\/libro\/mi-hermano-9788439738053\/","title":{"rendered":"MI HERMANO"},"content":{"rendered":"<p>La obra m\u00e1s \u00edntima de Pennac, una memoria que convierte al Bartleby  de Melville en un espejo para comprender y recordar a su hermano. En su libro m\u00e1s personal hasta la fecha, Daniel Pennac recuerda de la  manera m\u00e1s emotiva y original a su hermano fallecido: a trav\u00e9s de la  figura de Bartleby, el c\u00e9lebre escribiente de Herman Melville. As\u00ed,  Pennac ampl\u00eda las costuras de la literatura de duelo y se sirve de su amor por las letras para crear unas memorias preciosas. El autor parte de una certeza compartida por todos: nunca llegamos a  conocer en su totalidad a nuestros seres m\u00e1s queridos. Con el objetivo  de comprender mejor a su hermano, Pennac revisita al escribiente  procrastinador de Melville, un personaje muy querido por los dos, y le  convierte en una suerte de espejo en el que observar y recordar a  Bernard. As\u00ed Pennac firma un libro de una ternura infinita que se convierte a la vez en una oda a la literatura. La cr\u00edtica ha dicho&#8230;<br \/>\u00abUn texto de una gran belleza.\u00bb<br \/>Le Figaro \u00abEl escritor rinde un bello homenaje a quien le transmiti\u00f3 el amor por  la literatura, su hermano mayor Bernard, tan parecido al personaje de Melville.\u00bb<br \/>Le Monde \u00abMagn\u00edfica historia, un grito sobrecogedor de amor al hermano desaparecido.\u00bb<br \/>L&#8221;Express \u00abEl escritor franc\u00e9s da voz a una dimensi\u00f3n \u00edntima\u00bb<br \/>Eleonora Groppetti, Corriere di Novara \u00abLa fragilidad de los supervivientes.\u00bb<br \/>Nadia Terranova, Il Foglio \u00abPennac [&#8230;] no necesita ganarse el coraz\u00f3n de sus lectores. Ya est\u00e1 en sus corazones.\u00bb<br \/>Eleonora Groppetti, Corriere di Novara \u00abUn homenaje al hermano amado y perdido.\u00bb<br \/>La Repubblica \u00abRefinado.\u00bb<br \/>Corriere di Novara \u00abUna novela que describe la figura del hermano perdido, entre los recuerdos personales y la literatura.\u00bb<br \/>La Stampa \u00abEsta historia de construcci\u00f3n admirable est\u00e1 impregnada tanto por la  ternura hacia un hermano como por el amor hacia la literatura. Jam\u00e1s se  ha encontrado nada mejor para prolongar la vida de los desaparecidos. Daniel Pennac lo logra con una naturalidad abrumadora.\u00bb<br \/>Olivia de Lamberterie, Elle France \u00abCon una ternura infinita, Daniel Pennac habla de la distancia y el  humor de su hermano, el placer de su compa\u00f1\u00eda, su presencia atenta y discreta.\u00bb<br \/>Michel Abescat, T\u00e9l\u00e9rama \u00abUn libro de una gran belleza melanc\u00f3lica donde Daniel Pennac -el  seductor, el profesor que agrada a su p\u00fablico- abandona el centro  de atenci\u00f3n para revelar la originalidad herida, la renuncia de su hermano so\u00f1ador.\u00bb<br \/>Patrick Grainville, Le Figaro Litt\u00e9raire<\/p>\n","protected":false},"excerpt":{"rendered":"<p>PENNAC, DANIEL<\/p>\n","protected":false},"featured_media":91204,"template":"","meta":{"_acf_changed":false,"om_disable_all_campaigns":false,"rs_blank_template":"","rs_page_bg_color":"","slide_template_v7":"","inline_featured_image":false,"_monsterinsights_skip_tracking":false,"_monsterinsights_sitenote_active":false,"_monsterinsights_sitenote_note":"","_monsterinsights_sitenote_category":0},"product_brand":[],"product_cat":[127],"product_tag":[],"class_list":{"0":"post-91203","1":"product","2":"type-product","3":"status-publish","4":"has-post-thumbnail","6":"product_cat-novella-contemporania","8":"first","9":"instock","10":"taxable","11":"shipping-taxable","12":"purchasable","13":"product-type-simple"},"acf":{"editorial":[{"ID":6290,"post_author":"3","post_date":"2022-07-28 17:49:01","post_date_gmt":"2022-07-28 15:49:01","post_content":"","post_title":"LITERATURA RANDOM HOUSE","post_excerpt":"","post_status":"publish","comment_status":"closed","ping_status":"closed","post_password":"","post_name":"literatura-random-house","to_ping":"","pinged":"","post_modified":"2022-07-28 17:49:01","post_modified_gmt":"2022-07-28 15:49:01","post_content_filtered":"","post_parent":0,"guid":"http:\/\/dev.claret.cat\/editorial\/literatura-random-house\/","menu_order":0,"post_type":"editorial","post_mime_type":"","comment_count":"0","filter":"raw"}],"autor":"PENNAC, DANIEL","codart":"843973805","libros-coleccion":"Literatura Random House","ediciones":"1","encuadernacion":"R\u00fastica","fecha_de_publicacion":"01\/04\/2021","novedad":"1","paginas":"121","subtitulo":"","orden":"0","portada":"0","idioma":"spa","autores-libros":[{"ID":153626,"post_author":"3","post_date":"2022-10-14 14:58:14","post_date_gmt":"2022-10-14 12:58:14","post_content":"","post_title":"DANIEL PENNAC","post_excerpt":"","post_status":"publish","comment_status":"closed","ping_status":"closed","post_password":"","post_name":"daniel-pennac","to_ping":"","pinged":"","post_modified":"2022-10-14 14:58:14","post_modified_gmt":"2022-10-14 12:58:14","post_content_filtered":"","post_parent":0,"guid":"http:\/\/dev.claret.cat\/autor\/daniel-pennac\/","menu_order":0,"post_type":"autor","post_mime_type":"","comment_count":"0","filter":"raw"}]},"aioseo_notices":[],"_links":{"self":[{"href":"https:\/\/www.claret.cat\/es\/wp-json\/wp\/v2\/product\/91203","targetHints":{"allow":["GET"]}}],"collection":[{"href":"https:\/\/www.claret.cat\/es\/wp-json\/wp\/v2\/product"}],"about":[{"href":"https:\/\/www.claret.cat\/es\/wp-json\/wp\/v2\/types\/product"}],"wp:featuredmedia":[{"embeddable":true,"href":"https:\/\/www.claret.cat\/es\/wp-json\/wp\/v2\/media\/91204"}],"wp:attachment":[{"href":"https:\/\/www.claret.cat\/es\/wp-json\/wp\/v2\/media?parent=91203"}],"wp:term":[{"taxonomy":"product_brand","embeddable":true,"href":"https:\/\/www.claret.cat\/es\/wp-json\/wp\/v2\/product_brand?post=91203"},{"taxonomy":"product_cat","embeddable":true,"href":"https:\/\/www.claret.cat\/es\/wp-json\/wp\/v2\/product_cat?post=91203"},{"taxonomy":"product_tag","embeddable":true,"href":"https:\/\/www.claret.cat\/es\/wp-json\/wp\/v2\/product_tag?post=91203"}],"curies":[{"name":"wp","href":"https:\/\/api.w.org\/{rel}","templated":true}]}}