{"id":91243,"date":"2022-10-11T21:20:12","date_gmt":"2022-10-11T19:20:12","guid":{"rendered":"http:\/\/dev.claret.cat\/producte\/vidas-paralelas-alejandro-cesar\/"},"modified":"2025-02-04T17:39:17","modified_gmt":"2025-02-04T16:39:17","slug":"vidas-paralelas-alejandrocesar-9788424939649","status":"publish","type":"product","link":"https:\/\/www.claret.cat\/es\/libro\/vidas-paralelas-alejandrocesar-9788424939649\/","title":{"rendered":"VIDAS PARALELAS. ALEJANDRO-C\u00c9SAR"},"content":{"rendered":"<p>Las Vidas paralelas son la expresi\u00f3n m\u00e1s perfecta y rica de la personalidad de Plutarco. En esta amplia colecci\u00f3n biogr\u00e1fica se funden el erudito, el fil\u00f3sofo, el moralista y el hombre interesado por el pasado, que busca en las grandes virtudes de sus h\u00e9roes una aplicaci\u00f3n pr\u00e1ctica de sus teor\u00edas \u00e9ticas. Por eso, esta gran obra logra que los lectores penetren en el alma, y no solo en los hechos, de los grandes art\u00edfices de la historia griega y romana.Dentro de este conjunto, las vidas de Alejandro Magno y Julio C\u00e9sar constituyen una de sus parejas m\u00e1s c\u00e9lebres y tambi\u00e9n una de las m\u00e1s acertadas en un punto capital: se trata sin duda de los dos mayores conquistadores del mundo griego y de Roma. Con su prosa cuidada, Plutarco sabe explorar y destacar algunos de los rasgos comunes a ambos, como la ambici\u00f3n desmedida, la resistencia extrema a la fatiga y las pretensiones de descender de dioses.&#8217;Quienes no deseen gastar el breve tiempo de nuestra vida leyendo en novelas triviales las vacuidades de hueros personajillos inventados por escritores de poco fuste har\u00e1n bien en dedicar algunos ratos a las Vidas paralelas de Plutarco, empezando, quiz\u00e1, por peripecias asombrosas de Alejandro Magno y Julio C\u00e9sar&#8217;. Ignacio Arellano<\/p>\n","protected":false},"excerpt":{"rendered":"<p>PLUTARCO<\/p>\n","protected":false},"featured_media":91244,"template":"","meta":{"_acf_changed":false,"om_disable_all_campaigns":false,"rs_blank_template":"","rs_page_bg_color":"","slide_template_v7":"","inline_featured_image":false,"_monsterinsights_skip_tracking":false,"_monsterinsights_sitenote_active":false,"_monsterinsights_sitenote_note":"","_monsterinsights_sitenote_category":0},"product_brand":[],"product_cat":[148,367],"product_tag":[],"class_list":{"0":"post-91243","1":"product","2":"type-product","3":"status-publish","4":"has-post-thumbnail","6":"product_cat-antiga","7":"product_cat-antigua","9":"first","10":"instock","11":"taxable","12":"shipping-taxable","13":"purchasable","14":"product-type-simple"},"acf":{"autor":"PLUTARCO","codart":"842493964","libros-coleccion":"FORA DE COL.LECCI\u00d3","ediciones":"1","encuadernacion":"R\u00fastica","fecha_de_publicacion":"01\/04\/2021","novedad":"1","paginas":"207","subtitulo":"","orden":"0","portada":"0","idioma":"spa","editorial":[{"ID":148225,"post_author":"3","post_date":"2022-10-14 11:56:36","post_date_gmt":"2022-10-14 09:56:36","post_content":"","post_title":"Gredos","post_excerpt":"","post_status":"publish","comment_status":"closed","ping_status":"closed","post_password":"","post_name":"gredos","to_ping":"","pinged":"","post_modified":"2022-10-14 11:56:36","post_modified_gmt":"2022-10-14 09:56:36","post_content_filtered":"","post_parent":0,"guid":"http:\/\/dev.claret.cat\/editorial\/gredos\/","menu_order":0,"post_type":"editorial","post_mime_type":"","comment_count":"0","filter":"raw"}],"autores-libros":[{"ID":167371,"post_author":"3","post_date":"2022-10-14 18:10:40","post_date_gmt":"2022-10-14 16:10:40","post_content":"","post_title":"PLUTARCO","post_excerpt":"","post_status":"publish","comment_status":"closed","ping_status":"closed","post_password":"","post_name":"plutarco","to_ping":"","pinged":"","post_modified":"2022-10-14 18:10:40","post_modified_gmt":"2022-10-14 16:10:40","post_content_filtered":"","post_parent":0,"guid":"http:\/\/dev.claret.cat\/autor\/plutarco\/","menu_order":0,"post_type":"autor","post_mime_type":"","comment_count":"0","filter":"raw"}]},"aioseo_notices":[],"_links":{"self":[{"href":"https:\/\/www.claret.cat\/es\/wp-json\/wp\/v2\/product\/91243","targetHints":{"allow":["GET"]}}],"collection":[{"href":"https:\/\/www.claret.cat\/es\/wp-json\/wp\/v2\/product"}],"about":[{"href":"https:\/\/www.claret.cat\/es\/wp-json\/wp\/v2\/types\/product"}],"wp:featuredmedia":[{"embeddable":true,"href":"https:\/\/www.claret.cat\/es\/wp-json\/wp\/v2\/media\/91244"}],"wp:attachment":[{"href":"https:\/\/www.claret.cat\/es\/wp-json\/wp\/v2\/media?parent=91243"}],"wp:term":[{"taxonomy":"product_brand","embeddable":true,"href":"https:\/\/www.claret.cat\/es\/wp-json\/wp\/v2\/product_brand?post=91243"},{"taxonomy":"product_cat","embeddable":true,"href":"https:\/\/www.claret.cat\/es\/wp-json\/wp\/v2\/product_cat?post=91243"},{"taxonomy":"product_tag","embeddable":true,"href":"https:\/\/www.claret.cat\/es\/wp-json\/wp\/v2\/product_tag?post=91243"}],"curies":[{"name":"wp","href":"https:\/\/api.w.org\/{rel}","templated":true}]}}