{"id":91333,"date":"2022-10-11T21:21:25","date_gmt":"2022-10-11T19:21:25","guid":{"rendered":"http:\/\/dev.claret.cat\/producte\/san-jose-en-la-fe-de-la-iglesia-antologia-de-textos\/"},"modified":"2023-10-31T09:48:22","modified_gmt":"2023-10-31T08:48:22","slug":"san-jose-en-la-fe-de-la-iglesia-antologia-de-textos-9788422021834","status":"publish","type":"product","link":"https:\/\/www.claret.cat\/es\/libro\/san-jose-en-la-fe-de-la-iglesia-antologia-de-textos-9788422021834\/","title":{"rendered":"SAN JOSE EN LA FE DE LA IGLESIA ANTOLOGIA DE TEXTOS"},"content":{"rendered":"<p>Esta antolog\u00eda no es exhaustiva. Tampoco va directamente orientada a lo devocional. Al respecto hay muchos textos que podr\u00edan haber sido incluidos. Lo que se ha pretendido es se\u00f1alar los hitos fundamentales en la comprensi\u00f3n de la figura de San Jos\u00e9. Para ello se han tenido en cuenta las ense\u00f1anzas del Magisterio y de los santos, aunque no han podido obviarse otros autores que, por su importancia, en la josefolog\u00eda, no deb\u00edan faltar en este trabajo. Pretendemos as\u00ed que no se cierre la reflexi\u00f3n sobre el Patriarca del Pueblo de Dios, confiando en que un estudio m\u00e1s amplio de su figura redundar\u00e1 no s\u00f3lo en el campo de la teolog\u00eda, sino tambi\u00e9n en el de la vida de la Iglesia.<\/p>\n","protected":false},"excerpt":{"rendered":"<p>CANALS VIDAL,FRANCISCO<\/p>\n","protected":false},"featured_media":451064,"template":"","meta":{"_acf_changed":false,"om_disable_all_campaigns":false,"rs_blank_template":"","rs_page_bg_color":"","slide_template_v7":"","inline_featured_image":false,"_monsterinsights_skip_tracking":false,"_monsterinsights_sitenote_active":false,"_monsterinsights_sitenote_note":"","_monsterinsights_sitenote_category":0},"product_brand":[],"product_cat":[92,542],"product_tag":[],"class_list":{"0":"post-91333","1":"product","2":"type-product","3":"status-publish","4":"has-post-thumbnail","6":"product_cat-vida-religiosa","7":"product_cat-vida-religiosa-1_espiritualidad-spa","9":"first","10":"instock","11":"taxable","12":"shipping-taxable","13":"purchasable","14":"product-type-simple"},"acf":{"editorial":[{"ID":6142,"post_author":"3","post_date":"2022-07-28 17:45:47","post_date_gmt":"2022-07-28 15:45:47","post_content":"","post_title":"BIBLIOTECA AUTORES CRI   B.A.C","post_excerpt":"","post_status":"publish","comment_status":"closed","ping_status":"closed","post_password":"","post_name":"biblioteca-autores-cri-b-a-c","to_ping":"","pinged":"","post_modified":"2022-07-28 17:45:47","post_modified_gmt":"2022-07-28 15:45:47","post_content_filtered":"","post_parent":0,"guid":"http:\/\/dev.claret.cat\/editorial\/biblioteca-autores-cri-b-a-c\/","menu_order":0,"post_type":"editorial","post_mime_type":"","comment_count":"0","filter":"raw"}],"autor":"CANALS VIDAL,FRANCISCO","codart":"842202183","libros-coleccion":"ESTUDIOS Y ENSAYOS","ediciones":"1","encuadernacion":"Carpeta","fecha_de_publicacion":"01\/04\/2021","novedad":"1","paginas":"277","subtitulo":"","orden":"0","portada":"0","idioma":"spa","autores-libros":[{"ID":156220,"post_author":"3","post_date":"2022-10-14 15:19:04","post_date_gmt":"2022-10-14 13:19:04","post_content":"","post_title":"FRANCISCO CANALS VIDAL","post_excerpt":"","post_status":"publish","comment_status":"closed","ping_status":"closed","post_password":"","post_name":"francisco-canals-vidal","to_ping":"","pinged":"","post_modified":"2022-10-14 15:19:04","post_modified_gmt":"2022-10-14 13:19:04","post_content_filtered":"","post_parent":0,"guid":"http:\/\/dev.claret.cat\/autor\/francisco-canals-vidal\/","menu_order":0,"post_type":"autor","post_mime_type":"","comment_count":"0","filter":"raw"}]},"aioseo_notices":[],"_links":{"self":[{"href":"https:\/\/www.claret.cat\/es\/wp-json\/wp\/v2\/product\/91333","targetHints":{"allow":["GET"]}}],"collection":[{"href":"https:\/\/www.claret.cat\/es\/wp-json\/wp\/v2\/product"}],"about":[{"href":"https:\/\/www.claret.cat\/es\/wp-json\/wp\/v2\/types\/product"}],"wp:featuredmedia":[{"embeddable":true,"href":"https:\/\/www.claret.cat\/es\/wp-json\/wp\/v2\/media\/451064"}],"wp:attachment":[{"href":"https:\/\/www.claret.cat\/es\/wp-json\/wp\/v2\/media?parent=91333"}],"wp:term":[{"taxonomy":"product_brand","embeddable":true,"href":"https:\/\/www.claret.cat\/es\/wp-json\/wp\/v2\/product_brand?post=91333"},{"taxonomy":"product_cat","embeddable":true,"href":"https:\/\/www.claret.cat\/es\/wp-json\/wp\/v2\/product_cat?post=91333"},{"taxonomy":"product_tag","embeddable":true,"href":"https:\/\/www.claret.cat\/es\/wp-json\/wp\/v2\/product_tag?post=91333"}],"curies":[{"name":"wp","href":"https:\/\/api.w.org\/{rel}","templated":true}]}}