{"id":9136,"date":"2022-09-30T19:35:19","date_gmt":"2022-09-30T17:35:19","guid":{"rendered":"http:\/\/dev.claret.cat\/producte\/bali-de-cerca-3\/"},"modified":"2023-01-28T06:21:59","modified_gmt":"2023-01-28T05:21:59","slug":"bali-de-cerca-3-9788408173892","status":"publish","type":"product","link":"https:\/\/www.claret.cat\/es\/libro\/bali-de-cerca-3-9788408173892\/","title":{"rendered":"BALI DE CERCA 3"},"content":{"rendered":"<p>Solo mencionar Bali supone evocar el para\u00edso. Es m\u00e1s que un destino: es un estado de \u00e1nimo, una aspiraci\u00f3n o un estado mental. La rica cultura de Bali se refleja en todos los \u00e1mbitos de la vida, desde las exquisitas ofrendas de p\u00e9talos de flores hasta la danza y m\u00fasica tradicionales. Si a todo ello se suman sus bellas playas, surf de fama mundial, una soberbia oferta gastron\u00f3mica, deslumbrantes puestas de sol y bellos paseos, Bali resulta insuperable.<br \/>*Lamentamos informar que la gu\u00eda Bali de cerca no lleva &#8216;Mapa desplegable&#8217; tal y como se anuncia en la contracubierta. Pedimos disculpas por este desafortunado error.*<\/p>\n","protected":false},"excerpt":{"rendered":"<p>BERKMOES, RYAN VER \/ BANNISTER, IMOGEN<\/p>\n","protected":false},"featured_media":71202,"template":"","meta":{"_acf_changed":false,"om_disable_all_campaigns":false,"rs_blank_template":"","rs_page_bg_color":"","slide_template_v7":"","inline_featured_image":false,"_monsterinsights_skip_tracking":false,"_monsterinsights_sitenote_active":false,"_monsterinsights_sitenote_note":"","_monsterinsights_sitenote_category":0},"product_brand":[],"product_cat":[107],"product_tag":[],"class_list":{"0":"post-9136","1":"product","2":"type-product","3":"status-publish","4":"has-post-thumbnail","6":"product_cat-guies-de-viatge","8":"first","9":"instock","10":"taxable","11":"shipping-taxable","12":"purchasable","13":"product-type-simple"},"acf":{"autor":"BERKMOES, RYAN VER \/ BANNISTER, IMOGEN","codart":"840817389","libros-coleccion":"LONELY PLANET-GU\u00cdAS DE CERCA","ediciones":"1","encuadernacion":"R\u00fastica","fecha_de_publicacion":"01\/10\/2017","novedad":"1","paginas":"160","subtitulo":"","orden":"0","portada":"0","idioma":"spa","editorial":[{"ID":6377,"post_author":"3","post_date":"2022-07-28 17:50:53","post_date_gmt":"2022-07-28 15:50:53","post_content":"","post_title":"Timun Mas CAT","post_excerpt":"","post_status":"publish","comment_status":"closed","ping_status":"closed","post_password":"","post_name":"timun-mas-cat","to_ping":"","pinged":"","post_modified":"2022-07-28 17:50:53","post_modified_gmt":"2022-07-28 15:50:53","post_content_filtered":"","post_parent":0,"guid":"http:\/\/dev.claret.cat\/editorial\/timun-mas-cat\/","menu_order":0,"post_type":"editorial","post_mime_type":"","comment_count":"0","filter":"raw"}],"autores-libros":[{"ID":157870,"post_author":"3","post_date":"2022-10-14 15:32:18","post_date_gmt":"2022-10-14 13:32:18","post_content":"","post_title":"IMOGEN BANNISTER","post_excerpt":"","post_status":"publish","comment_status":"closed","ping_status":"closed","post_password":"","post_name":"imogen-bannister","to_ping":"","pinged":"","post_modified":"2022-10-14 15:32:18","post_modified_gmt":"2022-10-14 13:32:18","post_content_filtered":"","post_parent":0,"guid":"http:\/\/dev.claret.cat\/autor\/imogen-bannister\/","menu_order":0,"post_type":"autor","post_mime_type":"","comment_count":"0","filter":"raw"},{"ID":168725,"post_author":"3","post_date":"2022-10-14 22:21:26","post_date_gmt":"2022-10-14 20:21:26","post_content":"","post_title":"RYAN VER BERKMOES","post_excerpt":"","post_status":"publish","comment_status":"closed","ping_status":"closed","post_password":"","post_name":"ryan-ver-berkmoes","to_ping":"","pinged":"","post_modified":"2022-10-14 22:21:26","post_modified_gmt":"2022-10-14 20:21:26","post_content_filtered":"","post_parent":0,"guid":"http:\/\/dev.claret.cat\/autor\/ryan-ver-berkmoes\/","menu_order":0,"post_type":"autor","post_mime_type":"","comment_count":"0","filter":"raw"}]},"aioseo_notices":[],"_links":{"self":[{"href":"https:\/\/www.claret.cat\/es\/wp-json\/wp\/v2\/product\/9136","targetHints":{"allow":["GET"]}}],"collection":[{"href":"https:\/\/www.claret.cat\/es\/wp-json\/wp\/v2\/product"}],"about":[{"href":"https:\/\/www.claret.cat\/es\/wp-json\/wp\/v2\/types\/product"}],"wp:featuredmedia":[{"embeddable":true,"href":"https:\/\/www.claret.cat\/es\/wp-json\/wp\/v2\/media\/71202"}],"wp:attachment":[{"href":"https:\/\/www.claret.cat\/es\/wp-json\/wp\/v2\/media?parent=9136"}],"wp:term":[{"taxonomy":"product_brand","embeddable":true,"href":"https:\/\/www.claret.cat\/es\/wp-json\/wp\/v2\/product_brand?post=9136"},{"taxonomy":"product_cat","embeddable":true,"href":"https:\/\/www.claret.cat\/es\/wp-json\/wp\/v2\/product_cat?post=9136"},{"taxonomy":"product_tag","embeddable":true,"href":"https:\/\/www.claret.cat\/es\/wp-json\/wp\/v2\/product_tag?post=9136"}],"curies":[{"name":"wp","href":"https:\/\/api.w.org\/{rel}","templated":true}]}}