{"id":91420,"date":"2022-10-11T21:22:35","date_gmt":"2022-10-11T19:22:35","guid":{"rendered":"http:\/\/dev.claret.cat\/producte\/mikeltube-4-contra-el-hacker-2-0\/"},"modified":"2023-01-28T16:14:13","modified_gmt":"2023-01-28T15:14:13","slug":"mikeltube-4-contra-el-hacker-20-9788408240396","status":"publish","type":"product","link":"https:\/\/www.claret.cat\/es\/libro\/mikeltube-4-contra-el-hacker-20-9788408240396\/","title":{"rendered":"MIKELTUBE 4. CONTRA EL HACKER 2.0"},"content":{"rendered":"<p>El Profesor NoVe est\u00e1 que trina: un nuevo supervillano ha aparecido en escena y pretende encontrar la pr\u00f3xima Fuente de Poder. \u00a1Es el malvado Hacker!\u00a0<br \/> Mikel y Leo tendr\u00e1n que visitar la misteriosa Dimensi\u00f3n 23 para evitar que el Hacker robe la cuarta Br\u00fajula del Destino a un Profesor NoVe extra\u00f1amente inexperto, y regresar al futuro para evitar que el Hacker entre en la Fuente de Poder submarina y se convierta en&#8230; \u00a1el Hacker 2.0!<br \/> \u00bfPodr\u00e1n lograr que se produzca este nuevo desastre? Solo hay una forma de saberlo\u2026<br \/> \u00a1\u00bfEst\u00e1is listos?! Pues\u2026<br \/> \u00a1VAMOS ALL\u00c1!<\/p>\n","protected":false},"excerpt":{"rendered":"<p>MIKELTUBE<\/p>\n","protected":false},"featured_media":91421,"template":"","meta":{"_acf_changed":false,"om_disable_all_campaigns":false,"rs_blank_template":"","rs_page_bg_color":"","slide_template_v7":"","inline_featured_image":false,"_monsterinsights_skip_tracking":false,"_monsterinsights_sitenote_active":false,"_monsterinsights_sitenote_note":"","_monsterinsights_sitenote_category":0},"product_brand":[],"product_cat":[132],"product_tag":[],"class_list":{"0":"post-91420","1":"product","2":"type-product","3":"status-publish","4":"has-post-thumbnail","6":"product_cat-lectures-per-preadolescents-6-12-anys","8":"first","9":"instock","10":"taxable","11":"shipping-taxable","12":"purchasable","13":"product-type-simple"},"acf":{"editorial":[{"ID":6233,"post_author":"3","post_date":"2022-07-28 17:47:48","post_date_gmt":"2022-07-28 15:47:48","post_content":"","post_title":"EDITORIAL PLANETA","post_excerpt":"","post_status":"publish","comment_status":"closed","ping_status":"closed","post_password":"","post_name":"editorial-planeta","to_ping":"","pinged":"","post_modified":"2022-07-28 17:47:48","post_modified_gmt":"2022-07-28 15:47:48","post_content_filtered":"","post_parent":0,"guid":"http:\/\/dev.claret.cat\/editorial\/editorial-planeta\/","menu_order":0,"post_type":"editorial","post_mime_type":"","comment_count":"0","filter":"raw"}],"autores-libros":[{"ID":165076,"post_author":"3","post_date":"2022-10-14 17:52:12","post_date_gmt":"2022-10-14 15:52:12","post_content":"","post_title":"MIKELTUBE","post_excerpt":"","post_status":"publish","comment_status":"closed","ping_status":"closed","post_password":"","post_name":"mikeltube","to_ping":"","pinged":"","post_modified":"2022-10-14 17:52:12","post_modified_gmt":"2022-10-14 15:52:12","post_content_filtered":"","post_parent":0,"guid":"http:\/\/dev.claret.cat\/autor\/mikeltube\/","menu_order":0,"post_type":"autor","post_mime_type":"","comment_count":"0","filter":"raw"}],"autor":"MIKELTUBE","codart":"840824039","libros-coleccion":"FORA DE COL.LECCI\u00d3","ediciones":"1","encuadernacion":"Carton\u00e9","fecha_de_publicacion":"01\/04\/2021","novedad":"1","paginas":"142","subtitulo":"","orden":"0","portada":"0","idioma":"spa"},"aioseo_notices":[],"_links":{"self":[{"href":"https:\/\/www.claret.cat\/es\/wp-json\/wp\/v2\/product\/91420","targetHints":{"allow":["GET"]}}],"collection":[{"href":"https:\/\/www.claret.cat\/es\/wp-json\/wp\/v2\/product"}],"about":[{"href":"https:\/\/www.claret.cat\/es\/wp-json\/wp\/v2\/types\/product"}],"wp:featuredmedia":[{"embeddable":true,"href":"https:\/\/www.claret.cat\/es\/wp-json\/wp\/v2\/media\/91421"}],"wp:attachment":[{"href":"https:\/\/www.claret.cat\/es\/wp-json\/wp\/v2\/media?parent=91420"}],"wp:term":[{"taxonomy":"product_brand","embeddable":true,"href":"https:\/\/www.claret.cat\/es\/wp-json\/wp\/v2\/product_brand?post=91420"},{"taxonomy":"product_cat","embeddable":true,"href":"https:\/\/www.claret.cat\/es\/wp-json\/wp\/v2\/product_cat?post=91420"},{"taxonomy":"product_tag","embeddable":true,"href":"https:\/\/www.claret.cat\/es\/wp-json\/wp\/v2\/product_tag?post=91420"}],"curies":[{"name":"wp","href":"https:\/\/api.w.org\/{rel}","templated":true}]}}