{"id":91477,"date":"2022-10-11T21:23:20","date_gmt":"2022-10-11T19:23:20","guid":{"rendered":"http:\/\/dev.claret.cat\/producte\/bisbes-martirs-menestrals-i-comerciants-a-la-basilica-dels-sants-martirs-just-i-pastor\/"},"modified":"2024-05-02T17:39:58","modified_gmt":"2024-05-02T15:39:58","slug":"bisbes-martirs-menestrals-i-comerciants-a-la-basilica-dels-sants-martirs-just-i-pastor-9788412279825","status":"publish","type":"product","link":"https:\/\/www.claret.cat\/es\/libro\/bisbes-martirs-menestrals-i-comerciants-a-la-basilica-dels-sants-martirs-just-i-pastor-9788412279825\/","title":{"rendered":"BISBES, M\u00c0RTIRS, MENESTRALS I COMERCIANTS A LA BAS\u00cdLICA DELS SANTS M\u00c0RTIRS JUST I PASTOR"},"content":{"rendered":"","protected":false},"excerpt":{"rendered":"<p>BELTR\u00c1N DE HEREDIA BERCERO, JULIA (ed.)<\/p>\n","protected":false},"featured_media":451377,"template":"","meta":{"_acf_changed":false,"om_disable_all_campaigns":false,"rs_blank_template":"","rs_page_bg_color":"","slide_template_v7":"","inline_featured_image":false,"_monsterinsights_skip_tracking":false,"_monsterinsights_sitenote_active":false,"_monsterinsights_sitenote_note":"","_monsterinsights_sitenote_category":0},"product_brand":[],"product_cat":[513,287],"product_tag":[],"class_list":{"0":"post-91477","1":"product","2":"type-product","3":"status-publish","4":"has-post-thumbnail","6":"product_cat-ministerios-ordenados","7":"product_cat-ministeris-ordenats","9":"first","10":"instock","11":"taxable","12":"shipping-taxable","13":"purchasable","14":"product-type-simple"},"acf":{"editorial":[{"ID":6253,"post_author":"3","post_date":"2022-07-28 17:48:14","post_date_gmt":"2022-07-28 15:48:14","post_content":"","post_title":"Facultat Teologia de Catalunya","post_excerpt":"","post_status":"publish","comment_status":"closed","ping_status":"closed","post_password":"","post_name":"facultat-teologia-de-catalunya","to_ping":"","pinged":"","post_modified":"2022-07-28 17:48:14","post_modified_gmt":"2022-07-28 15:48:14","post_content_filtered":"","post_parent":0,"guid":"http:\/\/dev.claret.cat\/editorial\/facultat-teologia-de-catalunya\/","menu_order":0,"post_type":"editorial","post_mime_type":"","comment_count":"0","filter":"raw"}],"autores-libros":[{"ID":161241,"post_author":"3","post_date":"2022-10-14 17:16:37","post_date_gmt":"2022-10-14 15:16:37","post_content":"","post_title":"JULIA (ed.) BELTR\u00c1N DE HEREDIA BERCERO","post_excerpt":"","post_status":"publish","comment_status":"closed","ping_status":"closed","post_password":"","post_name":"julia-ed-beltran-de-heredia-bercero","to_ping":"","pinged":"","post_modified":"2022-10-14 17:16:37","post_modified_gmt":"2022-10-14 15:16:37","post_content_filtered":"","post_parent":0,"guid":"http:\/\/dev.claret.cat\/autor\/julia-ed-beltran-de-heredia-bercero\/","menu_order":0,"post_type":"autor","post_mime_type":"","comment_count":"0","filter":"raw"}],"autor":"BELTR\u00c1N DE HEREDIA BERCERO, JULIA (ed.)","codart":"841227982","libros-coleccion":"","ediciones":"1","encuadernacion":"R\u00fastica","fecha_de_publicacion":"16\/04\/2021","novedad":"1","paginas":"270","subtitulo":"V JORNADES DE LES BAS\u00cdLIQUES HIST\u00d2RIQUES DE BARCELONA","orden":"0","portada":"0","idioma":"cat"},"aioseo_notices":[],"_links":{"self":[{"href":"https:\/\/www.claret.cat\/es\/wp-json\/wp\/v2\/product\/91477","targetHints":{"allow":["GET"]}}],"collection":[{"href":"https:\/\/www.claret.cat\/es\/wp-json\/wp\/v2\/product"}],"about":[{"href":"https:\/\/www.claret.cat\/es\/wp-json\/wp\/v2\/types\/product"}],"wp:featuredmedia":[{"embeddable":true,"href":"https:\/\/www.claret.cat\/es\/wp-json\/wp\/v2\/media\/451377"}],"wp:attachment":[{"href":"https:\/\/www.claret.cat\/es\/wp-json\/wp\/v2\/media?parent=91477"}],"wp:term":[{"taxonomy":"product_brand","embeddable":true,"href":"https:\/\/www.claret.cat\/es\/wp-json\/wp\/v2\/product_brand?post=91477"},{"taxonomy":"product_cat","embeddable":true,"href":"https:\/\/www.claret.cat\/es\/wp-json\/wp\/v2\/product_cat?post=91477"},{"taxonomy":"product_tag","embeddable":true,"href":"https:\/\/www.claret.cat\/es\/wp-json\/wp\/v2\/product_tag?post=91477"}],"curies":[{"name":"wp","href":"https:\/\/api.w.org\/{rel}","templated":true}]}}