{"id":91486,"date":"2022-10-11T21:23:27","date_gmt":"2022-10-11T19:23:27","guid":{"rendered":"http:\/\/dev.claret.cat\/producte\/despues-de-todo\/"},"modified":"2023-01-28T15:10:46","modified_gmt":"2023-01-28T14:10:46","slug":"despues-de-todo-9788441543522","status":"publish","type":"product","link":"https:\/\/www.claret.cat\/es\/libro\/despues-de-todo-9788441543522\/","title":{"rendered":"DESPU\u00c9S DE TODO"},"content":{"rendered":"<p>Los sentimientos no se razonan, se sienten. Y cuando se sienten, uno necesita ponerle nombres, poner palabras a todo lo que late por dentro. De ah\u00ed, de palabras que significan tanto y que no siempre lo parecen. De all\u00ed, de la belleza intr\u00ednseca de las palabras, que definen todo aquello que, a veces, no sabemos siquiera que est\u00e1 ocurriendo, que nos est\u00e1 haciendo re\u00edr o llorar. Pero que nos est\u00e1 haciendo sentir, vibrar y, en definitiva, vivir.<\/p>\n<p> Alejandro Sotodosos prende, de un hilo, palabras m\u00e1gicas, llenas de significado, y las cose a base de peque\u00f1os textos, de relatos a coraz\u00f3n abierto y con el alma en un pu\u00f1o. M\u00e1s de 80 palabras, 80 textos, y millones de significados. Tantos como personas y como momentos en los cuales los leen.<\/p>\n","protected":false},"excerpt":{"rendered":"<p>SOTODOSOS FERN\u00c1NDEZ, ALEJANDRO<\/p>\n","protected":false},"featured_media":91487,"template":"","meta":{"_acf_changed":false,"om_disable_all_campaigns":false,"rs_blank_template":"","rs_page_bg_color":"","slide_template_v7":"","inline_featured_image":false,"_monsterinsights_skip_tracking":false,"_monsterinsights_sitenote_active":false,"_monsterinsights_sitenote_note":"","_monsterinsights_sitenote_category":0},"product_brand":[],"product_cat":[16],"product_tag":[],"class_list":{"0":"post-91486","1":"product","2":"type-product","3":"status-publish","4":"has-post-thumbnail","6":"product_cat-sense-categoria","8":"first","9":"instock","10":"taxable","11":"shipping-taxable","12":"purchasable","13":"product-type-simple"},"acf":{"autor":"SOTODOSOS FERN\u00c1NDEZ, ALEJANDRO","codart":"844154352","libros-coleccion":"Libros Singulares","ediciones":"1","encuadernacion":"Carton\u00e9","fecha_de_publicacion":"01\/04\/2021","novedad":"1","paginas":"244","subtitulo":"Y DE TODOS. AQU\u00cd. Y AHORA","orden":"0","portada":"0","idioma":"spa","editorial":[{"ID":147434,"post_author":"3","post_date":"2022-10-14 11:50:33","post_date_gmt":"2022-10-14 09:50:33","post_content":"","post_title":"ANAYA MULTIMEDIA","post_excerpt":"","post_status":"publish","comment_status":"closed","ping_status":"closed","post_password":"","post_name":"anaya-multimedia","to_ping":"","pinged":"","post_modified":"2022-10-14 11:50:33","post_modified_gmt":"2022-10-14 09:50:33","post_content_filtered":"","post_parent":0,"guid":"http:\/\/dev.claret.cat\/editorial\/anaya-multimedia\/","menu_order":0,"post_type":"editorial","post_mime_type":"","comment_count":"0","filter":"raw"}],"autores-libros":[{"ID":149579,"post_author":"3","post_date":"2022-10-14 14:26:02","post_date_gmt":"2022-10-14 12:26:02","post_content":"","post_title":"ALEJANDRO SOTODOSOS FERN\u00c1NDEZ","post_excerpt":"","post_status":"publish","comment_status":"closed","ping_status":"closed","post_password":"","post_name":"alejandro-sotodosos-fernandez","to_ping":"","pinged":"","post_modified":"2022-10-14 14:26:02","post_modified_gmt":"2022-10-14 12:26:02","post_content_filtered":"","post_parent":0,"guid":"http:\/\/dev.claret.cat\/autor\/alejandro-sotodosos-fernandez\/","menu_order":0,"post_type":"autor","post_mime_type":"","comment_count":"0","filter":"raw"}]},"aioseo_notices":[],"_links":{"self":[{"href":"https:\/\/www.claret.cat\/es\/wp-json\/wp\/v2\/product\/91486","targetHints":{"allow":["GET"]}}],"collection":[{"href":"https:\/\/www.claret.cat\/es\/wp-json\/wp\/v2\/product"}],"about":[{"href":"https:\/\/www.claret.cat\/es\/wp-json\/wp\/v2\/types\/product"}],"wp:featuredmedia":[{"embeddable":true,"href":"https:\/\/www.claret.cat\/es\/wp-json\/wp\/v2\/media\/91487"}],"wp:attachment":[{"href":"https:\/\/www.claret.cat\/es\/wp-json\/wp\/v2\/media?parent=91486"}],"wp:term":[{"taxonomy":"product_brand","embeddable":true,"href":"https:\/\/www.claret.cat\/es\/wp-json\/wp\/v2\/product_brand?post=91486"},{"taxonomy":"product_cat","embeddable":true,"href":"https:\/\/www.claret.cat\/es\/wp-json\/wp\/v2\/product_cat?post=91486"},{"taxonomy":"product_tag","embeddable":true,"href":"https:\/\/www.claret.cat\/es\/wp-json\/wp\/v2\/product_tag?post=91486"}],"curies":[{"name":"wp","href":"https:\/\/api.w.org\/{rel}","templated":true}]}}