{"id":91489,"date":"2022-10-11T21:23:29","date_gmt":"2022-10-11T19:23:29","guid":{"rendered":"http:\/\/dev.claret.cat\/producte\/victor-ros-y-los-secretos-de-ultramar\/"},"modified":"2023-01-28T23:12:59","modified_gmt":"2023-01-28T22:12:59","slug":"victor-ros-y-los-secretos-de-ultramar-9788491894940","status":"publish","type":"product","link":"https:\/\/www.claret.cat\/es\/libro\/victor-ros-y-los-secretos-de-ultramar-9788491894940\/","title":{"rendered":"V\u00cdCTOR ROS Y LOS SECRETOS DE ULTRAMAR"},"content":{"rendered":"<p>V\u00edctor Ros, el mejor detective espa\u00f1ol de todos los tiempos. Un inspector carism\u00e1tico e inteligente del Madrid decimon\u00f3nico.Madrid, 1885. Mar\u00eda Fuster le pide a V\u00edctor Ros que busque a su marido, desaparecido sin dejar rastro: se trata de Martin Roberts, un viejo amigo del polic\u00eda que ahora trabaja para el servicio secreto espa\u00f1ol.V\u00edctor Ros pronto descubrir\u00e1 que la ausencia de Roberts parece relacionada con Giselda Albertos, una atractiva y sensual artista de variedades cubana. Junto a su amigo Alfredo Bl\u00e1zquez y su cochero Ar\u00edstides, el inspector viajar\u00e1 a La Habana, donde frecuentar\u00e1 la compa\u00f1\u00eda de esp\u00edas internacionales, agentes dobles, empresarios norteamericanos, autonomistas e insurgentes, miembros de la sacarocracia cubana y militares espa\u00f1oles. Pero Martin Roberts parece haberse evaporado. Y la principal pista sobre su paradero puede estar en el lugar m\u00e1s insospechado: una ex\u00f3tica exposici\u00f3n del Museo Metropolitano de Nueva York, auspiciada por el Havana Club y donde se exhibe la momia del fara\u00f3n Khnumakht. El inspector V\u00edctor Ros regresa a la escena del crimen con Los secretos de ultramar, una trepidante aventura en los \u00faltimos a\u00f1os de la Cuba colonial con el ocaso del Imperio espa\u00f1ol de fondo. En busca de su amigo tendr\u00e1 que adentrarse en las profundidades de la selva cubana, la manigua, para encontrarse con viejos enemigos y fantasmas del pasado.<\/p>\n","protected":false},"excerpt":{"rendered":"<p>TRISTANTE, JER\u00d3NIMO<\/p>\n","protected":false},"featured_media":91490,"template":"","meta":{"_acf_changed":false,"om_disable_all_campaigns":false,"rs_blank_template":"","rs_page_bg_color":"","slide_template_v7":"","inline_featured_image":false,"_monsterinsights_skip_tracking":false,"_monsterinsights_sitenote_active":false,"_monsterinsights_sitenote_note":"","_monsterinsights_sitenote_category":0},"product_brand":[],"product_cat":[127],"product_tag":[],"class_list":{"0":"post-91489","1":"product","2":"type-product","3":"status-publish","4":"has-post-thumbnail","6":"product_cat-novella-contemporania","8":"first","9":"instock","10":"taxable","11":"shipping-taxable","12":"purchasable","13":"product-type-simple"},"acf":{"editorial":[{"ID":147394,"post_author":"3","post_date":"2022-10-14 11:50:14","post_date_gmt":"2022-10-14 09:50:14","post_content":"","post_title":"Algaida Editores","post_excerpt":"","post_status":"publish","comment_status":"closed","ping_status":"closed","post_password":"","post_name":"algaida-editores","to_ping":"","pinged":"","post_modified":"2022-10-14 11:50:14","post_modified_gmt":"2022-10-14 09:50:14","post_content_filtered":"","post_parent":0,"guid":"http:\/\/dev.claret.cat\/editorial\/algaida-editores\/","menu_order":0,"post_type":"editorial","post_mime_type":"","comment_count":"0","filter":"raw"}],"autor":"TRISTANTE, JER\u00d3NIMO","codart":"849189494","libros-coleccion":"Narrativa","ediciones":"1","encuadernacion":"R\u00fastica","fecha_de_publicacion":"01\/04\/2021","novedad":"1","paginas":"423","subtitulo":"","orden":"0","portada":"0","idioma":"spa","autores-libros":[{"ID":159044,"post_author":"3","post_date":"2022-10-14 15:41:39","post_date_gmt":"2022-10-14 13:41:39","post_content":"","post_title":"JERONIMO TRISTANTE","post_excerpt":"","post_status":"publish","comment_status":"closed","ping_status":"closed","post_password":"","post_name":"jeronimo-tristante","to_ping":"","pinged":"","post_modified":"2022-10-14 15:41:39","post_modified_gmt":"2022-10-14 13:41:39","post_content_filtered":"","post_parent":0,"guid":"http:\/\/dev.claret.cat\/autor\/jeronimo-tristante\/","menu_order":0,"post_type":"autor","post_mime_type":"","comment_count":"0","filter":"raw"}]},"aioseo_notices":[],"_links":{"self":[{"href":"https:\/\/www.claret.cat\/es\/wp-json\/wp\/v2\/product\/91489","targetHints":{"allow":["GET"]}}],"collection":[{"href":"https:\/\/www.claret.cat\/es\/wp-json\/wp\/v2\/product"}],"about":[{"href":"https:\/\/www.claret.cat\/es\/wp-json\/wp\/v2\/types\/product"}],"wp:featuredmedia":[{"embeddable":true,"href":"https:\/\/www.claret.cat\/es\/wp-json\/wp\/v2\/media\/91490"}],"wp:attachment":[{"href":"https:\/\/www.claret.cat\/es\/wp-json\/wp\/v2\/media?parent=91489"}],"wp:term":[{"taxonomy":"product_brand","embeddable":true,"href":"https:\/\/www.claret.cat\/es\/wp-json\/wp\/v2\/product_brand?post=91489"},{"taxonomy":"product_cat","embeddable":true,"href":"https:\/\/www.claret.cat\/es\/wp-json\/wp\/v2\/product_cat?post=91489"},{"taxonomy":"product_tag","embeddable":true,"href":"https:\/\/www.claret.cat\/es\/wp-json\/wp\/v2\/product_tag?post=91489"}],"curies":[{"name":"wp","href":"https:\/\/api.w.org\/{rel}","templated":true}]}}