{"id":9154,"date":"2022-09-30T19:35:32","date_gmt":"2022-09-30T17:35:32","guid":{"rendered":"http:\/\/dev.claret.cat\/producte\/star-wars-mi-estuche-de-actividades\/"},"modified":"2023-01-28T22:49:22","modified_gmt":"2023-01-28T21:49:22","slug":"star-wars-mi-estuche-de-actividades-9788408174615","status":"publish","type":"product","link":"https:\/\/www.claret.cat\/es\/libro\/star-wars-mi-estuche-de-actividades-9788408174615\/","title":{"rendered":"STAR WARS. MI ESTUCHE DE ACTIVIDADES"},"content":{"rendered":"<p>En el interior de este fant\u00e1stico estuche encontrar\u00e1s un libro para colorear, un libro de actividades y doce l\u00e1pices de colores para que te lleves la diversi\u00f3n contigo a cualquier parte. \u00a1Que la Fuerza te acompa\u00f1e!<\/p>\n","protected":false},"excerpt":{"rendered":"<p>STAR WARS<\/p>\n","protected":false},"featured_media":71684,"template":"","meta":{"_acf_changed":false,"om_disable_all_campaigns":false,"rs_blank_template":"","rs_page_bg_color":"","slide_template_v7":"","inline_featured_image":false,"_monsterinsights_skip_tracking":false,"_monsterinsights_sitenote_active":false,"_monsterinsights_sitenote_note":"","_monsterinsights_sitenote_category":0},"product_brand":[],"product_cat":[86],"product_tag":[],"class_list":{"0":"post-9154","1":"product","2":"type-product","3":"status-publish","4":"has-post-thumbnail","6":"product_cat-infantil","8":"first","9":"instock","10":"taxable","11":"shipping-taxable","12":"purchasable","13":"product-type-simple"},"acf":{"autor":"STAR WARS","codart":"840817461","libros-coleccion":"SUSHI BOOKS","ediciones":"1","encuadernacion":"Carton\u00e9","fecha_de_publicacion":"01\/11\/2017","novedad":"1","paginas":"0","subtitulo":"","orden":"0","portada":"0","idioma":"spa","editorial":[{"ID":6377,"post_author":"3","post_date":"2022-07-28 17:50:53","post_date_gmt":"2022-07-28 15:50:53","post_content":"","post_title":"Timun Mas CAT","post_excerpt":"","post_status":"publish","comment_status":"closed","ping_status":"closed","post_password":"","post_name":"timun-mas-cat","to_ping":"","pinged":"","post_modified":"2022-07-28 17:50:53","post_modified_gmt":"2022-07-28 15:50:53","post_content_filtered":"","post_parent":0,"guid":"http:\/\/dev.claret.cat\/editorial\/timun-mas-cat\/","menu_order":0,"post_type":"editorial","post_mime_type":"","comment_count":"0","filter":"raw"}],"autores-libros":[{"ID":169766,"post_author":"3","post_date":"2022-10-14 22:29:51","post_date_gmt":"2022-10-14 20:29:51","post_content":"","post_title":"STAR WARS","post_excerpt":"","post_status":"publish","comment_status":"closed","ping_status":"closed","post_password":"","post_name":"star-wars","to_ping":"","pinged":"","post_modified":"2022-10-14 22:29:51","post_modified_gmt":"2022-10-14 20:29:51","post_content_filtered":"","post_parent":0,"guid":"http:\/\/dev.claret.cat\/autor\/star-wars\/","menu_order":0,"post_type":"autor","post_mime_type":"","comment_count":"0","filter":"raw"}]},"aioseo_notices":[],"_links":{"self":[{"href":"https:\/\/www.claret.cat\/es\/wp-json\/wp\/v2\/product\/9154","targetHints":{"allow":["GET"]}}],"collection":[{"href":"https:\/\/www.claret.cat\/es\/wp-json\/wp\/v2\/product"}],"about":[{"href":"https:\/\/www.claret.cat\/es\/wp-json\/wp\/v2\/types\/product"}],"wp:featuredmedia":[{"embeddable":true,"href":"https:\/\/www.claret.cat\/es\/wp-json\/wp\/v2\/media\/71684"}],"wp:attachment":[{"href":"https:\/\/www.claret.cat\/es\/wp-json\/wp\/v2\/media?parent=9154"}],"wp:term":[{"taxonomy":"product_brand","embeddable":true,"href":"https:\/\/www.claret.cat\/es\/wp-json\/wp\/v2\/product_brand?post=9154"},{"taxonomy":"product_cat","embeddable":true,"href":"https:\/\/www.claret.cat\/es\/wp-json\/wp\/v2\/product_cat?post=9154"},{"taxonomy":"product_tag","embeddable":true,"href":"https:\/\/www.claret.cat\/es\/wp-json\/wp\/v2\/product_tag?post=9154"}],"curies":[{"name":"wp","href":"https:\/\/api.w.org\/{rel}","templated":true}]}}