{"id":91640,"date":"2022-10-11T21:25:33","date_gmt":"2022-10-11T19:25:33","guid":{"rendered":"http:\/\/dev.claret.cat\/producte\/els-set-regnes-dels-essers-vius\/"},"modified":"2023-01-28T16:03:38","modified_gmt":"2023-01-28T15:03:38","slug":"els-set-regnes-dels-essers-vius-9788418459351","status":"publish","type":"product","link":"https:\/\/www.claret.cat\/es\/libro\/els-set-regnes-dels-essers-vius-9788418459351\/","title":{"rendered":"ELS SET REGNES DELS \u00c9SSERS VIUS"},"content":{"rendered":"<p>* Al planeta Terra, la vida \u00e9s a tot arreu. Selves, deserts, mars, planures, camps i boscos, tot \u00e9s ple de vida, per\u00f2 tamb\u00e9 pots trobar una pila d&#8221;\u00e9ssers vius amagats a casa teva o a dins del teu cos!<br \/> * Coneix les vides fascinants sobre els \u00e9ssers que t&#8221;envolten. Endinsa&#8221;t en els c\u00f2mics sobre supercient\u00edfics que han buscat indicis de vida en el passat i en el moment actual.<br \/> * Diverteix-te fent experiments a casa i veu n\u00e9ixer la vida!<\/p>\n<p> Acompanya el gran cient\u00edfic i detectiu Sherlock Ohms en la seva recerca dels set regnes d&#8221;\u00e9ssers vius!<\/p>\n","protected":false},"excerpt":{"rendered":"<p>BARFIELD, MIKE \/ HUMPHREY, LAUREN<\/p>\n","protected":false},"featured_media":91641,"template":"","meta":{"_acf_changed":false,"om_disable_all_campaigns":false,"rs_blank_template":"","rs_page_bg_color":"","slide_template_v7":"","inline_featured_image":false,"_monsterinsights_skip_tracking":false,"_monsterinsights_sitenote_active":false,"_monsterinsights_sitenote_note":"","_monsterinsights_sitenote_category":0},"product_brand":[],"product_cat":[131,132],"product_tag":[],"class_list":{"0":"post-91640","1":"product","2":"type-product","3":"status-publish","4":"has-post-thumbnail","6":"product_cat-contes-per-infants-0-6-anys","7":"product_cat-lectures-per-preadolescents-6-12-anys","9":"first","10":"instock","11":"taxable","12":"shipping-taxable","13":"purchasable","14":"product-type-simple"},"acf":{"autor":"BARFIELD, MIKE \/ HUMPHREY, LAUREN","codart":"841845935","libros-coleccion":"","ediciones":"1","encuadernacion":"Carton\u00e9","fecha_de_publicacion":"01\/03\/2021","novedad":"1","paginas":"62","subtitulo":"","orden":"0","portada":"0","idioma":"cat","editorial":[{"ID":148561,"post_author":"3","post_date":"2022-10-14 11:59:12","post_date_gmt":"2022-10-14 09:59:12","post_content":"","post_title":"NATURART","post_excerpt":"","post_status":"publish","comment_status":"closed","ping_status":"closed","post_password":"","post_name":"naturart","to_ping":"","pinged":"","post_modified":"2022-10-14 11:59:12","post_modified_gmt":"2022-10-14 09:59:12","post_content_filtered":"","post_parent":0,"guid":"http:\/\/dev.claret.cat\/editorial\/naturart\/","menu_order":0,"post_type":"editorial","post_mime_type":"","comment_count":"0","filter":"raw"}],"autores-libros":[{"ID":165053,"post_author":"3","post_date":"2022-10-14 17:52:01","post_date_gmt":"2022-10-14 15:52:01","post_content":"","post_title":"MIKE BARFIELD","post_excerpt":"","post_status":"publish","comment_status":"closed","ping_status":"closed","post_password":"","post_name":"mike-barfield","to_ping":"","pinged":"","post_modified":"2022-10-14 17:52:01","post_modified_gmt":"2022-10-14 15:52:01","post_content_filtered":"","post_parent":0,"guid":"http:\/\/dev.claret.cat\/autor\/mike-barfield\/","menu_order":0,"post_type":"autor","post_mime_type":"","comment_count":"0","filter":"raw"},{"ID":162031,"post_author":"3","post_date":"2022-10-14 17:27:48","post_date_gmt":"2022-10-14 15:27:48","post_content":"","post_title":"LAUREN HUMPHREY","post_excerpt":"","post_status":"publish","comment_status":"closed","ping_status":"closed","post_password":"","post_name":"lauren-humphrey","to_ping":"","pinged":"","post_modified":"2022-10-14 17:27:48","post_modified_gmt":"2022-10-14 15:27:48","post_content_filtered":"","post_parent":0,"guid":"http:\/\/dev.claret.cat\/autor\/lauren-humphrey\/","menu_order":0,"post_type":"autor","post_mime_type":"","comment_count":"0","filter":"raw"}]},"aioseo_notices":[],"_links":{"self":[{"href":"https:\/\/www.claret.cat\/es\/wp-json\/wp\/v2\/product\/91640","targetHints":{"allow":["GET"]}}],"collection":[{"href":"https:\/\/www.claret.cat\/es\/wp-json\/wp\/v2\/product"}],"about":[{"href":"https:\/\/www.claret.cat\/es\/wp-json\/wp\/v2\/types\/product"}],"wp:featuredmedia":[{"embeddable":true,"href":"https:\/\/www.claret.cat\/es\/wp-json\/wp\/v2\/media\/91641"}],"wp:attachment":[{"href":"https:\/\/www.claret.cat\/es\/wp-json\/wp\/v2\/media?parent=91640"}],"wp:term":[{"taxonomy":"product_brand","embeddable":true,"href":"https:\/\/www.claret.cat\/es\/wp-json\/wp\/v2\/product_brand?post=91640"},{"taxonomy":"product_cat","embeddable":true,"href":"https:\/\/www.claret.cat\/es\/wp-json\/wp\/v2\/product_cat?post=91640"},{"taxonomy":"product_tag","embeddable":true,"href":"https:\/\/www.claret.cat\/es\/wp-json\/wp\/v2\/product_tag?post=91640"}],"curies":[{"name":"wp","href":"https:\/\/api.w.org\/{rel}","templated":true}]}}