{"id":91692,"date":"2022-10-11T21:26:16","date_gmt":"2022-10-11T19:26:16","guid":{"rendered":"http:\/\/dev.claret.cat\/producte\/les-armes-de-foc-a-catalunya\/"},"modified":"2023-01-28T02:14:32","modified_gmt":"2023-01-28T01:14:32","slug":"les-armes-de-foc-a-catalunya-9788423208678","status":"publish","type":"product","link":"https:\/\/www.claret.cat\/es\/libro\/les-armes-de-foc-a-catalunya-9788423208678\/","title":{"rendered":"LES ARMES DE FOC A CATALUNYA"},"content":{"rendered":"<p>Des de la introducci\u00f3 de les armes de foc en el m\u00f3n occidental els catalans en van fer servir, de fet Catalunya va participar de manera preco\u00e7 en les noves tecnologies armament\u00edstiques i durantels segles xvi i xvii va desenvolupar panys de colp i panys miquelet, determinants en l&#8217;automatitzaci\u00f3 dels trets. Despr\u00e9s de la Guerra de Successi\u00f3 el r\u00e8gim borb\u00f2nic va promoure una aut\u00e8ntica ind\u00fastria al servei del militarisme, molt potent fins que les guerres del segle xix i les noves tecnologies metal\u00b7l\u00fargiques van comportar-ne la decad\u00e8ncia. Durant la Guerra Civil espanyola, Catalunya va ser capa\u00e7 de reorganitzar una ef\u00edmeraind\u00fastria de guerra que va desapar\u00e8ixer en finalitzar el conflicte.<\/p>\n","protected":false},"excerpt":{"rendered":"<p>HERN\u00c0NDEZ CARDONA, FRANCESC XAVIER<\/p>\n","protected":false},"featured_media":91693,"template":"","meta":{"_acf_changed":false,"om_disable_all_campaigns":false,"rs_blank_template":"","rs_page_bg_color":"","slide_template_v7":"","inline_featured_image":false,"_monsterinsights_skip_tracking":false,"_monsterinsights_sitenote_active":false,"_monsterinsights_sitenote_note":"","_monsterinsights_sitenote_category":0},"product_brand":[],"product_cat":[153],"product_tag":[],"class_list":{"0":"post-91692","1":"product","2":"type-product","3":"status-publish","4":"has-post-thumbnail","6":"product_cat-catalunya","8":"first","9":"instock","10":"taxable","11":"shipping-taxable","12":"purchasable","13":"product-type-simple"},"acf":{"autor":"HERN\u00c0NDEZ CARDONA, FRANCESC XAVIER","codart":"842320867","libros-coleccion":"FORA DE COL.LECCI\u00d3","ediciones":"1","encuadernacion":"R\u00fastica","fecha_de_publicacion":"01\/03\/2021","novedad":"1","paginas":"200","subtitulo":"MANUFACTURA I IND\u00daSTRIA","orden":"0","portada":"0","idioma":"cat","editorial":[{"ID":148724,"post_author":"3","post_date":"2022-10-14 12:00:29","post_date_gmt":"2022-10-14 10:00:29","post_content":"","post_title":"Rafael dalmau","post_excerpt":"","post_status":"publish","comment_status":"closed","ping_status":"closed","post_password":"","post_name":"rafael-dalmau","to_ping":"","pinged":"","post_modified":"2022-10-14 12:00:29","post_modified_gmt":"2022-10-14 10:00:29","post_content_filtered":"","post_parent":0,"guid":"http:\/\/dev.claret.cat\/editorial\/rafael-dalmau\/","menu_order":0,"post_type":"editorial","post_mime_type":"","comment_count":"0","filter":"raw"}],"autores-libros":[{"ID":156154,"post_author":"3","post_date":"2022-10-14 15:18:32","post_date_gmt":"2022-10-14 13:18:32","post_content":"","post_title":"FRANCESC XAVIER HERNANDEZ CARDONA","post_excerpt":"","post_status":"publish","comment_status":"closed","ping_status":"closed","post_password":"","post_name":"francesc-xavier-hernandez-cardona","to_ping":"","pinged":"","post_modified":"2022-10-14 15:18:32","post_modified_gmt":"2022-10-14 13:18:32","post_content_filtered":"","post_parent":0,"guid":"http:\/\/dev.claret.cat\/autor\/francesc-xavier-hernandez-cardona\/","menu_order":0,"post_type":"autor","post_mime_type":"","comment_count":"0","filter":"raw"}]},"aioseo_notices":[],"_links":{"self":[{"href":"https:\/\/www.claret.cat\/es\/wp-json\/wp\/v2\/product\/91692","targetHints":{"allow":["GET"]}}],"collection":[{"href":"https:\/\/www.claret.cat\/es\/wp-json\/wp\/v2\/product"}],"about":[{"href":"https:\/\/www.claret.cat\/es\/wp-json\/wp\/v2\/types\/product"}],"wp:featuredmedia":[{"embeddable":true,"href":"https:\/\/www.claret.cat\/es\/wp-json\/wp\/v2\/media\/91693"}],"wp:attachment":[{"href":"https:\/\/www.claret.cat\/es\/wp-json\/wp\/v2\/media?parent=91692"}],"wp:term":[{"taxonomy":"product_brand","embeddable":true,"href":"https:\/\/www.claret.cat\/es\/wp-json\/wp\/v2\/product_brand?post=91692"},{"taxonomy":"product_cat","embeddable":true,"href":"https:\/\/www.claret.cat\/es\/wp-json\/wp\/v2\/product_cat?post=91692"},{"taxonomy":"product_tag","embeddable":true,"href":"https:\/\/www.claret.cat\/es\/wp-json\/wp\/v2\/product_tag?post=91692"}],"curies":[{"name":"wp","href":"https:\/\/api.w.org\/{rel}","templated":true}]}}