{"id":91713,"date":"2022-10-11T21:26:33","date_gmt":"2022-10-11T19:26:33","guid":{"rendered":"http:\/\/dev.claret.cat\/producte\/el-abece-del-recien-nacido\/"},"modified":"2023-01-28T06:09:15","modified_gmt":"2023-01-28T05:09:15","slug":"el-abece-del-recien-nacido-9788490657683","status":"publish","type":"product","link":"https:\/\/www.claret.cat\/es\/libro\/el-abece-del-recien-nacido-9788490657683\/","title":{"rendered":"EL ABEC\u00c9 DEL RECI\u00c9N NACIDO"},"content":{"rendered":"<p>Como consecuencia del deseo natural de los padres de hacer lo mejor para sus hijos desde el principio, surge muy pronto la necesidad de discernir lo que m\u00e1s conviene en cada situaci\u00f3n. En respuesta a esa necesidad, y tras haber pasado tambi\u00e9n por ella, la autora re\u00fane de forma amena en este libro una lista muy completa de lo que ella misma llama dilemas relativos a la crianza del beb\u00e9. El libro consta de cuatro puntos importantes: las primeras rutinas y h\u00e1bitos, la salud general del beb\u00e9, los art\u00edculos de puericultura y la educaci\u00f3n, socializaci\u00f3n y el lenguaje.<\/p>\n","protected":false},"excerpt":{"rendered":"<p>BRYSON, TINA PAYNE<\/p>\n","protected":false},"featured_media":91714,"template":"","meta":{"_acf_changed":false,"om_disable_all_campaigns":false,"rs_blank_template":"","rs_page_bg_color":"","slide_template_v7":"","inline_featured_image":false,"_monsterinsights_skip_tracking":false,"_monsterinsights_sitenote_active":false,"_monsterinsights_sitenote_note":"","_monsterinsights_sitenote_category":0},"product_brand":[],"product_cat":[90],"product_tag":[],"class_list":{"0":"post-91713","1":"product","2":"type-product","3":"status-publish","4":"has-post-thumbnail","6":"product_cat-altres","8":"first","9":"instock","10":"taxable","11":"shipping-taxable","12":"purchasable","13":"product-type-simple"},"acf":{"editorial":[{"ID":147382,"post_author":"3","post_date":"2022-10-14 11:50:09","post_date_gmt":"2022-10-14 09:50:09","post_content":"","post_title":"Alba Editorial","post_excerpt":"","post_status":"publish","comment_status":"closed","ping_status":"closed","post_password":"","post_name":"alba-editorial","to_ping":"","pinged":"","post_modified":"2022-10-14 11:50:09","post_modified_gmt":"2022-10-14 09:50:09","post_content_filtered":"","post_parent":0,"guid":"http:\/\/dev.claret.cat\/editorial\/alba-editorial\/","menu_order":0,"post_type":"editorial","post_mime_type":"","comment_count":"0","filter":"raw"}],"autor":"BRYSON, TINA PAYNE","codart":"849065768","libros-coleccion":"Psicolog\u00eda","ediciones":"1","encuadernacion":"R\u00fastica","fecha_de_publicacion":"01\/04\/2021","novedad":"1","paginas":"344","subtitulo":"UNA GU\u00cdA ESENCIAL QUE RESPONDE A LAS PRINCIPALES DUDAS Y PREOCUPACIONES DE LA CR","orden":"0","portada":"0","idioma":"spa","autores-libros":[{"ID":170429,"post_author":"3","post_date":"2022-10-14 22:35:15","post_date_gmt":"2022-10-14 20:35:15","post_content":"","post_title":"TINA PAYNE BRYSON","post_excerpt":"","post_status":"publish","comment_status":"closed","ping_status":"closed","post_password":"","post_name":"tina-payne-bryson","to_ping":"","pinged":"","post_modified":"2022-10-14 22:35:15","post_modified_gmt":"2022-10-14 20:35:15","post_content_filtered":"","post_parent":0,"guid":"http:\/\/dev.claret.cat\/autor\/tina-payne-bryson\/","menu_order":0,"post_type":"autor","post_mime_type":"","comment_count":"0","filter":"raw"}]},"aioseo_notices":[],"_links":{"self":[{"href":"https:\/\/www.claret.cat\/es\/wp-json\/wp\/v2\/product\/91713","targetHints":{"allow":["GET"]}}],"collection":[{"href":"https:\/\/www.claret.cat\/es\/wp-json\/wp\/v2\/product"}],"about":[{"href":"https:\/\/www.claret.cat\/es\/wp-json\/wp\/v2\/types\/product"}],"wp:featuredmedia":[{"embeddable":true,"href":"https:\/\/www.claret.cat\/es\/wp-json\/wp\/v2\/media\/91714"}],"wp:attachment":[{"href":"https:\/\/www.claret.cat\/es\/wp-json\/wp\/v2\/media?parent=91713"}],"wp:term":[{"taxonomy":"product_brand","embeddable":true,"href":"https:\/\/www.claret.cat\/es\/wp-json\/wp\/v2\/product_brand?post=91713"},{"taxonomy":"product_cat","embeddable":true,"href":"https:\/\/www.claret.cat\/es\/wp-json\/wp\/v2\/product_cat?post=91713"},{"taxonomy":"product_tag","embeddable":true,"href":"https:\/\/www.claret.cat\/es\/wp-json\/wp\/v2\/product_tag?post=91713"}],"curies":[{"name":"wp","href":"https:\/\/api.w.org\/{rel}","templated":true}]}}