{"id":91870,"date":"2022-10-11T21:28:43","date_gmt":"2022-10-11T19:28:43","guid":{"rendered":"http:\/\/dev.claret.cat\/producte\/el-caso-del-ladron-de-wifi-misterios-de-clodett-1\/"},"modified":"2023-01-28T06:57:08","modified_gmt":"2023-01-28T05:57:08","slug":"el-caso-del-ladron-de-wifi-misterios-de-clodett-1-9788418038709","status":"publish","type":"product","link":"https:\/\/www.claret.cat\/es\/libro\/el-caso-del-ladron-de-wifi-misterios-de-clodett-1-9788418038709\/","title":{"rendered":"EL CASO DEL LADR\u00d3N DE WIFI (MISTERIOS DE CLODETT 1)"},"content":{"rendered":"<p>\u00a1Misterios y diversi\u00f3n con Clodett!<br \/>\u00danete a la Agencia de Detectives Clodettamis y prep\u00e1rate para  resolver el caso del ladr\u00f3n de wifi. \u00a1Hola, detectives clodettamis! Os necesito URGENTEMENTE: El wifi ha dejado de funcionar# \u00a1en el S\u00c1BADO  m\u00e1s aburrido de la HISTORIA! Pero todo est\u00e1 bien conectado, as\u00ed que esta  es la \u00fanica explicaci\u00f3n: \u00a1ALGUIEN ME LO EST\u00c1 ROBANDO! La pregunta es# \u00bfqui\u00e9n? Nuestra \u00fanica pista: el LADR\u00d3N est\u00e1 dentro de CASA. Nuestro objetivo: \u00a1PILLARLO! \u00bfEst\u00e1is preparados para resolver el caso del ladr\u00f3n de wifi? Es momento de pasar a la acci\u00f3n, de seguir todas las pistas&#8230; \u00a1y de partirse de risa!<\/p>\n","protected":false},"excerpt":{"rendered":"<p>CLODETT,<\/p>\n","protected":false},"featured_media":91871,"template":"","meta":{"_acf_changed":false,"om_disable_all_campaigns":false,"rs_blank_template":"","rs_page_bg_color":"","slide_template_v7":"","inline_featured_image":false,"_monsterinsights_skip_tracking":false,"_monsterinsights_sitenote_active":false,"_monsterinsights_sitenote_note":"","_monsterinsights_sitenote_category":0},"product_brand":[],"product_cat":[131],"product_tag":[],"class_list":{"0":"post-91870","1":"product","2":"type-product","3":"status-publish","4":"has-post-thumbnail","6":"product_cat-contes-per-infants-0-6-anys","8":"first","9":"instock","10":"taxable","11":"shipping-taxable","12":"purchasable","13":"product-type-simple"},"acf":{"editorial":[{"ID":6310,"post_author":"3","post_date":"2022-07-28 17:49:26","post_date_gmt":"2022-07-28 15:49:26","post_content":"","post_title":"MONTENA","post_excerpt":"","post_status":"publish","comment_status":"closed","ping_status":"closed","post_password":"","post_name":"montena","to_ping":"","pinged":"","post_modified":"2022-07-28 17:49:26","post_modified_gmt":"2022-07-28 15:49:26","post_content_filtered":"","post_parent":0,"guid":"http:\/\/dev.claret.cat\/editorial\/montena\/","menu_order":0,"post_type":"editorial","post_mime_type":"","comment_count":"0","filter":"raw"}],"autor":"CLODETT,","codart":"841803870","libros-coleccion":"FORA DE COL.LECCI\u00d3","ediciones":"1","encuadernacion":"R\u00fastica","fecha_de_publicacion":"01\/04\/2021","novedad":"1","paginas":"141","subtitulo":"","orden":"0","portada":"0","idioma":"spa","autores-libros":[{"ID":153139,"post_author":"3","post_date":"2022-10-14 14:54:23","post_date_gmt":"2022-10-14 12:54:23","post_content":"","post_title":"CLODETT","post_excerpt":"","post_status":"publish","comment_status":"closed","ping_status":"closed","post_password":"","post_name":"clodett","to_ping":"","pinged":"","post_modified":"2022-10-14 14:54:23","post_modified_gmt":"2022-10-14 12:54:23","post_content_filtered":"","post_parent":0,"guid":"http:\/\/dev.claret.cat\/autor\/clodett\/","menu_order":0,"post_type":"autor","post_mime_type":"","comment_count":"0","filter":"raw"}]},"aioseo_notices":[],"_links":{"self":[{"href":"https:\/\/www.claret.cat\/es\/wp-json\/wp\/v2\/product\/91870","targetHints":{"allow":["GET"]}}],"collection":[{"href":"https:\/\/www.claret.cat\/es\/wp-json\/wp\/v2\/product"}],"about":[{"href":"https:\/\/www.claret.cat\/es\/wp-json\/wp\/v2\/types\/product"}],"wp:featuredmedia":[{"embeddable":true,"href":"https:\/\/www.claret.cat\/es\/wp-json\/wp\/v2\/media\/91871"}],"wp:attachment":[{"href":"https:\/\/www.claret.cat\/es\/wp-json\/wp\/v2\/media?parent=91870"}],"wp:term":[{"taxonomy":"product_brand","embeddable":true,"href":"https:\/\/www.claret.cat\/es\/wp-json\/wp\/v2\/product_brand?post=91870"},{"taxonomy":"product_cat","embeddable":true,"href":"https:\/\/www.claret.cat\/es\/wp-json\/wp\/v2\/product_cat?post=91870"},{"taxonomy":"product_tag","embeddable":true,"href":"https:\/\/www.claret.cat\/es\/wp-json\/wp\/v2\/product_tag?post=91870"}],"curies":[{"name":"wp","href":"https:\/\/api.w.org\/{rel}","templated":true}]}}