{"id":91897,"date":"2022-10-11T21:29:04","date_gmt":"2022-10-11T19:29:04","guid":{"rendered":"http:\/\/dev.claret.cat\/producte\/hannah\/"},"modified":"2023-01-28T10:43:43","modified_gmt":"2023-01-28T09:43:43","slug":"hannah-9788466355476","status":"publish","type":"product","link":"https:\/\/www.claret.cat\/es\/libro\/hannah-9788466355476\/","title":{"rendered":"HANNAH"},"content":{"rendered":"<p>El Diario de Anna Frank, El \u00c1ngel de Varsovia, La Lista de Schindler.<br \/>Ahora conocer\u00e1s al Guardi\u00e1n del Ponte Vecchio  \u00abEmotiva y poderosa. La historia de dos generaciones unidas por el amor y el arte\u00bb.<br \/>Javier Castillo Una llamada, una cartilla de reclutamiento de las fuerzas armadas de la  Alemania nazi y una frase escrita a mano en su interior desencadenan una crisis emocional en Hannah. \u00abHannah, ni\u00f1a n\u00famero 37. G. Wolf\u00bb El nombre de G. Wolf surgir\u00e1 con fuerza y se convertir\u00e1 en el hilo  conductor que le permitir\u00e1 sumergirse en la historia de su abuela, una  superviviente de la Segunda Guerra Mundial que nunca cont\u00f3 a su nieta la odisea de su familia en la Italia ocupada por los nazis. Hannah revela una danza entre pasado y presente en una ciudad:  Florencia. La ciudad de los puentes sobre el Arno como testigo  de la  barbarie y la crueldad del fascismo en 1944, pero tambi\u00e9n como cuna de  hombres y de mujeres, amantes del arte y de la cultura, que, a pesar del  conflicto b\u00e9lico, trataron de hallar algo de luz en un periodo de oscuridad. Hannah es un relato vital y apasionado, una novela de ritmo  trepidante en la que Christian G\u00e1lvez rescata del pasado la historia  olvidada de un c\u00f3nsul alem\u00e1n en Florencia, Gerhard Wolf, y unos  acontecimientos cuyas consecuencias sirven de advertencia en un presente cargado de incertidumbre. La cr\u00edtica ha dicho:<br \/>\u00abEmocionante historia concebida como un relato de ritmo vertiginoso, que  es asimismo un alegato contra la barbarie\u00bb.<br \/>Carmen R. Santos, ABC CULTURAL \u00abUna historia maravillosa. Una novela que engancha y apasiona\u00bb.<br \/>Enrique Coper\u00edas, Muy Interesante \u00abHannah es una novela que, como su propio t\u00edtulo pal\u00edndromo  indica, est\u00e1 cargada de dualidades. Un homenaje al &#8216;ser lo que debes o lo que eres&#8217;. Un culto a Gerhard Wolf\u00bb.<br \/>Mar\u00eda Benito Mendoza,  La Raz\u00f3n \u00abMe quedo en casa con Hannah. Disfrutando de una gran historia.  Mil gracias Christian por construir puentes que han llegado a casa\u00bb.<br \/>Reyes Monforte, Periodista y escritora. \u00abUna novela hist\u00f3rica en la que junto a una joven descubriremos c\u00f3mo  vivieron los florentinos la Segunda Guerra Mundial y nos enamoraremos de  uno de esos h\u00e9roes olvidados que salvaron a muchos jud\u00edos de la muerte, Gerhard Wolf\u00bb.<br \/>La huella de los libros<\/p>\n","protected":false},"excerpt":{"rendered":"<p>G\u00c1LVEZ, CHRISTIAN<\/p>\n","protected":false},"featured_media":91898,"template":"","meta":{"_acf_changed":false,"om_disable_all_campaigns":false,"rs_blank_template":"","rs_page_bg_color":"","slide_template_v7":"","inline_featured_image":false,"_monsterinsights_skip_tracking":false,"_monsterinsights_sitenote_active":false,"_monsterinsights_sitenote_note":"","_monsterinsights_sitenote_category":0},"product_brand":[],"product_cat":[127],"product_tag":[],"class_list":{"0":"post-91897","1":"product","2":"type-product","3":"status-publish","4":"has-post-thumbnail","6":"product_cat-novella-contemporania","8":"first","9":"instock","10":"taxable","11":"shipping-taxable","12":"purchasable","13":"product-type-simple"},"acf":{"editorial":[{"ID":6178,"post_author":"3","post_date":"2022-07-28 17:46:34","post_date_gmt":"2022-07-28 15:46:34","post_content":"","post_title":"DEBOLSILLO","post_excerpt":"","post_status":"publish","comment_status":"closed","ping_status":"closed","post_password":"","post_name":"debolsillo","to_ping":"","pinged":"","post_modified":"2022-07-28 17:46:34","post_modified_gmt":"2022-07-28 15:46:34","post_content_filtered":"","post_parent":0,"guid":"http:\/\/dev.claret.cat\/editorial\/debolsillo\/","menu_order":0,"post_type":"editorial","post_mime_type":"","comment_count":"0","filter":"raw"}],"autor":"G\u00c1LVEZ, CHRISTIAN","codart":"846635547","libros-coleccion":"BEST SELLER","ediciones":"1","encuadernacion":"R\u00fastica","fecha_de_publicacion":"01\/04\/2021","novedad":"1","paginas":"461","subtitulo":"","orden":"0","portada":"0","idioma":"spa","autores-libros":[{"ID":152898,"post_author":"3","post_date":"2022-10-14 14:52:28","post_date_gmt":"2022-10-14 12:52:28","post_content":"","post_title":"CHRISTIAN G\u00c1LVEZ","post_excerpt":"","post_status":"publish","comment_status":"closed","ping_status":"closed","post_password":"","post_name":"christian-galvez","to_ping":"","pinged":"","post_modified":"2022-10-14 14:52:28","post_modified_gmt":"2022-10-14 12:52:28","post_content_filtered":"","post_parent":0,"guid":"http:\/\/dev.claret.cat\/autor\/christian-galvez\/","menu_order":0,"post_type":"autor","post_mime_type":"","comment_count":"0","filter":"raw"}]},"aioseo_notices":[],"_links":{"self":[{"href":"https:\/\/www.claret.cat\/es\/wp-json\/wp\/v2\/product\/91897","targetHints":{"allow":["GET"]}}],"collection":[{"href":"https:\/\/www.claret.cat\/es\/wp-json\/wp\/v2\/product"}],"about":[{"href":"https:\/\/www.claret.cat\/es\/wp-json\/wp\/v2\/types\/product"}],"wp:featuredmedia":[{"embeddable":true,"href":"https:\/\/www.claret.cat\/es\/wp-json\/wp\/v2\/media\/91898"}],"wp:attachment":[{"href":"https:\/\/www.claret.cat\/es\/wp-json\/wp\/v2\/media?parent=91897"}],"wp:term":[{"taxonomy":"product_brand","embeddable":true,"href":"https:\/\/www.claret.cat\/es\/wp-json\/wp\/v2\/product_brand?post=91897"},{"taxonomy":"product_cat","embeddable":true,"href":"https:\/\/www.claret.cat\/es\/wp-json\/wp\/v2\/product_cat?post=91897"},{"taxonomy":"product_tag","embeddable":true,"href":"https:\/\/www.claret.cat\/es\/wp-json\/wp\/v2\/product_tag?post=91897"}],"curies":[{"name":"wp","href":"https:\/\/api.w.org\/{rel}","templated":true}]}}