{"id":91903,"date":"2022-10-11T21:29:09","date_gmt":"2022-10-11T19:29:09","guid":{"rendered":"http:\/\/dev.claret.cat\/producte\/el-bosque-sabe-tu-nombre\/"},"modified":"2023-01-28T14:00:32","modified_gmt":"2023-01-28T13:00:32","slug":"el-bosque-sabe-tu-nombre-9788413143217","status":"publish","type":"product","link":"https:\/\/www.claret.cat\/es\/libro\/el-bosque-sabe-tu-nombre-9788413143217\/","title":{"rendered":"EL BOSQUE SABE TU NOMBRE"},"content":{"rendered":"<p>Una novela de amores, celos y venganzas, que envuelve al lector con  la fuerza de las grandes sagas familiares de la literatura. Un secreto oculto en lo m\u00e1s profundo del bosque.<br \/>Una mansi\u00f3n azotada por las olas.<br \/>Dos hermanas enfrentadas.<br \/>Un linaje de mujeres con un don extraordinario. A finales de los a\u00f1os veinte del siglo pasado, Estrella y su hermana  gemela, Alma, llevan una vida privilegiada como hijas de los marqueses  de Zuloaga, propietarios de una casa solariega y una mina de hierro en  un peque\u00f1o pueblo suspendido sobre el Cant\u00e1brico. Crecen rodeadas de  fiestas y lujos, pero tambi\u00e9n marcadas por un poderoso misterio. Porque Estrella y Alma no son como las otras ni\u00f1as: herederas de un  extra\u00f1o don que pasa de generaci\u00f3n en generaci\u00f3n entre las mujeres de su  familia, viven a la sombra de una maldici\u00f3n seg\u00fan la cual una de las dos morir\u00e1 antes de cumplir los quince a\u00f1os. As\u00ed arranca esta historia llena de magia y pasi\u00f3n, que nos lleva por  medio mundo tras los pasos de su protagonista, una mujer inolvidable que  no dudar\u00e1 en hacer todo lo necesario, sin miedo al peligro ni a las  convenciones sociales, por defender su tierra y el legado que lleva escrito en la sangre.<\/p>\n","protected":false},"excerpt":{"rendered":"<p>LECEAGA, ALAITZ<\/p>\n","protected":false},"featured_media":91904,"template":"","meta":{"_acf_changed":false,"om_disable_all_campaigns":false,"rs_blank_template":"","rs_page_bg_color":"","slide_template_v7":"","inline_featured_image":false,"_monsterinsights_skip_tracking":false,"_monsterinsights_sitenote_active":false,"_monsterinsights_sitenote_note":"","_monsterinsights_sitenote_category":0},"product_brand":[],"product_cat":[127,130],"product_tag":[],"class_list":{"0":"post-91903","1":"product","2":"type-product","3":"status-publish","4":"has-post-thumbnail","6":"product_cat-novella-contemporania","7":"product_cat-novella-historica-i-ficcio","9":"first","10":"instock","11":"taxable","12":"shipping-taxable","13":"purchasable","14":"product-type-simple"},"acf":{"editorial":[{"ID":6138,"post_author":"3","post_date":"2022-07-28 17:45:42","post_date_gmt":"2022-07-28 15:45:42","post_content":"","post_title":"B de Bolsillo (Ediciones B)","post_excerpt":"","post_status":"publish","comment_status":"closed","ping_status":"closed","post_password":"","post_name":"b-de-bolsillo-ediciones-b","to_ping":"","pinged":"","post_modified":"2022-07-28 17:45:42","post_modified_gmt":"2022-07-28 15:45:42","post_content_filtered":"","post_parent":0,"guid":"http:\/\/dev.claret.cat\/editorial\/b-de-bolsillo-ediciones-b\/","menu_order":0,"post_type":"editorial","post_mime_type":"","comment_count":"0","filter":"raw"}],"autores-libros":[{"ID":149349,"post_author":"3","post_date":"2022-10-14 14:24:09","post_date_gmt":"2022-10-14 12:24:09","post_content":"","post_title":"ALAITZ LECEAGA","post_excerpt":"","post_status":"publish","comment_status":"closed","ping_status":"closed","post_password":"","post_name":"alaitz-leceaga","to_ping":"","pinged":"","post_modified":"2022-10-14 14:24:09","post_modified_gmt":"2022-10-14 12:24:09","post_content_filtered":"","post_parent":0,"guid":"http:\/\/dev.claret.cat\/autor\/alaitz-leceaga\/","menu_order":0,"post_type":"autor","post_mime_type":"","comment_count":"0","filter":"raw"}],"autor":"LECEAGA, ALAITZ","codart":"841314321","libros-coleccion":"","ediciones":"1","encuadernacion":"R\u00fastica","fecha_de_publicacion":"01\/04\/2021","novedad":"1","paginas":"625","subtitulo":"","orden":"0","portada":"0","idioma":"spa"},"aioseo_notices":[],"_links":{"self":[{"href":"https:\/\/www.claret.cat\/es\/wp-json\/wp\/v2\/product\/91903","targetHints":{"allow":["GET"]}}],"collection":[{"href":"https:\/\/www.claret.cat\/es\/wp-json\/wp\/v2\/product"}],"about":[{"href":"https:\/\/www.claret.cat\/es\/wp-json\/wp\/v2\/types\/product"}],"wp:featuredmedia":[{"embeddable":true,"href":"https:\/\/www.claret.cat\/es\/wp-json\/wp\/v2\/media\/91904"}],"wp:attachment":[{"href":"https:\/\/www.claret.cat\/es\/wp-json\/wp\/v2\/media?parent=91903"}],"wp:term":[{"taxonomy":"product_brand","embeddable":true,"href":"https:\/\/www.claret.cat\/es\/wp-json\/wp\/v2\/product_brand?post=91903"},{"taxonomy":"product_cat","embeddable":true,"href":"https:\/\/www.claret.cat\/es\/wp-json\/wp\/v2\/product_cat?post=91903"},{"taxonomy":"product_tag","embeddable":true,"href":"https:\/\/www.claret.cat\/es\/wp-json\/wp\/v2\/product_tag?post=91903"}],"curies":[{"name":"wp","href":"https:\/\/api.w.org\/{rel}","templated":true}]}}