{"id":91918,"date":"2022-10-11T21:29:22","date_gmt":"2022-10-11T19:29:22","guid":{"rendered":"http:\/\/dev.claret.cat\/producte\/la-muerte-de-murat-idrissi\/"},"modified":"2023-01-28T01:34:53","modified_gmt":"2023-01-28T00:34:53","slug":"la-muerte-de-murat-idrissi-9788439737407","status":"publish","type":"product","link":"https:\/\/www.claret.cat\/es\/libro\/la-muerte-de-murat-idrissi-9788439737407\/","title":{"rendered":"LA MUERTE DE MURAT IDRISSI"},"content":{"rendered":"<p>\u00abUn poderoso relato sobre la IDENTIDAD y el DESEO de ENCAJAR y ESCAPAR.\u00bb<br \/>New Books Magazine Un transbordador cruza el Estrecho de Gibraltar en direcci\u00f3n a tierras  espa\u00f1olas. En la cubierta dos j\u00f3venes amigas regresan a casa despu\u00e9s de  unas accidentadas vacaciones por Marruecos. Estas holandesas de origen  marroqu\u00ed han querido conocer la tierra natal de sus padres sin ser  conscientes de que no era tan f\u00e1cil viajar solas en un pa\u00eds dominado por  hombres. Ahora intentan disfrutar del cielo alto mientras el viento  recio agita las olas, pero no pueden dejar de pensar en el chico que  tienen escondido en el maletero del coche de alquiler: a oscuras,  encerrado en el hueco que antes ocupaba la rueda de repuesto. Solo saben  su nombre y que alberga el  mismo sue\u00f1o que los padres de las chicas: Europa. La muerte de Murat Idrissi pone nombre y apellido a una de tantas  tragedias an\u00f3nimas que, al llegar el buen tiempo, vemos en los  informativos. Basada en un caso real, esta breve pero intensa novela,  nominada al premio Man Booker International, es un canto desgarrador  contra el racismo y la desigualdad abismal entre culturas en un mismo  pa\u00eds y entre dos tierras, dos continentes  irremediablemente separados por apenas unos kil\u00f3metros de agua. La cr\u00edtica ha dicho&#8230;<br \/>\u00abWieringa es un estilista audaz e inteligente que no teme exponer la  fealdad de la sociedad al mismo tiempo que los caprichos de  la naturaleza humana.\u00bb<br \/>Eileen Battersby, The Guardian \u00abLa muerte de Murat Idrissi es un poderoso relato sobre la  identidad, las relaciones y el doble deseo de encajar y de escapar&#8230;  Una oscura y profundamente significativa narraci\u00f3n que examina la fr\u00e1gil  humanidad de la gente com\u00fan y expone el poco valor que se le puede atribuir a una vida.\u00bb<br \/>Erin Britton, New Books Magazine \u00abUn road trip que se convierte en pesadilla.\u00bb<br \/>De Standaard \u00abObra maestra de la tensi\u00f3n narrativa. brutalmente arida.\u00bb<br \/>Evening Standard \u00abVital, de lectura obligatoria.\u00bb<br \/>Asymptote<\/p>\n","protected":false},"excerpt":{"rendered":"<p>WIERINGA, TOMMY<\/p>\n","protected":false},"featured_media":91919,"template":"","meta":{"_acf_changed":false,"om_disable_all_campaigns":false,"rs_blank_template":"","rs_page_bg_color":"","slide_template_v7":"","inline_featured_image":false,"_monsterinsights_skip_tracking":false,"_monsterinsights_sitenote_active":false,"_monsterinsights_sitenote_note":"","_monsterinsights_sitenote_category":0},"product_brand":[],"product_cat":[127],"product_tag":[],"class_list":{"0":"post-91918","1":"product","2":"type-product","3":"status-publish","4":"has-post-thumbnail","6":"product_cat-novella-contemporania","8":"first","9":"instock","10":"taxable","11":"shipping-taxable","12":"purchasable","13":"product-type-simple"},"acf":{"editorial":[{"ID":6290,"post_author":"3","post_date":"2022-07-28 17:49:01","post_date_gmt":"2022-07-28 15:49:01","post_content":"","post_title":"LITERATURA RANDOM HOUSE","post_excerpt":"","post_status":"publish","comment_status":"closed","ping_status":"closed","post_password":"","post_name":"literatura-random-house","to_ping":"","pinged":"","post_modified":"2022-07-28 17:49:01","post_modified_gmt":"2022-07-28 15:49:01","post_content_filtered":"","post_parent":0,"guid":"http:\/\/dev.claret.cat\/editorial\/literatura-random-house\/","menu_order":0,"post_type":"editorial","post_mime_type":"","comment_count":"0","filter":"raw"}],"autor":"WIERINGA, TOMMY","codart":"843973740","libros-coleccion":"Literatura Random House","ediciones":"1","encuadernacion":"R\u00fastica","fecha_de_publicacion":"01\/04\/2021","novedad":"1","paginas":"106","subtitulo":"","orden":"0","portada":"0","idioma":"spa","autores-libros":[{"ID":170525,"post_author":"3","post_date":"2022-10-14 22:36:03","post_date_gmt":"2022-10-14 20:36:03","post_content":"","post_title":"TOMMY WIERINGA","post_excerpt":"","post_status":"publish","comment_status":"closed","ping_status":"closed","post_password":"","post_name":"tommy-wieringa","to_ping":"","pinged":"","post_modified":"2022-10-14 22:36:03","post_modified_gmt":"2022-10-14 20:36:03","post_content_filtered":"","post_parent":0,"guid":"http:\/\/dev.claret.cat\/autor\/tommy-wieringa\/","menu_order":0,"post_type":"autor","post_mime_type":"","comment_count":"0","filter":"raw"}]},"aioseo_notices":[],"_links":{"self":[{"href":"https:\/\/www.claret.cat\/es\/wp-json\/wp\/v2\/product\/91918","targetHints":{"allow":["GET"]}}],"collection":[{"href":"https:\/\/www.claret.cat\/es\/wp-json\/wp\/v2\/product"}],"about":[{"href":"https:\/\/www.claret.cat\/es\/wp-json\/wp\/v2\/types\/product"}],"wp:featuredmedia":[{"embeddable":true,"href":"https:\/\/www.claret.cat\/es\/wp-json\/wp\/v2\/media\/91919"}],"wp:attachment":[{"href":"https:\/\/www.claret.cat\/es\/wp-json\/wp\/v2\/media?parent=91918"}],"wp:term":[{"taxonomy":"product_brand","embeddable":true,"href":"https:\/\/www.claret.cat\/es\/wp-json\/wp\/v2\/product_brand?post=91918"},{"taxonomy":"product_cat","embeddable":true,"href":"https:\/\/www.claret.cat\/es\/wp-json\/wp\/v2\/product_cat?post=91918"},{"taxonomy":"product_tag","embeddable":true,"href":"https:\/\/www.claret.cat\/es\/wp-json\/wp\/v2\/product_tag?post=91918"}],"curies":[{"name":"wp","href":"https:\/\/api.w.org\/{rel}","templated":true}]}}