{"id":91936,"date":"2022-10-11T21:29:36","date_gmt":"2022-10-11T19:29:36","guid":{"rendered":"http:\/\/dev.claret.cat\/producte\/flor-de-arrabal\/"},"modified":"2023-01-28T10:01:10","modified_gmt":"2023-01-28T09:01:10","slug":"flor-de-arrabal-9788425359941","status":"publish","type":"product","link":"https:\/\/www.claret.cat\/es\/libro\/flor-de-arrabal-9788425359941\/","title":{"rendered":"FLOR DE ARRABAL"},"content":{"rendered":"<p>La emocionante historia de una mujer que supo luchar contra el  destino para convertirse en una estrella del espect\u00e1culo a principios del siglo XX. En el arrabal zaragozano donde viv\u00eda, pocos pensaban que Flor, aquella  ni\u00f1a nacida en uno de sus hogares m\u00e1s humildes, estaba destinada a  convertirse en una de las grandes figuras de los escenarios, primero en  Espa\u00f1a y luego en toda Europa. Un camino dif\u00edcil, sembrado de duras  pruebas, que la lleva primero a Madrid y, m\u00e1s tarde, a Barcelona, Par\u00eds, Berl\u00edn y la lejana Cuba.  A lo largo de esa carrera en pos del \u00e9xito, Flor va descubriendo el  amor, el desenga\u00f1o, la amistad, el temor y la obsesi\u00f3n. Y a la vez, su  vida se sumerge en los convulsos acontecimientos de las primeras d\u00e9cadas  del siglo XX, unos a\u00f1os marcados por las revueltas anarquistas, el auge del fascismo y el horror de la guerra.  Escrita con la sensibilidad y el pulso de las grandes narradoras, Flor de arrabal nos ofrece la historia  de una mujer  valiente y entregada al amor, y un apasionante retrato de una Europa vibrante y convulsa.<\/p>\n","protected":false},"excerpt":{"rendered":"<p>SANTOS, CARMEN<\/p>\n","protected":false},"featured_media":91937,"template":"","meta":{"_acf_changed":false,"om_disable_all_campaigns":false,"rs_blank_template":"","rs_page_bg_color":"","slide_template_v7":"","inline_featured_image":false,"_monsterinsights_skip_tracking":false,"_monsterinsights_sitenote_active":false,"_monsterinsights_sitenote_note":"","_monsterinsights_sitenote_category":0},"product_brand":[],"product_cat":[127],"product_tag":[],"class_list":{"0":"post-91936","1":"product","2":"type-product","3":"status-publish","4":"has-post-thumbnail","6":"product_cat-novella-contemporania","8":"first","9":"instock","10":"taxable","11":"shipping-taxable","12":"purchasable","13":"product-type-simple"},"acf":{"editorial":[{"ID":6263,"post_author":"3","post_date":"2022-07-28 17:48:27","post_date_gmt":"2022-07-28 15:48:27","post_content":"","post_title":"GRIJALBO","post_excerpt":"","post_status":"publish","comment_status":"closed","ping_status":"closed","post_password":"","post_name":"grijalbo","to_ping":"","pinged":"","post_modified":"2022-07-28 17:48:27","post_modified_gmt":"2022-07-28 15:48:27","post_content_filtered":"","post_parent":0,"guid":"http:\/\/dev.claret.cat\/editorial\/grijalbo\/","menu_order":0,"post_type":"editorial","post_mime_type":"","comment_count":"0","filter":"raw"}],"autor":"SANTOS, CARMEN","codart":"842535994","libros-coleccion":"Ficci\u00f3n","ediciones":"1","encuadernacion":"R\u00fastica","fecha_de_publicacion":"01\/04\/2021","novedad":"1","paginas":"714","subtitulo":"","orden":"0","portada":"0","idioma":"spa","autores-libros":[{"ID":152448,"post_author":"3","post_date":"2022-10-14 14:48:51","post_date_gmt":"2022-10-14 12:48:51","post_content":"","post_title":"CARMEN SANTOS","post_excerpt":"","post_status":"publish","comment_status":"closed","ping_status":"closed","post_password":"","post_name":"carmen-santos","to_ping":"","pinged":"","post_modified":"2022-10-14 14:48:51","post_modified_gmt":"2022-10-14 12:48:51","post_content_filtered":"","post_parent":0,"guid":"http:\/\/dev.claret.cat\/autor\/carmen-santos\/","menu_order":0,"post_type":"autor","post_mime_type":"","comment_count":"0","filter":"raw"}]},"aioseo_notices":[],"_links":{"self":[{"href":"https:\/\/www.claret.cat\/es\/wp-json\/wp\/v2\/product\/91936","targetHints":{"allow":["GET"]}}],"collection":[{"href":"https:\/\/www.claret.cat\/es\/wp-json\/wp\/v2\/product"}],"about":[{"href":"https:\/\/www.claret.cat\/es\/wp-json\/wp\/v2\/types\/product"}],"wp:featuredmedia":[{"embeddable":true,"href":"https:\/\/www.claret.cat\/es\/wp-json\/wp\/v2\/media\/91937"}],"wp:attachment":[{"href":"https:\/\/www.claret.cat\/es\/wp-json\/wp\/v2\/media?parent=91936"}],"wp:term":[{"taxonomy":"product_brand","embeddable":true,"href":"https:\/\/www.claret.cat\/es\/wp-json\/wp\/v2\/product_brand?post=91936"},{"taxonomy":"product_cat","embeddable":true,"href":"https:\/\/www.claret.cat\/es\/wp-json\/wp\/v2\/product_cat?post=91936"},{"taxonomy":"product_tag","embeddable":true,"href":"https:\/\/www.claret.cat\/es\/wp-json\/wp\/v2\/product_tag?post=91936"}],"curies":[{"name":"wp","href":"https:\/\/api.w.org\/{rel}","templated":true}]}}