{"id":91963,"date":"2022-10-11T21:29:59","date_gmt":"2022-10-11T19:29:59","guid":{"rendered":"http:\/\/dev.claret.cat\/producte\/les-paraules-seran-sempre-lliures\/"},"modified":"2023-01-28T07:45:59","modified_gmt":"2023-01-28T06:45:59","slug":"les-paraules-seran-sempre-lliures-9788418483790","status":"publish","type":"product","link":"https:\/\/www.claret.cat\/es\/libro\/les-paraules-seran-sempre-lliures-9788418483790\/","title":{"rendered":"LES PARAULES SERAN SEMPRE LLIURES"},"content":{"rendered":"<p>Un preci\u00f3s \u00e0lbum il\u00b7lustrat en qu\u00e8 Carme Forcadell explica als seus  n\u00e9ts per qu\u00e8 ha acabat a la pres\u00f3. Un cant a la llibertat, ple de tendresa i esperan\u00e7a cap al futur. En un di\u00e0leg \u00edntim en primera persona entre el seu net i ella, la Carme  ha escrit un llibre ple de tendresa i amor, que vol deixar com a llegat  tot el proc\u00e9s personal i pol\u00edtic de la expresidenta del Parlament de Catalunya. Com l&#8221;\u00e0via ha acabat a la pres\u00f3, explicat amb les seves pr\u00f2pies  paraules, vol ser un recorregut pel proc\u00e9s i pel seu pas per la pres\u00f3, amb una mirada plena d&#8221;esperan\u00e7a cap al futur.<\/p>\n","protected":false},"excerpt":{"rendered":"<p>FORCADELL, CARME<\/p>\n","protected":false},"featured_media":91964,"template":"","meta":{"_acf_changed":false,"om_disable_all_campaigns":false,"rs_blank_template":"","rs_page_bg_color":"","slide_template_v7":"","inline_featured_image":false,"_monsterinsights_skip_tracking":false,"_monsterinsights_sitenote_active":false,"_monsterinsights_sitenote_note":"","_monsterinsights_sitenote_category":0},"product_brand":[],"product_cat":[131],"product_tag":[],"class_list":{"0":"post-91963","1":"product","2":"type-product","3":"status-publish","4":"has-post-thumbnail","6":"product_cat-contes-per-infants-0-6-anys","8":"first","9":"instock","10":"taxable","11":"shipping-taxable","12":"purchasable","13":"product-type-simple"},"acf":{"editorial":[{"ID":6310,"post_author":"3","post_date":"2022-07-28 17:49:26","post_date_gmt":"2022-07-28 15:49:26","post_content":"","post_title":"MONTENA","post_excerpt":"","post_status":"publish","comment_status":"closed","ping_status":"closed","post_password":"","post_name":"montena","to_ping":"","pinged":"","post_modified":"2022-07-28 17:49:26","post_modified_gmt":"2022-07-28 15:49:26","post_content_filtered":"","post_parent":0,"guid":"http:\/\/dev.claret.cat\/editorial\/montena\/","menu_order":0,"post_type":"editorial","post_mime_type":"","comment_count":"0","filter":"raw"}],"autor":"FORCADELL, CARME","codart":"841848379","libros-coleccion":"","ediciones":"1","encuadernacion":"Carton\u00e9","fecha_de_publicacion":"01\/04\/2021","novedad":"1","paginas":"64","subtitulo":"","orden":"0","portada":"0","idioma":"cat","autores-libros":[{"ID":152359,"post_author":"3","post_date":"2022-10-14 14:48:08","post_date_gmt":"2022-10-14 12:48:08","post_content":"","post_title":"CARME FORCADELL","post_excerpt":"","post_status":"publish","comment_status":"closed","ping_status":"closed","post_password":"","post_name":"carme-forcadell","to_ping":"","pinged":"","post_modified":"2022-10-14 14:48:08","post_modified_gmt":"2022-10-14 12:48:08","post_content_filtered":"","post_parent":0,"guid":"http:\/\/dev.claret.cat\/autor\/carme-forcadell\/","menu_order":0,"post_type":"autor","post_mime_type":"","comment_count":"0","filter":"raw"}]},"aioseo_notices":[],"_links":{"self":[{"href":"https:\/\/www.claret.cat\/es\/wp-json\/wp\/v2\/product\/91963","targetHints":{"allow":["GET"]}}],"collection":[{"href":"https:\/\/www.claret.cat\/es\/wp-json\/wp\/v2\/product"}],"about":[{"href":"https:\/\/www.claret.cat\/es\/wp-json\/wp\/v2\/types\/product"}],"wp:featuredmedia":[{"embeddable":true,"href":"https:\/\/www.claret.cat\/es\/wp-json\/wp\/v2\/media\/91964"}],"wp:attachment":[{"href":"https:\/\/www.claret.cat\/es\/wp-json\/wp\/v2\/media?parent=91963"}],"wp:term":[{"taxonomy":"product_brand","embeddable":true,"href":"https:\/\/www.claret.cat\/es\/wp-json\/wp\/v2\/product_brand?post=91963"},{"taxonomy":"product_cat","embeddable":true,"href":"https:\/\/www.claret.cat\/es\/wp-json\/wp\/v2\/product_cat?post=91963"},{"taxonomy":"product_tag","embeddable":true,"href":"https:\/\/www.claret.cat\/es\/wp-json\/wp\/v2\/product_tag?post=91963"}],"curies":[{"name":"wp","href":"https:\/\/api.w.org\/{rel}","templated":true}]}}