{"id":91972,"date":"2022-10-11T21:30:06","date_gmt":"2022-10-11T19:30:06","guid":{"rendered":"http:\/\/dev.claret.cat\/producte\/el-caso-del-crush-secreto-misterios-de-clodett-2\/"},"modified":"2023-01-28T05:45:05","modified_gmt":"2023-01-28T04:45:05","slug":"el-caso-del-crush-secreto-misterios-de-clodett-2-9788418038716","status":"publish","type":"product","link":"https:\/\/www.claret.cat\/es\/libro\/el-caso-del-crush-secreto-misterios-de-clodett-2-9788418038716\/","title":{"rendered":"EL CASO DEL CRUSH SECRETO (MISTERIOS DE CLODETT 2)"},"content":{"rendered":"<p>\u00a1Misterios y diversi\u00f3n con Clodett! \u00danete a la Agencia de Detectives Clodettamis y prep\u00e1rate para resolver el caso del crush secreto. \u00a1Hola, clodettamis! Estamos en alerta ROSA digo, ROJA: \u00a1me han mandado una CARTA de AMOR! Si  alguien descubre que tengo un ADMIRADOR secreto, va a ser mi fin. \u00a1Tengo  que saber QUI\u00c9N ha sido antes de que sea demasiado tarde! Nuestra \u00fanica pista: el AUTOR va a mi COLE Nuestro objetivo: \u00a1descubrir SU NOMBRE! \u00bfEst\u00e1is preparados para resolver el caso del crush secreto? Es momento de pasar a la acci\u00f3n, de seguir todas las pistas&#8230; \u00a1y de partirse de risa! (Carnet per retallar)<\/p>\n","protected":false},"excerpt":{"rendered":"<p>CLODETT,<\/p>\n","protected":false},"featured_media":91973,"template":"","meta":{"_acf_changed":false,"om_disable_all_campaigns":false,"rs_blank_template":"","rs_page_bg_color":"","slide_template_v7":"","inline_featured_image":false,"_monsterinsights_skip_tracking":false,"_monsterinsights_sitenote_active":false,"_monsterinsights_sitenote_note":"","_monsterinsights_sitenote_category":0},"product_brand":[],"product_cat":[132],"product_tag":[],"class_list":{"0":"post-91972","1":"product","2":"type-product","3":"status-publish","4":"has-post-thumbnail","6":"product_cat-lectures-per-preadolescents-6-12-anys","8":"first","9":"instock","10":"taxable","11":"shipping-taxable","12":"purchasable","13":"product-type-simple"},"acf":{"editorial":[{"ID":6310,"post_author":"3","post_date":"2022-07-28 17:49:26","post_date_gmt":"2022-07-28 15:49:26","post_content":"","post_title":"MONTENA","post_excerpt":"","post_status":"publish","comment_status":"closed","ping_status":"closed","post_password":"","post_name":"montena","to_ping":"","pinged":"","post_modified":"2022-07-28 17:49:26","post_modified_gmt":"2022-07-28 15:49:26","post_content_filtered":"","post_parent":0,"guid":"http:\/\/dev.claret.cat\/editorial\/montena\/","menu_order":0,"post_type":"editorial","post_mime_type":"","comment_count":"0","filter":"raw"}],"autor":"CLODETT,","codart":"841803871","libros-coleccion":"FORA DE COL.LECCI\u00d3","ediciones":"1","encuadernacion":"R\u00fastica","fecha_de_publicacion":"01\/04\/2021","novedad":"1","paginas":"144","subtitulo":"","orden":"0","portada":"0","idioma":"spa","autores-libros":[{"ID":153139,"post_author":"3","post_date":"2022-10-14 14:54:23","post_date_gmt":"2022-10-14 12:54:23","post_content":"","post_title":"CLODETT","post_excerpt":"","post_status":"publish","comment_status":"closed","ping_status":"closed","post_password":"","post_name":"clodett","to_ping":"","pinged":"","post_modified":"2022-10-14 14:54:23","post_modified_gmt":"2022-10-14 12:54:23","post_content_filtered":"","post_parent":0,"guid":"http:\/\/dev.claret.cat\/autor\/clodett\/","menu_order":0,"post_type":"autor","post_mime_type":"","comment_count":"0","filter":"raw"}]},"aioseo_notices":[],"_links":{"self":[{"href":"https:\/\/www.claret.cat\/es\/wp-json\/wp\/v2\/product\/91972","targetHints":{"allow":["GET"]}}],"collection":[{"href":"https:\/\/www.claret.cat\/es\/wp-json\/wp\/v2\/product"}],"about":[{"href":"https:\/\/www.claret.cat\/es\/wp-json\/wp\/v2\/types\/product"}],"wp:featuredmedia":[{"embeddable":true,"href":"https:\/\/www.claret.cat\/es\/wp-json\/wp\/v2\/media\/91973"}],"wp:attachment":[{"href":"https:\/\/www.claret.cat\/es\/wp-json\/wp\/v2\/media?parent=91972"}],"wp:term":[{"taxonomy":"product_brand","embeddable":true,"href":"https:\/\/www.claret.cat\/es\/wp-json\/wp\/v2\/product_brand?post=91972"},{"taxonomy":"product_cat","embeddable":true,"href":"https:\/\/www.claret.cat\/es\/wp-json\/wp\/v2\/product_cat?post=91972"},{"taxonomy":"product_tag","embeddable":true,"href":"https:\/\/www.claret.cat\/es\/wp-json\/wp\/v2\/product_tag?post=91972"}],"curies":[{"name":"wp","href":"https:\/\/api.w.org\/{rel}","templated":true}]}}