{"id":91978,"date":"2022-10-11T21:30:11","date_gmt":"2022-10-11T19:30:11","guid":{"rendered":"http:\/\/dev.claret.cat\/producte\/el-pintor-de-almas\/"},"modified":"2026-03-19T18:05:24","modified_gmt":"2026-03-19T17:05:24","slug":"el-pintor-de-almas-9788466354882","status":"publish","type":"product","link":"https:\/\/www.claret.cat\/es\/libro\/el-pintor-de-almas-9788466354882\/","title":{"rendered":"EL PINTOR DE ALMAS"},"content":{"rendered":"<p> Despu\u00e9s de vender m\u00e1s de 10 millones de ejemplares, Ildefonso Falcones vuelve con una fascinante novela. Una poderosa historia de amor, pasi\u00f3n por el arte, revueltas sociales y venganza en la Barcelona modernista. Barcelona, 1901. La ciudad vive d\u00edas de gran agitaci\u00f3n social. La  oscura miseria de los m\u00e1s desfavorecidos contrasta con la elegante  opulencia de las grandes avenidas, donde ya destacan algunos edificios singulares, s\u00edmbolo de la llegada del Modernismo. Dalmau Sala, hijo de un anarquista ajusticiado, es un joven pintor que  vive atrapado entre dos mundos. Por un lado, su familia y Emma, la mujer  que ama, son firmes defensores de la lucha obrera; hombres y mujeres que  no conocen el miedo a la hora de exigir los derechos de los trabajadores. Por otro, su trabajo en el taller de cer\u00e1mica de don  Manuel Bello, su mentor y un conservador burgu\u00e9s de f\u00e9rreas creencias  cat\u00f3licas, lo acerca a un ambiente donde imperan la riqueza y la innovaci\u00f3n creativa. De este modo, seducido por las tentadoras ofertas de una burgues\u00eda  dispuesta a comprar su obra y su conciencia, Dalmau tendr\u00e1 que encontrar  su aut\u00e9ntico camino, como hombre y como artista, y alejarse de las  noches de vino y drogas para descubrir lo que de verdad le importa: sus  valores, su esencia, el amor de una mujer valiente y luchadora y, sobre  todo, esos cuadros que brotan de su imaginaci\u00f3n y capturan en un lienzo  las almas m\u00e1s miserables que deambulan por las calles de una ciudad agitada por el germen de la rebeld\u00eda. Con El pintor de almas, Ildefonso Falcones nos  ofrece la poderosa historia de una \u00e9poca convulsa al tiempo que nos  brinda una trama emocionante donde el amor, la pasi\u00f3n por el arte, la  lucha por los ideales y la venganza se combinan con maestr\u00eda para recrear una Barcelona, anta\u00f1o sobria y gris, que ahora se encamina hacia un futuro brillante donde el color y la esperanza empiezan a  extenderse por sus casas y sus calles. La cr\u00edtica ha dicho:<br \/>\u00abR\u00e1pida y vertiginosa en su trama, describe a su vez sensacionalmente  bien c\u00f3mo se fue construyendo nuestra ciudad, la lucha de clases o la  lucha entre estilos arquitect\u00f3nicos. Engancha desde la primera p\u00e1gina.  Ildefonso Falcones es el mejor escritor de novela hist\u00f3rica de Espa\u00f1a en este siglo, as\u00ed de sencillo y as\u00ed de categ\u00f3rico.\u00bb<br \/>Jos\u00e9 M\u00aa Fuster-Fabra,  La Raz\u00f3n Catalu\u00f1a \u00abPersonajes muy bien trabajados e informaci\u00f3n precisa, clara y algo  arc\u00e1dica de un momento que al lector le fascina: placer y aprendizaje al mismo tiempo [&#8230;] El pintor de almas se despliega con todo su  poder de fascinaci\u00f3n. \u00bfQui\u00e9n se resiste a darle un bocado?\u00bb<br \/>Juan \u00c1ngel Juristo, Abc Cultural Lo que ha dicho la cr\u00edtica sobre La catedral del mar:<br \/>\u00abDe Barcelona ya conoc\u00edamos la Sagrada Familia, la delirante catedral  del arquitecto Gaud\u00ed. Ahora, La catedral del mar de Ildefonso Falcones, como Notre-Dame de Par\u00eds de V\u00edctor Hugo, nos ofrece la  historia de una ciudad y un pueblo.\u00bb<br \/>Le Figaro \u00abUn best seller para la catedral del pueblo.\u00bb<br \/>Catalina Serra, El Pa\u00eds \u00abUn gran follet\u00edn. Una prosa en\u00e9rgica. Falcones tiene una mirada  especial para el detalle y sus personajes son de carne y hueso. Una historia fascinante.\u00bb<br \/>The Washington Post Sobre La mano de F\u00e1tima:<br \/>\u00abMantiene la expectaci\u00f3n del lector, reh\u00faye lo previsible, se acerca al  ideario de los autores franceses e italianos (pasi\u00f3n, desquite,  esperanza y justicia) y captura el inter\u00e9s con m\u00faltiples subtramas que act\u00faan como libros en cadena.\u00bb<br \/>Ramon Ventura, El Peri\u00f3dico Sobre La reina descalza:<br \/>\u00abFalcones se ha consagrado como el autor espa\u00f1ol de novela hist\u00f3rica m\u00e1s  vendido en el mundo.\u00bb<br \/>El Pa\u00eds Sobre Los herederos de la tierra:<br \/>\u00abDec\u00eda Kipling que la artesan\u00eda est\u00e1 siempre en la base de todo gran  arte. Tal apreciaci\u00f3n nos ha rondado mientras le\u00edamos la caudalosa (y muy trabajada) segunda parte de La catedral del mar. [&#8230;] Una  buena novela hist\u00f3rica que logra sumergir al lector en atm\u00f3sferas del pasado. [&#8230;] Una secuela a la altura de su obra matriz.\u00bb<br \/>Carles Barba,  Cultura\/S, La Vanguardia \u00abLo mejor de la novela radica en la creaci\u00f3n del mundo casi m\u00e1gico de  una Barcelona a\u00fan reconocible, pero cuyo pasado se desconoce. Falcones  lo desvela, lo hace atractivo y lo acerca en un inteligente juego de  paralelismos. Esos paralelismos, junto a una espectacular recreaci\u00f3n, hacen de Los herederos de la tierra una novela que cumple  con creces los requisitos de una buena narraci\u00f3n hist\u00f3rica.\u00bb<br \/>Juan \u00c1ngel Juristo, ABC Cultural<\/p>\n","protected":false},"excerpt":{"rendered":"<p>FALCONES, ILDEFONSO<\/p>\n","protected":false},"featured_media":91979,"template":"","meta":{"_acf_changed":false,"om_disable_all_campaigns":false,"rs_blank_template":"","rs_page_bg_color":"","slide_template_v7":"","inline_featured_image":false,"_monsterinsights_skip_tracking":false,"_monsterinsights_sitenote_active":false,"_monsterinsights_sitenote_note":"","_monsterinsights_sitenote_category":0},"product_brand":[],"product_cat":[127,130,357,360],"product_tag":[],"class_list":{"0":"post-91978","1":"product","2":"type-product","3":"status-publish","4":"has-post-thumbnail","6":"product_cat-novella-contemporania","7":"product_cat-novella-historica-i-ficcio","8":"product_cat-novela-contemporanea","9":"product_cat-novela-historica-y-ficcion","11":"first","12":"instock","13":"taxable","14":"shipping-taxable","15":"purchasable","16":"product-type-simple"},"acf":{"editorial":[{"ID":6178,"post_author":"3","post_date":"2022-07-28 17:46:34","post_date_gmt":"2022-07-28 15:46:34","post_content":"","post_title":"DEBOLSILLO","post_excerpt":"","post_status":"publish","comment_status":"closed","ping_status":"closed","post_password":"","post_name":"debolsillo","to_ping":"","pinged":"","post_modified":"2022-07-28 17:46:34","post_modified_gmt":"2022-07-28 15:46:34","post_content_filtered":"","post_parent":0,"guid":"http:\/\/dev.claret.cat\/editorial\/debolsillo\/","menu_order":0,"post_type":"editorial","post_mime_type":"","comment_count":"0","filter":"raw"}],"autor":"FALCONES, ILDEFONSO","codart":"846635488","libros-coleccion":"","ediciones":"1","encuadernacion":"R\u00fastica","fecha_de_publicacion":"01\/04\/2021","novedad":"1","paginas":"688","subtitulo":"","orden":"0","portada":"0","idioma":"spa","autores-libros":[{"ID":157840,"post_author":"3","post_date":"2022-10-14 15:32:03","post_date_gmt":"2022-10-14 13:32:03","post_content":"","post_title":"ILDEFONSO FALCONES","post_excerpt":"","post_status":"publish","comment_status":"closed","ping_status":"closed","post_password":"","post_name":"ildefonso-falcones","to_ping":"","pinged":"","post_modified":"2022-10-14 15:32:03","post_modified_gmt":"2022-10-14 13:32:03","post_content_filtered":"","post_parent":0,"guid":"http:\/\/dev.claret.cat\/autor\/ildefonso-falcones\/","menu_order":0,"post_type":"autor","post_mime_type":"","comment_count":"0","filter":"raw"}],"booktrailer":"","resenas":""},"aioseo_notices":[],"_links":{"self":[{"href":"https:\/\/www.claret.cat\/es\/wp-json\/wp\/v2\/product\/91978","targetHints":{"allow":["GET"]}}],"collection":[{"href":"https:\/\/www.claret.cat\/es\/wp-json\/wp\/v2\/product"}],"about":[{"href":"https:\/\/www.claret.cat\/es\/wp-json\/wp\/v2\/types\/product"}],"wp:featuredmedia":[{"embeddable":true,"href":"https:\/\/www.claret.cat\/es\/wp-json\/wp\/v2\/media\/91979"}],"wp:attachment":[{"href":"https:\/\/www.claret.cat\/es\/wp-json\/wp\/v2\/media?parent=91978"}],"wp:term":[{"taxonomy":"product_brand","embeddable":true,"href":"https:\/\/www.claret.cat\/es\/wp-json\/wp\/v2\/product_brand?post=91978"},{"taxonomy":"product_cat","embeddable":true,"href":"https:\/\/www.claret.cat\/es\/wp-json\/wp\/v2\/product_cat?post=91978"},{"taxonomy":"product_tag","embeddable":true,"href":"https:\/\/www.claret.cat\/es\/wp-json\/wp\/v2\/product_tag?post=91978"}],"curies":[{"name":"wp","href":"https:\/\/api.w.org\/{rel}","templated":true}]}}