{"id":92023,"date":"2022-10-11T21:30:49","date_gmt":"2022-10-11T19:30:49","guid":{"rendered":"http:\/\/dev.claret.cat\/producte\/espiritus-y-criaturas-de-japon\/"},"modified":"2023-01-28T06:19:59","modified_gmt":"2023-01-28T05:19:59","slug":"espiritus-y-criaturas-de-japon-9788414031803","status":"publish","type":"product","link":"https:\/\/www.claret.cat\/es\/libro\/espiritus-y-criaturas-de-japon-9788414031803\/","title":{"rendered":"ESP\u00cdRITUS Y CRIATURAS DE JAP\u00d3N"},"content":{"rendered":"<p>Lafcadio Hearn, nacido en la isla griega de L\u00e9ucade en 1850 y fallecido en Tokio en 1904, fue el primer gran japon\u00f3logo de la literatura occidental, por sus relatos de fantasmas y sus libros de divulgaci\u00f3n.<br \/> Gracias a su mujer nipona conoci\u00f3 los cuentos tradicionales sobre espectros y apariciones, que se encarg\u00f3 de convertir en nuevos relatos tras someterlos a un cuidado proceso de reescritura y reelaboraci\u00f3n.<br \/> En este nuevo volumen, tras el gran \u00e9xito de Historias de fantasmas de Jap\u00f3n, Benjamin Lacombe vuelve a encontrarse con la voz de Hearn para ilustrar otros nueve relatos tradicionales nipones que nos descubren criaturas tan intimidantes y fascinantes como el sam\u00e9bito, los kitsune o los oshidori.<\/p>\n","protected":false},"excerpt":{"rendered":"<p>HEARN, LAFCADIO<\/p>\n","protected":false},"featured_media":92024,"template":"","meta":{"_acf_changed":false,"om_disable_all_campaigns":false,"rs_blank_template":"","rs_page_bg_color":"","slide_template_v7":"","inline_featured_image":false,"_monsterinsights_skip_tracking":false,"_monsterinsights_sitenote_active":false,"_monsterinsights_sitenote_note":"","_monsterinsights_sitenote_category":0},"product_brand":[],"product_cat":[133],"product_tag":[],"class_list":{"0":"post-92023","1":"product","2":"type-product","3":"status-publish","4":"has-post-thumbnail","6":"product_cat-lectures-per-adolescents-12-18-anys","8":"first","9":"instock","10":"taxable","11":"shipping-taxable","12":"purchasable","13":"product-type-simple"},"acf":{"editorial":[{"ID":6229,"post_author":"3","post_date":"2022-07-28 17:47:40","post_date_gmt":"2022-07-28 15:47:40","post_content":"","post_title":"Editorial Luis Vives (Edelvives)","post_excerpt":"","post_status":"publish","comment_status":"closed","ping_status":"closed","post_password":"","post_name":"editorial-luis-vives-edelvives","to_ping":"","pinged":"","post_modified":"2022-07-28 17:47:40","post_modified_gmt":"2022-07-28 15:47:40","post_content_filtered":"","post_parent":0,"guid":"http:\/\/dev.claret.cat\/editorial\/editorial-luis-vives-edelvives\/","menu_order":0,"post_type":"editorial","post_mime_type":"","comment_count":"0","filter":"raw"}],"autores-libros":[{"ID":161816,"post_author":"3","post_date":"2022-10-14 17:21:15","post_date_gmt":"2022-10-14 15:21:15","post_content":"","post_title":"LAFCADIO HEARN","post_excerpt":"","post_status":"publish","comment_status":"closed","ping_status":"closed","post_password":"","post_name":"lafcadio-hearn","to_ping":"","pinged":"","post_modified":"2022-10-14 17:21:15","post_modified_gmt":"2022-10-14 15:21:15","post_content_filtered":"","post_parent":0,"guid":"http:\/\/dev.claret.cat\/autor\/lafcadio-hearn\/","menu_order":0,"post_type":"autor","post_mime_type":"","comment_count":"0","filter":"raw"}],"autor":"HEARN, LAFCADIO","codart":"841403180","libros-coleccion":"\u00c1lbumes ilustrados","ediciones":"1","encuadernacion":"Carton\u00e9","fecha_de_publicacion":"01\/03\/2021","novedad":"1","paginas":"0","subtitulo":"","orden":"0","portada":"0","idioma":"spa"},"aioseo_notices":[],"_links":{"self":[{"href":"https:\/\/www.claret.cat\/es\/wp-json\/wp\/v2\/product\/92023","targetHints":{"allow":["GET"]}}],"collection":[{"href":"https:\/\/www.claret.cat\/es\/wp-json\/wp\/v2\/product"}],"about":[{"href":"https:\/\/www.claret.cat\/es\/wp-json\/wp\/v2\/types\/product"}],"wp:featuredmedia":[{"embeddable":true,"href":"https:\/\/www.claret.cat\/es\/wp-json\/wp\/v2\/media\/92024"}],"wp:attachment":[{"href":"https:\/\/www.claret.cat\/es\/wp-json\/wp\/v2\/media?parent=92023"}],"wp:term":[{"taxonomy":"product_brand","embeddable":true,"href":"https:\/\/www.claret.cat\/es\/wp-json\/wp\/v2\/product_brand?post=92023"},{"taxonomy":"product_cat","embeddable":true,"href":"https:\/\/www.claret.cat\/es\/wp-json\/wp\/v2\/product_cat?post=92023"},{"taxonomy":"product_tag","embeddable":true,"href":"https:\/\/www.claret.cat\/es\/wp-json\/wp\/v2\/product_tag?post=92023"}],"curies":[{"name":"wp","href":"https:\/\/api.w.org\/{rel}","templated":true}]}}