{"id":92038,"date":"2022-10-11T21:31:02","date_gmt":"2022-10-11T19:31:02","guid":{"rendered":"http:\/\/dev.claret.cat\/producte\/sentido-y-sensibilidad-clasicos-manga\/"},"modified":"2023-01-28T16:28:01","modified_gmt":"2023-01-28T15:28:01","slug":"sentido-y-sensibilidad-clasicos-manga-9788467944976","status":"publish","type":"product","link":"https:\/\/www.claret.cat\/es\/libro\/sentido-y-sensibilidad-clasicos-manga-9788467944976\/","title":{"rendered":"SENTIDO Y SENSIBILIDAD (CL\u00c1SICOS MANGA)"},"content":{"rendered":"<p>LA ADAPTACI\u00d3N DE UNA DE LAS NOVELAS<br \/>M\u00c1S FAMOSAS DE JANE AUSTEN<br \/>La muerte de Henry Dashwood deja a su esposa y a sus tres<br \/>hijas en una dif\u00edcil posici\u00f3n econ\u00f3mica. A pesar de que el hijo<br \/>del difunto prometi\u00f3 cuidar de ellas y ayudarlas en lo posible,<br \/>la convivencia se hace imposible y las Dashwood aceptan el<\/p>\n<p>generoso ofrecimiento de un primo lejano para vivir en la tran-<br \/>quila campi\u00f1a de Devonshire.<\/p>\n<p>Las hijas mayores, Elinor y Marianne, pronto se adaptan a su<br \/>nuevo hogar y traban amistad con sus vecinos, aunque Elinor<br \/>no puede dejar de pensar en Edward Ferrars y Marianne se deja<br \/>cautivar por el apuesto y encantador Willoughby&#8230;<\/p>\n","protected":false},"excerpt":{"rendered":"<p>JANE AUSTEN\/ STACY KING\/ PO TSE<\/p>\n","protected":false},"featured_media":92039,"template":"","meta":{"_acf_changed":false,"om_disable_all_campaigns":false,"rs_blank_template":"","rs_page_bg_color":"","slide_template_v7":"","inline_featured_image":false,"_monsterinsights_skip_tracking":false,"_monsterinsights_sitenote_active":false,"_monsterinsights_sitenote_note":"","_monsterinsights_sitenote_category":0},"product_brand":[],"product_cat":[108],"product_tag":[],"class_list":{"0":"post-92038","1":"product","2":"type-product","3":"status-publish","4":"has-post-thumbnail","6":"product_cat-comic","8":"first","9":"instock","10":"taxable","11":"shipping-taxable","12":"purchasable","13":"product-type-simple"},"acf":{"editorial":[{"ID":6315,"post_author":"3","post_date":"2022-07-28 17:49:33","post_date_gmt":"2022-07-28 15:49:33","post_content":"","post_title":"NORMA EDITORIAL S.A","post_excerpt":"","post_status":"publish","comment_status":"closed","ping_status":"closed","post_password":"","post_name":"norma-editorial-s-a","to_ping":"","pinged":"","post_modified":"2022-07-28 17:49:33","post_modified_gmt":"2022-07-28 15:49:33","post_content_filtered":"","post_parent":0,"guid":"http:\/\/dev.claret.cat\/editorial\/norma-editorial-s-a\/","menu_order":0,"post_type":"editorial","post_mime_type":"","comment_count":"0","filter":"raw"}],"autor":"JANE AUSTEN\/ STACY KING\/ PO TSE","codart":"846794497","libros-coleccion":"MANGA BOLSILLO","ediciones":"1","encuadernacion":"Carpeta","fecha_de_publicacion":"01\/04\/2021","novedad":"1","paginas":"299","subtitulo":"","orden":"0","portada":"0","idioma":"spa","autores-libros":[{"ID":158487,"post_author":"3","post_date":"2022-10-14 15:37:14","post_date_gmt":"2022-10-14 13:37:14","post_content":"","post_title":"JANE AUSTEN","post_excerpt":"","post_status":"publish","comment_status":"closed","ping_status":"closed","post_password":"","post_name":"jane-austen-2","to_ping":"","pinged":"","post_modified":"2022-10-14 15:37:14","post_modified_gmt":"2022-10-14 13:37:14","post_content_filtered":"","post_parent":0,"guid":"http:\/\/dev.claret.cat\/autor\/jane-austen-2\/","menu_order":0,"post_type":"autor","post_mime_type":"","comment_count":"0","filter":"raw"},{"ID":169753,"post_author":"3","post_date":"2022-10-14 22:29:45","post_date_gmt":"2022-10-14 20:29:45","post_content":"","post_title":"STACY KING","post_excerpt":"","post_status":"publish","comment_status":"closed","ping_status":"closed","post_password":"","post_name":"stacy-king","to_ping":"","pinged":"","post_modified":"2022-10-14 22:29:45","post_modified_gmt":"2022-10-14 20:29:45","post_content_filtered":"","post_parent":0,"guid":"http:\/\/dev.claret.cat\/autor\/stacy-king\/","menu_order":0,"post_type":"autor","post_mime_type":"","comment_count":"0","filter":"raw"},{"ID":167373,"post_author":"3","post_date":"2022-10-14 18:10:41","post_date_gmt":"2022-10-14 16:10:41","post_content":"","post_title":"PO TSE","post_excerpt":"","post_status":"publish","comment_status":"closed","ping_status":"closed","post_password":"","post_name":"po-tse","to_ping":"","pinged":"","post_modified":"2022-10-14 18:10:41","post_modified_gmt":"2022-10-14 16:10:41","post_content_filtered":"","post_parent":0,"guid":"http:\/\/dev.claret.cat\/autor\/po-tse\/","menu_order":0,"post_type":"autor","post_mime_type":"","comment_count":"0","filter":"raw"}]},"aioseo_notices":[],"_links":{"self":[{"href":"https:\/\/www.claret.cat\/es\/wp-json\/wp\/v2\/product\/92038","targetHints":{"allow":["GET"]}}],"collection":[{"href":"https:\/\/www.claret.cat\/es\/wp-json\/wp\/v2\/product"}],"about":[{"href":"https:\/\/www.claret.cat\/es\/wp-json\/wp\/v2\/types\/product"}],"wp:featuredmedia":[{"embeddable":true,"href":"https:\/\/www.claret.cat\/es\/wp-json\/wp\/v2\/media\/92039"}],"wp:attachment":[{"href":"https:\/\/www.claret.cat\/es\/wp-json\/wp\/v2\/media?parent=92038"}],"wp:term":[{"taxonomy":"product_brand","embeddable":true,"href":"https:\/\/www.claret.cat\/es\/wp-json\/wp\/v2\/product_brand?post=92038"},{"taxonomy":"product_cat","embeddable":true,"href":"https:\/\/www.claret.cat\/es\/wp-json\/wp\/v2\/product_cat?post=92038"},{"taxonomy":"product_tag","embeddable":true,"href":"https:\/\/www.claret.cat\/es\/wp-json\/wp\/v2\/product_tag?post=92038"}],"curies":[{"name":"wp","href":"https:\/\/api.w.org\/{rel}","templated":true}]}}