{"id":92068,"date":"2022-10-11T21:31:26","date_gmt":"2022-10-11T19:31:26","guid":{"rendered":"http:\/\/dev.claret.cat\/producte\/cacahuetes-futboleros-3-secretos-inconfesables\/"},"modified":"2024-04-22T16:55:14","modified_gmt":"2024-04-22T14:55:14","slug":"cacahuetes-futboleros-3-secretos-inconfesables-9788408240433","status":"publish","type":"product","link":"https:\/\/www.claret.cat\/es\/libro\/cacahuetes-futboleros-3-secretos-inconfesables-9788408240433\/","title":{"rendered":"CACAHUETES FUTBOLEROS 3. \u00a1SECRETOS INCONFESABLES!"},"content":{"rendered":"<p>A los Cacahuetes solo les vale la victoria contra los Saltimbanquis si quieren ganar la Liga, pero el equipo no pasa por su mejor momento\u2026 Miguel, el entrenador, est\u00e1 enamorado y tiene la cabeza en las nubes. Aroa est\u00e1 tan furiosa que parece una bomba de relojer\u00eda a punto de estallar. Y lo peor de todo: Mauro Luque se comporta de forma extra\u00f1a y nadie sabe por qu\u00e9.<br \/> \u00bfPodr\u00e1n contar los Cacahuetes con su jugador estrella para el partido?<\/p>\n","protected":false},"excerpt":{"rendered":"<p>PALMIOLA, ISAAC \/ KOEY, MILI<\/p>\n","protected":false},"featured_media":92069,"template":"","meta":{"_acf_changed":false,"om_disable_all_campaigns":false,"rs_blank_template":"","rs_page_bg_color":"","slide_template_v7":"","inline_featured_image":false,"_monsterinsights_skip_tracking":false,"_monsterinsights_sitenote_active":false,"_monsterinsights_sitenote_note":"","_monsterinsights_sitenote_category":0},"product_brand":[],"product_cat":[132,362],"product_tag":[],"class_list":{"0":"post-92068","1":"product","2":"type-product","3":"status-publish","4":"has-post-thumbnail","6":"product_cat-lectures-per-preadolescents-6-12-anys","7":"product_cat-libros-preadolescentes-6-12-anos","9":"first","10":"instock","11":"taxable","12":"shipping-taxable","13":"purchasable","14":"product-type-simple"},"acf":{"editorial":[{"ID":6233,"post_author":"3","post_date":"2022-07-28 17:47:48","post_date_gmt":"2022-07-28 15:47:48","post_content":"","post_title":"EDITORIAL PLANETA","post_excerpt":"","post_status":"publish","comment_status":"closed","ping_status":"closed","post_password":"","post_name":"editorial-planeta","to_ping":"","pinged":"","post_modified":"2022-07-28 17:47:48","post_modified_gmt":"2022-07-28 15:47:48","post_content_filtered":"","post_parent":0,"guid":"http:\/\/dev.claret.cat\/editorial\/editorial-planeta\/","menu_order":0,"post_type":"editorial","post_mime_type":"","comment_count":"0","filter":"raw"}],"autores-libros":[{"ID":165096,"post_author":"3","post_date":"2022-10-14 17:52:22","post_date_gmt":"2022-10-14 15:52:22","post_content":"","post_title":"MILI KOEY","post_excerpt":"","post_status":"publish","comment_status":"closed","ping_status":"closed","post_password":"","post_name":"mili-koey","to_ping":"","pinged":"","post_modified":"2022-10-14 17:52:22","post_modified_gmt":"2022-10-14 15:52:22","post_content_filtered":"","post_parent":0,"guid":"http:\/\/dev.claret.cat\/autor\/mili-koey\/","menu_order":0,"post_type":"autor","post_mime_type":"","comment_count":"0","filter":"raw"},{"ID":5554,"post_author":"3","post_date":"2022-07-28 17:26:28","post_date_gmt":"2022-07-28 15:26:28","post_content":"","post_title":"ISAAC PALMIOLA","post_excerpt":"","post_status":"publish","comment_status":"closed","ping_status":"closed","post_password":"","post_name":"isaac-palmiola","to_ping":"","pinged":"","post_modified":"2022-07-28 17:26:28","post_modified_gmt":"2022-07-28 15:26:28","post_content_filtered":"","post_parent":0,"guid":"http:\/\/dev.claret.cat\/autor\/isaac-palmiola\/","menu_order":0,"post_type":"autor","post_mime_type":"","comment_count":"0","filter":"raw"}],"autor":"PALMIOLA, ISAAC \/ KOEY, MILI","codart":"840824043","libros-coleccion":"FORA DE COL.LECCI\u00d3","ediciones":"1","encuadernacion":"R\u00fastica","fecha_de_publicacion":"01\/04\/2021","novedad":"1","paginas":"123","subtitulo":"","orden":"0","portada":"0","idioma":"spa"},"aioseo_notices":[],"_links":{"self":[{"href":"https:\/\/www.claret.cat\/es\/wp-json\/wp\/v2\/product\/92068","targetHints":{"allow":["GET"]}}],"collection":[{"href":"https:\/\/www.claret.cat\/es\/wp-json\/wp\/v2\/product"}],"about":[{"href":"https:\/\/www.claret.cat\/es\/wp-json\/wp\/v2\/types\/product"}],"wp:featuredmedia":[{"embeddable":true,"href":"https:\/\/www.claret.cat\/es\/wp-json\/wp\/v2\/media\/92069"}],"wp:attachment":[{"href":"https:\/\/www.claret.cat\/es\/wp-json\/wp\/v2\/media?parent=92068"}],"wp:term":[{"taxonomy":"product_brand","embeddable":true,"href":"https:\/\/www.claret.cat\/es\/wp-json\/wp\/v2\/product_brand?post=92068"},{"taxonomy":"product_cat","embeddable":true,"href":"https:\/\/www.claret.cat\/es\/wp-json\/wp\/v2\/product_cat?post=92068"},{"taxonomy":"product_tag","embeddable":true,"href":"https:\/\/www.claret.cat\/es\/wp-json\/wp\/v2\/product_tag?post=92068"}],"curies":[{"name":"wp","href":"https:\/\/api.w.org\/{rel}","templated":true}]}}