{"id":9208,"date":"2022-09-30T19:36:15","date_gmt":"2022-09-30T17:36:15","guid":{"rendered":"http:\/\/dev.claret.cat\/producte\/marruecos-8\/"},"modified":"2025-11-04T14:35:42","modified_gmt":"2025-11-04T13:35:42","slug":"marruecos-8-9788408175322","status":"publish","type":"product","link":"https:\/\/www.claret.cat\/es\/libro\/marruecos-8-9788408175322\/","title":{"rendered":"MARRUECOS 8"},"content":{"rendered":"<p>Marruecos, la puerta a \u00c1frica, es un lugar de una diversidad abrumadora. Este pa\u00eds ofrece al viajero cordilleras legendarias que llevan hasta los oasis del S\u00e1hara, ciudades ancestrales y fascinantes que invitan a descubrir los laber\u00ednticos callejones de sus medinas, desiertos infinitos y una rica cultura tejida durante siglos. Marruecos tiene cien rostros y sonidos diferentes, todos prestos a acoger al viajero en busca de aventuras.<\/p>\n","protected":false},"excerpt":{"rendered":"<p>LEE, JESSICA \/ ATKINSON, BRETT \/ CLAMMER, PAUL \/ MAXWELL, VIRGINIA \/ ST.LOUIS,<\/p>\n","protected":false},"featured_media":1063653,"template":"","meta":{"_acf_changed":false,"om_disable_all_campaigns":false,"rs_blank_template":"","rs_page_bg_color":"","slide_template_v7":"","inline_featured_image":false,"_monsterinsights_skip_tracking":false,"_monsterinsights_sitenote_active":false,"_monsterinsights_sitenote_note":"","_monsterinsights_sitenote_category":0},"product_brand":[],"product_cat":[557,107],"product_tag":[],"class_list":{"0":"post-9208","1":"product","2":"type-product","3":"status-publish","4":"has-post-thumbnail","6":"product_cat-guias-de-viaje","7":"product_cat-guies-de-viatge","9":"first","10":"outofstock","11":"taxable","12":"shipping-taxable","13":"purchasable","14":"product-type-simple"},"acf":{"autor":"LEE, JESSICA \/ ATKINSON, BRETT \/ CLAMMER, PAUL \/ MAXWELL, VIRGINIA \/ ST.LOUIS,","codart":"840817532","libros-coleccion":"Gu\u00edas de Pa\u00eds Lonely Planet","ediciones":"1","encuadernacion":"R\u00fastica","fecha_de_publicacion":"01\/11\/2017","novedad":"0","paginas":"518","subtitulo":"","orden":"0","portada":"0","idioma":"spa","editorial":[{"ID":6377,"post_author":"3","post_date":"2022-07-28 17:50:53","post_date_gmt":"2022-07-28 15:50:53","post_content":"","post_title":"Timun Mas CAT","post_excerpt":"","post_status":"publish","comment_status":"closed","ping_status":"closed","post_password":"","post_name":"timun-mas-cat","to_ping":"","pinged":"","post_modified":"2022-07-28 17:50:53","post_modified_gmt":"2022-07-28 15:50:53","post_content_filtered":"","post_parent":0,"guid":"http:\/\/dev.claret.cat\/editorial\/timun-mas-cat\/","menu_order":0,"post_type":"editorial","post_mime_type":"","comment_count":"0","filter":"raw"}],"autores-libros":[{"ID":159068,"post_author":"3","post_date":"2022-10-14 15:41:50","post_date_gmt":"2022-10-14 13:41:50","post_content":"","post_title":"JESSICA LEE","post_excerpt":"","post_status":"publish","comment_status":"closed","ping_status":"closed","post_password":"","post_name":"jessica-lee","to_ping":"","pinged":"","post_modified":"2022-10-14 15:41:50","post_modified_gmt":"2022-10-14 13:41:50","post_content_filtered":"","post_parent":0,"guid":"http:\/\/dev.claret.cat\/autor\/jessica-lee\/","menu_order":0,"post_type":"autor","post_mime_type":"","comment_count":"0","filter":"raw"},{"ID":171158,"post_author":"3","post_date":"2022-10-14 22:41:08","post_date_gmt":"2022-10-14 20:41:08","post_content":"","post_title":"VIRGINIA MAXWELL","post_excerpt":"","post_status":"publish","comment_status":"closed","ping_status":"closed","post_password":"","post_name":"virginia-maxwell","to_ping":"","pinged":"","post_modified":"2022-10-14 22:41:08","post_modified_gmt":"2022-10-14 20:41:08","post_content_filtered":"","post_parent":0,"guid":"http:\/\/dev.claret.cat\/autor\/virginia-maxwell\/","menu_order":0,"post_type":"autor","post_mime_type":"","comment_count":"0","filter":"raw"},{"ID":169747,"post_author":"3","post_date":"2022-10-14 22:29:42","post_date_gmt":"2022-10-14 20:29:42","post_content":"","post_title":"ST.LOUIS","post_excerpt":"","post_status":"publish","comment_status":"closed","ping_status":"closed","post_password":"","post_name":"st-louis","to_ping":"","pinged":"","post_modified":"2022-10-14 22:29:42","post_modified_gmt":"2022-10-14 20:29:42","post_content_filtered":"","post_parent":0,"guid":"http:\/\/dev.claret.cat\/autor\/st-louis\/","menu_order":0,"post_type":"autor","post_mime_type":"","comment_count":"0","filter":"raw"},{"ID":151878,"post_author":"3","post_date":"2022-10-14 14:44:21","post_date_gmt":"2022-10-14 12:44:21","post_content":"","post_title":"BRETT ATKINSON","post_excerpt":"","post_status":"publish","comment_status":"closed","ping_status":"closed","post_password":"","post_name":"brett-atkinson","to_ping":"","pinged":"","post_modified":"2022-10-14 14:44:21","post_modified_gmt":"2022-10-14 12:44:21","post_content_filtered":"","post_parent":0,"guid":"http:\/\/dev.claret.cat\/autor\/brett-atkinson\/","menu_order":0,"post_type":"autor","post_mime_type":"","comment_count":"0","filter":"raw"},{"ID":166723,"post_author":"3","post_date":"2022-10-14 18:05:32","post_date_gmt":"2022-10-14 16:05:32","post_content":"","post_title":"PAUL CLAMMER","post_excerpt":"","post_status":"publish","comment_status":"closed","ping_status":"closed","post_password":"","post_name":"paul-clammer","to_ping":"","pinged":"","post_modified":"2022-10-14 18:05:32","post_modified_gmt":"2022-10-14 16:05:32","post_content_filtered":"","post_parent":0,"guid":"http:\/\/dev.claret.cat\/autor\/paul-clammer\/","menu_order":0,"post_type":"autor","post_mime_type":"","comment_count":"0","filter":"raw"}],"booktrailer":"","resenas":""},"aioseo_notices":[],"_links":{"self":[{"href":"https:\/\/www.claret.cat\/es\/wp-json\/wp\/v2\/product\/9208","targetHints":{"allow":["GET"]}}],"collection":[{"href":"https:\/\/www.claret.cat\/es\/wp-json\/wp\/v2\/product"}],"about":[{"href":"https:\/\/www.claret.cat\/es\/wp-json\/wp\/v2\/types\/product"}],"wp:featuredmedia":[{"embeddable":true,"href":"https:\/\/www.claret.cat\/es\/wp-json\/wp\/v2\/media\/1063653"}],"wp:attachment":[{"href":"https:\/\/www.claret.cat\/es\/wp-json\/wp\/v2\/media?parent=9208"}],"wp:term":[{"taxonomy":"product_brand","embeddable":true,"href":"https:\/\/www.claret.cat\/es\/wp-json\/wp\/v2\/product_brand?post=9208"},{"taxonomy":"product_cat","embeddable":true,"href":"https:\/\/www.claret.cat\/es\/wp-json\/wp\/v2\/product_cat?post=9208"},{"taxonomy":"product_tag","embeddable":true,"href":"https:\/\/www.claret.cat\/es\/wp-json\/wp\/v2\/product_tag?post=9208"}],"curies":[{"name":"wp","href":"https:\/\/api.w.org\/{rel}","templated":true}]}}