{"id":92080,"date":"2022-10-11T21:31:36","date_gmt":"2022-10-11T19:31:36","guid":{"rendered":"http:\/\/dev.claret.cat\/producte\/exi-bienvenidos-a-glitch-city\/"},"modified":"2023-01-28T06:57:44","modified_gmt":"2023-01-28T05:57:44","slug":"exi-bienvenidos-a-glitch-city-9788408240389","status":"publish","type":"product","link":"https:\/\/www.claret.cat\/es\/libro\/exi-bienvenidos-a-glitch-city-9788408240389\/","title":{"rendered":"EXI. BIENVENIDOS A GLITCH CITY"},"content":{"rendered":"<p>\u00a1Hola, lector! \u00a1Soy Exi! Puede que me conozcas por mi canal de YouTube, donde hago muchas cosas locas, hay salseo, nos re\u00edmos un mont\u00f3n y\u2026 \u00a1Eh! \u00a1No! Espera, deja el m\u00f3vil, \u00a1YouTube ahora, no! Qu\u00e9date conmigo. Vale, estupendo, genial. Gracias.<br \/> S\u00ed, lo s\u00e9. Algunos piensan que leer es aburrido, que cuesta demasiado, pero era la mejor forma de contarte la historia m\u00e1s \u00e9pica y flipante jam\u00e1s contada. Es algo que me pas\u00f3 cuando ten\u00eda catorce a\u00f1os. Cuando me mud\u00e9 con mis padres a Glitch City, un lugar secreto en medio de las monta\u00f1as, la ciudad m\u00e1s molona que puedas imaginar. All\u00ed conoc\u00ed a mis mejores amigos, Gigiis y Oscarito, justo antes de convertirme en el piloto m\u00e1s joven de la Drone Derby. \u00bfC\u00f3mo? \u00bfQue me lo estoy inventando? \u00bfT\u00fa crees? Y, de todos modos, \u00bfqu\u00e9 m\u00e1s da? La puerta de la imaginaci\u00f3n est\u00e1 abierta, y dentro te esperan coches voladores, edificios futuristas, carreras de drones con realidad virtual\u2026 \u00bfMe acompa\u00f1as? \u00a1Bienvenido a Glitch City!<\/p>\n","protected":false},"excerpt":{"rendered":"<p>EXI<\/p>\n","protected":false},"featured_media":92081,"template":"","meta":{"_acf_changed":false,"om_disable_all_campaigns":false,"rs_blank_template":"","rs_page_bg_color":"","slide_template_v7":"","inline_featured_image":false,"_monsterinsights_skip_tracking":false,"_monsterinsights_sitenote_active":false,"_monsterinsights_sitenote_note":"","_monsterinsights_sitenote_category":0},"product_brand":[],"product_cat":[127],"product_tag":[],"class_list":{"0":"post-92080","1":"product","2":"type-product","3":"status-publish","4":"has-post-thumbnail","6":"product_cat-novella-contemporania","8":"first","9":"instock","10":"taxable","11":"shipping-taxable","12":"purchasable","13":"product-type-simple"},"acf":{"editorial":[{"ID":6233,"post_author":"3","post_date":"2022-07-28 17:47:48","post_date_gmt":"2022-07-28 15:47:48","post_content":"","post_title":"EDITORIAL PLANETA","post_excerpt":"","post_status":"publish","comment_status":"closed","ping_status":"closed","post_password":"","post_name":"editorial-planeta","to_ping":"","pinged":"","post_modified":"2022-07-28 17:47:48","post_modified_gmt":"2022-07-28 15:47:48","post_content_filtered":"","post_parent":0,"guid":"http:\/\/dev.claret.cat\/editorial\/editorial-planeta\/","menu_order":0,"post_type":"editorial","post_mime_type":"","comment_count":"0","filter":"raw"}],"autores-libros":[{"ID":155576,"post_author":"3","post_date":"2022-10-14 15:13:56","post_date_gmt":"2022-10-14 13:13:56","post_content":"","post_title":"EXI","post_excerpt":"","post_status":"publish","comment_status":"closed","ping_status":"closed","post_password":"","post_name":"exi","to_ping":"","pinged":"","post_modified":"2022-10-14 15:13:56","post_modified_gmt":"2022-10-14 13:13:56","post_content_filtered":"","post_parent":0,"guid":"http:\/\/dev.claret.cat\/autor\/exi\/","menu_order":0,"post_type":"autor","post_mime_type":"","comment_count":"0","filter":"raw"}],"autor":"EXI","codart":"840824038","libros-coleccion":"Youtubers infantiles","ediciones":"1","encuadernacion":"Carton\u00e9","fecha_de_publicacion":"01\/04\/2021","novedad":"1","paginas":"175","subtitulo":"","orden":"0","portada":"0","idioma":"spa"},"aioseo_notices":[],"_links":{"self":[{"href":"https:\/\/www.claret.cat\/es\/wp-json\/wp\/v2\/product\/92080","targetHints":{"allow":["GET"]}}],"collection":[{"href":"https:\/\/www.claret.cat\/es\/wp-json\/wp\/v2\/product"}],"about":[{"href":"https:\/\/www.claret.cat\/es\/wp-json\/wp\/v2\/types\/product"}],"wp:featuredmedia":[{"embeddable":true,"href":"https:\/\/www.claret.cat\/es\/wp-json\/wp\/v2\/media\/92081"}],"wp:attachment":[{"href":"https:\/\/www.claret.cat\/es\/wp-json\/wp\/v2\/media?parent=92080"}],"wp:term":[{"taxonomy":"product_brand","embeddable":true,"href":"https:\/\/www.claret.cat\/es\/wp-json\/wp\/v2\/product_brand?post=92080"},{"taxonomy":"product_cat","embeddable":true,"href":"https:\/\/www.claret.cat\/es\/wp-json\/wp\/v2\/product_cat?post=92080"},{"taxonomy":"product_tag","embeddable":true,"href":"https:\/\/www.claret.cat\/es\/wp-json\/wp\/v2\/product_tag?post=92080"}],"curies":[{"name":"wp","href":"https:\/\/api.w.org\/{rel}","templated":true}]}}