{"id":92279,"date":"2022-10-11T21:34:23","date_gmt":"2022-10-11T19:34:23","guid":{"rendered":"http:\/\/dev.claret.cat\/producte\/aigua-magica-a-la-selva\/"},"modified":"2023-01-28T07:59:51","modified_gmt":"2023-01-28T06:59:51","slug":"aigua-magica-a-la-selva-9788412274530","status":"publish","type":"product","link":"https:\/\/www.claret.cat\/es\/libro\/aigua-magica-a-la-selva-9788412274530\/","title":{"rendered":"AIGUA M\u00c0GICA A LA SELVA"},"content":{"rendered":"<p>La selva \u00e9s plena de colors i sorpreses. Vols descobrir-ne tots els secrets? Humiteja amb una mica d&#8221;aigua les parts blanques de cada dibuix. Pots fer-ho amb un pinzell (no incl\u00f2s) o directament amb el dit. Far\u00e0s m\u00e0gia! Un cop sec, els dibuixos desapareixeran i podr\u00e0s comen\u00e7ar de nou. Deixa el llibre obert perqu\u00e8 s&#8221;assequi encara m\u00e9s r\u00e0pid i prepara&#8221;t per a hores i hores de diversi\u00f3.<br \/> Llan\u00e7ament simultani amb &#8221;Aigua m\u00e0gica a la granja&#8221;.<\/p>\n","protected":false},"excerpt":{"rendered":"<p>KRAGULJ, VANJA \/ STUDIO IMAGE BOOKS<\/p>\n","protected":false},"featured_media":92280,"template":"","meta":{"_acf_changed":false,"om_disable_all_campaigns":false,"rs_blank_template":"","rs_page_bg_color":"","slide_template_v7":"","inline_featured_image":false,"_monsterinsights_skip_tracking":false,"_monsterinsights_sitenote_active":false,"_monsterinsights_sitenote_note":"","_monsterinsights_sitenote_category":0},"product_brand":[],"product_cat":[131],"product_tag":[],"class_list":{"0":"post-92279","1":"product","2":"type-product","3":"status-publish","4":"has-post-thumbnail","6":"product_cat-contes-per-infants-0-6-anys","8":"first","9":"instock","10":"taxable","11":"shipping-taxable","12":"purchasable","13":"product-type-simple"},"acf":{"editorial":[{"ID":6286,"post_author":"3","post_date":"2022-07-28 17:48:56","post_date_gmt":"2022-07-28 15:48:56","post_content":"","post_title":"Librooks Barcelona","post_excerpt":"","post_status":"publish","comment_status":"closed","ping_status":"closed","post_password":"","post_name":"librooks-barcelona","to_ping":"","pinged":"","post_modified":"2022-07-28 17:48:56","post_modified_gmt":"2022-07-28 15:48:56","post_content_filtered":"","post_parent":0,"guid":"http:\/\/dev.claret.cat\/editorial\/librooks-barcelona\/","menu_order":0,"post_type":"editorial","post_mime_type":"","comment_count":"0","filter":"raw"}],"autores-libros":[{"ID":170834,"post_author":"3","post_date":"2022-10-14 22:38:32","post_date_gmt":"2022-10-14 20:38:32","post_content":"","post_title":"VANJA KRAGULJ","post_excerpt":"","post_status":"publish","comment_status":"closed","ping_status":"closed","post_password":"","post_name":"vanja-kragulj","to_ping":"","pinged":"","post_modified":"2022-10-14 22:38:32","post_modified_gmt":"2022-10-14 20:38:32","post_content_filtered":"","post_parent":0,"guid":"http:\/\/dev.claret.cat\/autor\/vanja-kragulj\/","menu_order":0,"post_type":"autor","post_mime_type":"","comment_count":"0","filter":"raw"},{"ID":169885,"post_author":"3","post_date":"2022-10-14 22:30:48","post_date_gmt":"2022-10-14 20:30:48","post_content":"","post_title":"STUDIO IMAGE BOOKS","post_excerpt":"","post_status":"publish","comment_status":"closed","ping_status":"closed","post_password":"","post_name":"studio-image-books","to_ping":"","pinged":"","post_modified":"2022-10-14 22:30:48","post_modified_gmt":"2022-10-14 20:30:48","post_content_filtered":"","post_parent":0,"guid":"http:\/\/dev.claret.cat\/autor\/studio-image-books\/","menu_order":0,"post_type":"autor","post_mime_type":"","comment_count":"0","filter":"raw"}],"autor":"KRAGULJ, VANJA \/ STUDIO IMAGE BOOKS","codart":"841227453","libros-coleccion":"Imagina","ediciones":"1","encuadernacion":"Carton\u00e9","fecha_de_publicacion":"01\/12\/2020","novedad":"1","paginas":"12","subtitulo":"","orden":"0","portada":"0","idioma":"cat"},"aioseo_notices":[],"_links":{"self":[{"href":"https:\/\/www.claret.cat\/es\/wp-json\/wp\/v2\/product\/92279","targetHints":{"allow":["GET"]}}],"collection":[{"href":"https:\/\/www.claret.cat\/es\/wp-json\/wp\/v2\/product"}],"about":[{"href":"https:\/\/www.claret.cat\/es\/wp-json\/wp\/v2\/types\/product"}],"wp:featuredmedia":[{"embeddable":true,"href":"https:\/\/www.claret.cat\/es\/wp-json\/wp\/v2\/media\/92280"}],"wp:attachment":[{"href":"https:\/\/www.claret.cat\/es\/wp-json\/wp\/v2\/media?parent=92279"}],"wp:term":[{"taxonomy":"product_brand","embeddable":true,"href":"https:\/\/www.claret.cat\/es\/wp-json\/wp\/v2\/product_brand?post=92279"},{"taxonomy":"product_cat","embeddable":true,"href":"https:\/\/www.claret.cat\/es\/wp-json\/wp\/v2\/product_cat?post=92279"},{"taxonomy":"product_tag","embeddable":true,"href":"https:\/\/www.claret.cat\/es\/wp-json\/wp\/v2\/product_tag?post=92279"}],"curies":[{"name":"wp","href":"https:\/\/api.w.org\/{rel}","templated":true}]}}