{"id":92508,"date":"2022-10-11T21:37:35","date_gmt":"2022-10-11T19:37:35","guid":{"rendered":"http:\/\/dev.claret.cat\/producte\/todos-hermanos\/"},"modified":"2024-05-02T05:40:42","modified_gmt":"2024-05-02T03:40:42","slug":"todos-hermanos-9788428836746","status":"publish","type":"product","link":"https:\/\/www.claret.cat\/es\/libro\/todos-hermanos-9788428836746\/","title":{"rendered":"TODOS HERMANOS"},"content":{"rendered":"<p>Esta obra ofrece el texto completo de la enc\u00edclica Fratelli tutti, las claves fundamentales para acercarse a ella y propuestas espec\u00edficas para \u201caprojimarse\u201d con algunas cuestiones para traducirlas en hechos concretos. Adem\u00e1s se incluyen propuestas de trabajo para profundizar en el contenido de cada cap\u00edtulo (pautas para el acercamiento personal y el encuentro en grupo, claves, oraci\u00f3n, im\u00e1genes, canciones, pel\u00edculas\u2026), \u201cpara aceptar el desaf\u00edo de so\u00f1ar y pensar en otra humanidad\u201d y convertirlo en realidad.<\/p>\n","protected":false},"excerpt":{"rendered":"<p>OTERO, HERMINIO<\/p>\n","protected":false},"featured_media":450448,"template":"","meta":{"_acf_changed":false,"om_disable_all_campaigns":false,"rs_blank_template":"","rs_page_bg_color":"","slide_template_v7":"","inline_featured_image":false,"_monsterinsights_skip_tracking":false,"_monsterinsights_sitenote_active":false,"_monsterinsights_sitenote_note":"","_monsterinsights_sitenote_category":0},"product_brand":[],"product_cat":[468,207],"product_tag":[],"class_list":{"0":"post-92508","1":"product","2":"type-product","3":"status-publish","4":"has-post-thumbnail","6":"product_cat-epistolas-catolicas","7":"product_cat-epistoles-catoliques","9":"first","10":"instock","11":"taxable","12":"shipping-taxable","13":"purchasable","14":"product-type-simple"},"acf":{"editorial":[{"ID":6335,"post_author":"3","post_date":"2022-07-28 17:49:59","post_date_gmt":"2022-07-28 15:49:59","post_content":"","post_title":"PPC altres","post_excerpt":"","post_status":"publish","comment_status":"closed","ping_status":"closed","post_password":"","post_name":"ppc-altres","to_ping":"","pinged":"","post_modified":"2022-07-28 17:49:59","post_modified_gmt":"2022-07-28 15:49:59","post_content_filtered":"","post_parent":0,"guid":"http:\/\/dev.claret.cat\/editorial\/ppc-altres\/","menu_order":0,"post_type":"editorial","post_mime_type":"","comment_count":"0","filter":"raw"}],"autores-libros":[{"ID":5538,"post_author":"3","post_date":"2022-07-28 17:26:08","post_date_gmt":"2022-07-28 15:26:08","post_content":"","post_title":"HERMINIO OTERO","post_excerpt":"","post_status":"publish","comment_status":"closed","ping_status":"closed","post_password":"","post_name":"herminio-otero","to_ping":"","pinged":"","post_modified":"2022-07-28 17:26:08","post_modified_gmt":"2022-07-28 15:26:08","post_content_filtered":"","post_parent":0,"guid":"http:\/\/dev.claret.cat\/autor\/herminio-otero\/","menu_order":0,"post_type":"autor","post_mime_type":"","comment_count":"0","filter":"raw"}],"autor":"OTERO, HERMINIO","codart":"842883674","libros-coleccion":"","ediciones":"1","encuadernacion":"R\u00fastica","fecha_de_publicacion":"31\/03\/2021","novedad":"1","paginas":"272","subtitulo":"LA FRATERNIDAD Y LA AMISTAD SOCIAL - FRATELLI TUTTI","orden":"0","portada":"0","idioma":"spa"},"aioseo_notices":[],"_links":{"self":[{"href":"https:\/\/www.claret.cat\/es\/wp-json\/wp\/v2\/product\/92508","targetHints":{"allow":["GET"]}}],"collection":[{"href":"https:\/\/www.claret.cat\/es\/wp-json\/wp\/v2\/product"}],"about":[{"href":"https:\/\/www.claret.cat\/es\/wp-json\/wp\/v2\/types\/product"}],"wp:featuredmedia":[{"embeddable":true,"href":"https:\/\/www.claret.cat\/es\/wp-json\/wp\/v2\/media\/450448"}],"wp:attachment":[{"href":"https:\/\/www.claret.cat\/es\/wp-json\/wp\/v2\/media?parent=92508"}],"wp:term":[{"taxonomy":"product_brand","embeddable":true,"href":"https:\/\/www.claret.cat\/es\/wp-json\/wp\/v2\/product_brand?post=92508"},{"taxonomy":"product_cat","embeddable":true,"href":"https:\/\/www.claret.cat\/es\/wp-json\/wp\/v2\/product_cat?post=92508"},{"taxonomy":"product_tag","embeddable":true,"href":"https:\/\/www.claret.cat\/es\/wp-json\/wp\/v2\/product_tag?post=92508"}],"curies":[{"name":"wp","href":"https:\/\/api.w.org\/{rel}","templated":true}]}}