{"id":92550,"date":"2022-10-11T21:38:10","date_gmt":"2022-10-11T19:38:10","guid":{"rendered":"http:\/\/dev.claret.cat\/producte\/sant-just-desvern-desaparegut\/"},"modified":"2026-03-24T11:55:27","modified_gmt":"2026-03-24T10:55:27","slug":"sant-just-desvern-desaparegut-9788418243264","status":"publish","type":"product","link":"https:\/\/www.claret.cat\/es\/libro\/sant-just-desvern-desaparegut-9788418243264\/","title":{"rendered":"SANT JUST DESVERN DESAPAREGUT"},"content":{"rendered":"<p>A inicis del segle xx, Sant Just Desvern era un poble rural, amagat a vuit quil\u00f2metres de Barcelona i municipi d\u2019estiueig dels burgesos. Amb la vall agr\u00edcola i les masies, gaudia d\u2019un paisatge id\u00edl\u00b7lic. Els grans propietaris crearen l\u2019eixample, ve\u00efnat tranquil envoltat de torres. Hi hagu\u00e9 un canvi de paradigma amb la f\u00e0brica de ciment, quatre b\u00f2biles i la f\u00e0brica de pastes. Connectada la carretera amb el nucli antic, la construcci\u00f3 d\u2019Els Pisos i de noves zones industrials, a m\u00e9s dels habitatges del Walden i del rodal, van acabar de reblar el clau urban\u00edstic d\u2019un poble.<\/p>\n","protected":false},"excerpt":{"rendered":"<p>FONT, PERE &#8211; OCHOA, JULI<\/p>\n","protected":false},"featured_media":1092043,"template":"","meta":{"_acf_changed":false,"om_disable_all_campaigns":false,"rs_blank_template":"","rs_page_bg_color":"","slide_template_v7":"","inline_featured_image":false,"_monsterinsights_skip_tracking":false,"_monsterinsights_sitenote_active":false,"_monsterinsights_sitenote_note":"","_monsterinsights_sitenote_category":0},"product_brand":[],"product_cat":[430,153],"product_tag":[],"class_list":{"0":"post-92550","1":"product","2":"type-product","3":"status-publish","4":"has-post-thumbnail","6":"product_cat-cataluna","7":"product_cat-catalunya","9":"first","10":"outofstock","11":"taxable","12":"shipping-taxable","13":"purchasable","14":"product-type-simple"},"acf":{"autor":"FONT, PERE - OCHOA, JULI","codart":"841824326","libros-coleccion":"","ediciones":"1","encuadernacion":"Carton\u00e9","fecha_de_publicacion":"30\/03\/2021","novedad":"1","paginas":"184","subtitulo":"","orden":"0","portada":"0","idioma":"cat","editorial":[{"ID":147966,"post_author":"3","post_date":"2022-10-14 11:54:36","post_date_gmt":"2022-10-14 09:54:36","post_content":"","post_title":"EDITORIAL EFADOS","post_excerpt":"","post_status":"publish","comment_status":"closed","ping_status":"closed","post_password":"","post_name":"editorial-efados","to_ping":"","pinged":"","post_modified":"2022-10-14 11:54:36","post_modified_gmt":"2022-10-14 09:54:36","post_content_filtered":"","post_parent":0,"guid":"http:\/\/dev.claret.cat\/editorial\/editorial-efados\/","menu_order":0,"post_type":"editorial","post_mime_type":"","comment_count":"0","filter":"raw"}],"autores-libros":[{"ID":166994,"post_author":"3","post_date":"2022-10-14 18:07:41","post_date_gmt":"2022-10-14 16:07:41","post_content":"","post_title":"PERE - OCHOA FONT","post_excerpt":"","post_status":"publish","comment_status":"closed","ping_status":"closed","post_password":"","post_name":"pere-ochoa-font","to_ping":"","pinged":"","post_modified":"2022-10-14 18:07:41","post_modified_gmt":"2022-10-14 16:07:41","post_content_filtered":"","post_parent":0,"guid":"http:\/\/dev.claret.cat\/autor\/pere-ochoa-font\/","menu_order":0,"post_type":"autor","post_mime_type":"","comment_count":"0","filter":"raw"}],"booktrailer":"","resenas":""},"aioseo_notices":[],"_links":{"self":[{"href":"https:\/\/www.claret.cat\/es\/wp-json\/wp\/v2\/product\/92550","targetHints":{"allow":["GET"]}}],"collection":[{"href":"https:\/\/www.claret.cat\/es\/wp-json\/wp\/v2\/product"}],"about":[{"href":"https:\/\/www.claret.cat\/es\/wp-json\/wp\/v2\/types\/product"}],"wp:featuredmedia":[{"embeddable":true,"href":"https:\/\/www.claret.cat\/es\/wp-json\/wp\/v2\/media\/1092043"}],"wp:attachment":[{"href":"https:\/\/www.claret.cat\/es\/wp-json\/wp\/v2\/media?parent=92550"}],"wp:term":[{"taxonomy":"product_brand","embeddable":true,"href":"https:\/\/www.claret.cat\/es\/wp-json\/wp\/v2\/product_brand?post=92550"},{"taxonomy":"product_cat","embeddable":true,"href":"https:\/\/www.claret.cat\/es\/wp-json\/wp\/v2\/product_cat?post=92550"},{"taxonomy":"product_tag","embeddable":true,"href":"https:\/\/www.claret.cat\/es\/wp-json\/wp\/v2\/product_tag?post=92550"}],"curies":[{"name":"wp","href":"https:\/\/api.w.org\/{rel}","templated":true}]}}