{"id":92598,"date":"2022-10-11T21:38:47","date_gmt":"2022-10-11T19:38:47","guid":{"rendered":"http:\/\/dev.claret.cat\/producte\/badalona-sobre-rodes\/"},"modified":"2023-01-28T18:14:19","modified_gmt":"2023-01-28T17:14:19","slug":"badalona-sobre-rodes-9788418243431","status":"publish","type":"product","link":"https:\/\/www.claret.cat\/es\/libro\/badalona-sobre-rodes-9788418243431\/","title":{"rendered":"BADALONA SOBRE RODES"},"content":{"rendered":"<p>Aquest llibre ens condueix pel m\u00f3n del transport terrestre a la ciutat. Amb les rodes com a element com\u00fa, veurem com la irrupci\u00f3 del ferrocarril el 1848 marca el dest\u00ed de la poblaci\u00f3, que es convertir\u00e0 en un gran nucli industrial. Primer gradualment i despr\u00e9s de forma molt r\u00e0pida, els vehicles mec\u00e0nics s\u2019apoderaran dels carrers de Badalona, que s\u2019adaptar\u00e0 al tr\u00e0nsit en una din\u00e0mica de creixement descontrolat, que derivar\u00e0 en greus mancances. El llibre no deixa de banda aspectes m\u00e9s l\u00fadics del m\u00f3n de les rodes, com l\u2019esport, les joguines, les atraccions o les activitats festives.<\/p>\n","protected":false},"excerpt":{"rendered":"<p>ABRAS, MARGARIDA &#8211; NIETO, M.DOLORS<\/p>\n","protected":false},"featured_media":92599,"template":"","meta":{"_acf_changed":false,"om_disable_all_campaigns":false,"rs_blank_template":"","rs_page_bg_color":"","slide_template_v7":"","inline_featured_image":false,"_monsterinsights_skip_tracking":false,"_monsterinsights_sitenote_active":false,"_monsterinsights_sitenote_note":"","_monsterinsights_sitenote_category":0},"product_brand":[],"product_cat":[153],"product_tag":[],"class_list":{"0":"post-92598","1":"product","2":"type-product","3":"status-publish","4":"has-post-thumbnail","6":"product_cat-catalunya","8":"first","9":"instock","10":"taxable","11":"shipping-taxable","12":"purchasable","13":"product-type-simple"},"acf":{"autor":"ABRAS, MARGARIDA - NIETO, M.DOLORS","codart":"841824343","libros-coleccion":"","ediciones":"1","encuadernacion":"Carton\u00e9","fecha_de_publicacion":"01\/03\/2021","novedad":"1","paginas":"184","subtitulo":"","orden":"0","portada":"0","idioma":"cat","editorial":[{"ID":148055,"post_author":"3","post_date":"2022-10-14 11:55:17","post_date_gmt":"2022-10-14 09:55:17","post_content":"","post_title":"EFADOS EDICIONS","post_excerpt":"","post_status":"publish","comment_status":"closed","ping_status":"closed","post_password":"","post_name":"efados-edicions","to_ping":"","pinged":"","post_modified":"2022-10-14 11:55:17","post_modified_gmt":"2022-10-14 09:55:17","post_content_filtered":"","post_parent":0,"guid":"http:\/\/dev.claret.cat\/editorial\/efados-edicions\/","menu_order":0,"post_type":"editorial","post_mime_type":"","comment_count":"0","filter":"raw"}],"autores-libros":[{"ID":163466,"post_author":"3","post_date":"2022-10-14 17:39:15","post_date_gmt":"2022-10-14 15:39:15","post_content":"","post_title":"MARGARIDA - NIETO ABRAS","post_excerpt":"","post_status":"publish","comment_status":"closed","ping_status":"closed","post_password":"","post_name":"margarida-nieto-abras","to_ping":"","pinged":"","post_modified":"2022-10-14 17:39:15","post_modified_gmt":"2022-10-14 15:39:15","post_content_filtered":"","post_parent":0,"guid":"http:\/\/dev.claret.cat\/autor\/margarida-nieto-abras\/","menu_order":0,"post_type":"autor","post_mime_type":"","comment_count":"0","filter":"raw"}]},"aioseo_notices":[],"_links":{"self":[{"href":"https:\/\/www.claret.cat\/es\/wp-json\/wp\/v2\/product\/92598","targetHints":{"allow":["GET"]}}],"collection":[{"href":"https:\/\/www.claret.cat\/es\/wp-json\/wp\/v2\/product"}],"about":[{"href":"https:\/\/www.claret.cat\/es\/wp-json\/wp\/v2\/types\/product"}],"wp:featuredmedia":[{"embeddable":true,"href":"https:\/\/www.claret.cat\/es\/wp-json\/wp\/v2\/media\/92599"}],"wp:attachment":[{"href":"https:\/\/www.claret.cat\/es\/wp-json\/wp\/v2\/media?parent=92598"}],"wp:term":[{"taxonomy":"product_brand","embeddable":true,"href":"https:\/\/www.claret.cat\/es\/wp-json\/wp\/v2\/product_brand?post=92598"},{"taxonomy":"product_cat","embeddable":true,"href":"https:\/\/www.claret.cat\/es\/wp-json\/wp\/v2\/product_cat?post=92598"},{"taxonomy":"product_tag","embeddable":true,"href":"https:\/\/www.claret.cat\/es\/wp-json\/wp\/v2\/product_tag?post=92598"}],"curies":[{"name":"wp","href":"https:\/\/api.w.org\/{rel}","templated":true}]}}