{"id":92622,"date":"2022-10-11T21:39:06","date_gmt":"2022-10-11T19:39:06","guid":{"rendered":"http:\/\/dev.claret.cat\/producte\/tarragona-la-segona-republica\/"},"modified":"2023-01-28T10:32:33","modified_gmt":"2023-01-28T09:32:33","slug":"tarragona-la-segona-republica","status":"publish","type":"product","link":"https:\/\/www.claret.cat\/es\/libro\/tarragona-la-segona-republica\/","title":{"rendered":"TARRAGONA. LA SEGONA REP\u00daBLICA"},"content":{"rendered":"<p>Aquest llibre proposa un passeig visual per la Tarragona del per\u00edode compr\u00e8s entre els anys 1931 i 1936, \u00e9s a dir, des de la proclamaci\u00f3 de la Segona Rep\u00fablica el 14 d\u2019abril del 1931 fins al cop d\u2019estat dels militars rebels del 18 de juliol del 1936 que provoc\u00e0 la Guerra Civil. Les imatges que es conserven en el Centre d\u2019Imatges de Tarragona \/ L\u2019Arxiu ens permeten ara, noranta anys despr\u00e9s, mirar enrere i endinsar-nos en la Tarragona que maldava per implantar els valors republicans amb la voluntat de construir una societat m\u00e9s lliure, justa, culta i pr\u00f2spera.<\/p>\n","protected":false},"excerpt":{"rendered":"<p>PIQU\u00c9, JORDI; GAS, BLANCA<\/p>\n","protected":false},"featured_media":92623,"template":"","meta":{"_acf_changed":false,"om_disable_all_campaigns":false,"rs_blank_template":"","rs_page_bg_color":"","slide_template_v7":"","inline_featured_image":false,"_monsterinsights_skip_tracking":false,"_monsterinsights_sitenote_active":false,"_monsterinsights_sitenote_note":"","_monsterinsights_sitenote_category":0},"product_brand":[],"product_cat":[430,153],"product_tag":[],"class_list":{"0":"post-92622","1":"product","2":"type-product","3":"status-publish","4":"has-post-thumbnail","6":"product_cat-cataluna","7":"product_cat-catalunya","9":"first","10":"instock","11":"taxable","12":"shipping-taxable","13":"purchasable","14":"product-type-simple"},"acf":{"autor":"PIQU\u00c9, JORDI; GAS, BLANCA","codart":"841824321","libros-coleccion":"","ediciones":"1","encuadernacion":"Carton\u00e9","fecha_de_publicacion":"30\/03\/2021","novedad":"1","paginas":"184","subtitulo":"","orden":"0","portada":"0","idioma":"cat","editorial":[{"ID":147966,"post_author":"3","post_date":"2022-10-14 11:54:36","post_date_gmt":"2022-10-14 09:54:36","post_content":"","post_title":"EDITORIAL EFADOS","post_excerpt":"","post_status":"publish","comment_status":"closed","ping_status":"closed","post_password":"","post_name":"editorial-efados","to_ping":"","pinged":"","post_modified":"2022-10-14 11:54:36","post_modified_gmt":"2022-10-14 09:54:36","post_content_filtered":"","post_parent":0,"guid":"http:\/\/dev.claret.cat\/editorial\/editorial-efados\/","menu_order":0,"post_type":"editorial","post_mime_type":"","comment_count":"0","filter":"raw"}],"autores-libros":[{"ID":151755,"post_author":"3","post_date":"2022-10-14 14:43:22","post_date_gmt":"2022-10-14 12:43:22","post_content":"","post_title":"BLANCA GAS","post_excerpt":"","post_status":"publish","comment_status":"closed","ping_status":"closed","post_password":"","post_name":"blanca-gas","to_ping":"","pinged":"","post_modified":"2022-10-14 14:43:22","post_modified_gmt":"2022-10-14 12:43:22","post_content_filtered":"","post_parent":0,"guid":"http:\/\/dev.claret.cat\/autor\/blanca-gas\/","menu_order":0,"post_type":"autor","post_mime_type":"","comment_count":"0","filter":"raw"},{"ID":159979,"post_author":"3","post_date":"2022-10-14 15:49:18","post_date_gmt":"2022-10-14 13:49:18","post_content":"","post_title":"JORDI PIQU\u00c9","post_excerpt":"","post_status":"publish","comment_status":"closed","ping_status":"closed","post_password":"","post_name":"jordi-pique","to_ping":"","pinged":"","post_modified":"2022-10-14 15:49:18","post_modified_gmt":"2022-10-14 13:49:18","post_content_filtered":"","post_parent":0,"guid":"http:\/\/dev.claret.cat\/autor\/jordi-pique\/","menu_order":0,"post_type":"autor","post_mime_type":"","comment_count":"0","filter":"raw"}]},"aioseo_notices":[],"_links":{"self":[{"href":"https:\/\/www.claret.cat\/es\/wp-json\/wp\/v2\/product\/92622","targetHints":{"allow":["GET"]}}],"collection":[{"href":"https:\/\/www.claret.cat\/es\/wp-json\/wp\/v2\/product"}],"about":[{"href":"https:\/\/www.claret.cat\/es\/wp-json\/wp\/v2\/types\/product"}],"wp:featuredmedia":[{"embeddable":true,"href":"https:\/\/www.claret.cat\/es\/wp-json\/wp\/v2\/media\/92623"}],"wp:attachment":[{"href":"https:\/\/www.claret.cat\/es\/wp-json\/wp\/v2\/media?parent=92622"}],"wp:term":[{"taxonomy":"product_brand","embeddable":true,"href":"https:\/\/www.claret.cat\/es\/wp-json\/wp\/v2\/product_brand?post=92622"},{"taxonomy":"product_cat","embeddable":true,"href":"https:\/\/www.claret.cat\/es\/wp-json\/wp\/v2\/product_cat?post=92622"},{"taxonomy":"product_tag","embeddable":true,"href":"https:\/\/www.claret.cat\/es\/wp-json\/wp\/v2\/product_tag?post=92622"}],"curies":[{"name":"wp","href":"https:\/\/api.w.org\/{rel}","templated":true}]}}