{"id":92646,"date":"2022-10-11T21:39:26","date_gmt":"2022-10-11T19:39:26","guid":{"rendered":"http:\/\/dev.claret.cat\/producte\/la-reina-roja\/"},"modified":"2026-02-26T14:48:35","modified_gmt":"2026-02-26T13:48:35","slug":"la-reina-roja-9788494411021","status":"publish","type":"product","link":"https:\/\/www.claret.cat\/es\/libro\/la-reina-roja-9788494411021\/","title":{"rendered":"LA REINA ROJA"},"content":{"rendered":"<p>Ambientada en un reino imaginario, esta novela nos muestra a una sociedad dividida por el color de la sangre. Por un lado est\u00e1 la gente com\u00fan que tiene sangre roja; por el otro tenemos a aquellos que poseen sangre plateada y que tienen habilidades sobrenaturales. Estos \u00faltimos forman una \u00e9lite cerrada y llena de privilegios. La protagonista es Mare, una chica de sangre roja que sobrevive en medio de la pobreza realizando peque\u00f1os robos. Cierto d\u00eda, el azar la lleva a la corte. All\u00ed demuestra tener poderes especiales, los cuales resultan ins\u00f3litos para alguien del pueblo. Ello la convierte en una anomal\u00eda que llama la atenci\u00f3n del mism\u00edsimo rey. \u00c9ste desea aprovechar en su beneficio los poderes de la joven y la hace pasar por una princesa, quien supuestamente se casar\u00e1 con uno de sus hijos. Una vez en la corte, Mare se convierte en parte del mundo de plata y, de manera secreta, ayuda a la Guardia Escarlata, un grupo que prepara una rebeli\u00f3n.<\/p>\n<p> Numero uno de The New York Times<\/p>\n","protected":false},"excerpt":{"rendered":"<p>AVEYARD, VICTORIA<\/p>\n","protected":false},"featured_media":92647,"template":"","meta":{"_acf_changed":false,"om_disable_all_campaigns":false,"rs_blank_template":"","rs_page_bg_color":"","slide_template_v7":"","inline_featured_image":false,"_monsterinsights_skip_tracking":false,"_monsterinsights_sitenote_active":false,"_monsterinsights_sitenote_note":"","_monsterinsights_sitenote_category":0},"product_brand":[],"product_cat":[133,566,117,363],"product_tag":[],"class_list":{"0":"post-92646","1":"product","2":"type-product","3":"status-publish","4":"has-post-thumbnail","6":"product_cat-lectures-per-adolescents-12-18-anys","7":"product_cat-juvenil-3_infantil-juvenil-spa-spa","8":"product_cat-juvenil","9":"product_cat-lecturas-por-adolescentes-12-18-anos","11":"first","12":"instock","13":"taxable","14":"shipping-taxable","15":"purchasable","16":"product-type-simple"},"acf":{"editorial":[{"ID":148219,"post_author":"3","post_date":"2022-10-14 11:56:33","post_date_gmt":"2022-10-14 09:56:33","post_content":"","post_title":"GRAN TRAVESIA","post_excerpt":"","post_status":"publish","comment_status":"closed","ping_status":"closed","post_password":"","post_name":"gran-travesia","to_ping":"","pinged":"","post_modified":"2022-10-14 11:56:33","post_modified_gmt":"2022-10-14 09:56:33","post_content_filtered":"","post_parent":0,"guid":"http:\/\/dev.claret.cat\/editorial\/gran-travesia\/","menu_order":0,"post_type":"editorial","post_mime_type":"","comment_count":"0","filter":"raw"}],"autor":"AVEYARD, VICTORIA","codart":"849441102","libros-coleccion":"FORA DE COL.LECCI\u00d3","ediciones":"1","encuadernacion":"R\u00fastica","fecha_de_publicacion":"01\/09\/2015","novedad":"1","paginas":"469","subtitulo":"","orden":"0","portada":"0","idioma":"spa","autores-libros":[{"ID":171069,"post_author":"3","post_date":"2022-10-14 22:40:26","post_date_gmt":"2022-10-14 20:40:26","post_content":"","post_title":"VICTORIA AVEYARD","post_excerpt":"","post_status":"publish","comment_status":"closed","ping_status":"closed","post_password":"","post_name":"victoria-aveyard","to_ping":"","pinged":"","post_modified":"2022-10-14 22:40:26","post_modified_gmt":"2022-10-14 20:40:26","post_content_filtered":"","post_parent":0,"guid":"http:\/\/dev.claret.cat\/autor\/victoria-aveyard\/","menu_order":0,"post_type":"autor","post_mime_type":"","comment_count":"0","filter":"raw"}],"booktrailer":"","resenas":""},"aioseo_notices":[],"_links":{"self":[{"href":"https:\/\/www.claret.cat\/es\/wp-json\/wp\/v2\/product\/92646","targetHints":{"allow":["GET"]}}],"collection":[{"href":"https:\/\/www.claret.cat\/es\/wp-json\/wp\/v2\/product"}],"about":[{"href":"https:\/\/www.claret.cat\/es\/wp-json\/wp\/v2\/types\/product"}],"wp:featuredmedia":[{"embeddable":true,"href":"https:\/\/www.claret.cat\/es\/wp-json\/wp\/v2\/media\/92647"}],"wp:attachment":[{"href":"https:\/\/www.claret.cat\/es\/wp-json\/wp\/v2\/media?parent=92646"}],"wp:term":[{"taxonomy":"product_brand","embeddable":true,"href":"https:\/\/www.claret.cat\/es\/wp-json\/wp\/v2\/product_brand?post=92646"},{"taxonomy":"product_cat","embeddable":true,"href":"https:\/\/www.claret.cat\/es\/wp-json\/wp\/v2\/product_cat?post=92646"},{"taxonomy":"product_tag","embeddable":true,"href":"https:\/\/www.claret.cat\/es\/wp-json\/wp\/v2\/product_tag?post=92646"}],"curies":[{"name":"wp","href":"https:\/\/api.w.org\/{rel}","templated":true}]}}