{"id":92667,"date":"2022-10-11T21:39:43","date_gmt":"2022-10-11T19:39:43","guid":{"rendered":"http:\/\/dev.claret.cat\/producte\/plantas-medicinales-para-toda-la-familia\/"},"modified":"2023-01-28T09:23:01","modified_gmt":"2023-01-28T08:23:01","slug":"plantas-medicinales-para-toda-la-familia-9788494622434","status":"publish","type":"product","link":"https:\/\/www.claret.cat\/es\/libro\/plantas-medicinales-para-toda-la-familia-9788494622434\/","title":{"rendered":"PLANTAS MEDICINALES PARA TODA LA FAMILIA"},"content":{"rendered":"<p>Una gu\u00eda fundamental para conocer a fondo las plantas medicinales y aprender a usarlas en la vida diaria.<br \/> Rosemary nos brinda un compendio de consejos sabios para vivir mejor y por m\u00e1s<br \/> tiempo, junto con un sinf\u00edn de sus recetas preferidas a base de plantas para promover el bienestar, prevenir enfermedades y abordar todo tipo de problemas de salud.<br \/> Encontrar\u00e1s remedios para mejorar la digesti\u00f3n, la salud de tus ojos, la depresi\u00f3n,<br \/> aumentar la vitalidad, aliviar los c\u00f3licos hasta c\u00f3mo organizar y elaborar el mejor spa de tu vida.<\/p>\n","protected":false},"excerpt":{"rendered":"<p>GLADSTAR, ROSEMARY<\/p>\n","protected":false},"featured_media":92668,"template":"","meta":{"_acf_changed":false,"om_disable_all_campaigns":false,"rs_blank_template":"","rs_page_bg_color":"","slide_template_v7":"","inline_featured_image":false,"_monsterinsights_skip_tracking":false,"_monsterinsights_sitenote_active":false,"_monsterinsights_sitenote_note":"","_monsterinsights_sitenote_category":0},"product_brand":[],"product_cat":[97],"product_tag":[],"class_list":{"0":"post-92667","1":"product","2":"type-product","3":"status-publish","4":"has-post-thumbnail","6":"product_cat-salut","8":"first","9":"instock","10":"taxable","11":"shipping-taxable","12":"purchasable","13":"product-type-simple"},"acf":{"editorial":[{"ID":147956,"post_author":"3","post_date":"2022-10-14 11:54:31","post_date_gmt":"2022-10-14 09:54:31","post_content":"","post_title":"Editorial Diente de Le\u00f3n","post_excerpt":"","post_status":"publish","comment_status":"closed","ping_status":"closed","post_password":"","post_name":"editorial-diente-de-leon","to_ping":"","pinged":"","post_modified":"2022-10-14 11:54:31","post_modified_gmt":"2022-10-14 09:54:31","post_content_filtered":"","post_parent":0,"guid":"http:\/\/dev.claret.cat\/editorial\/editorial-diente-de-leon\/","menu_order":0,"post_type":"editorial","post_mime_type":"","comment_count":"0","filter":"raw"}],"autor":"GLADSTAR, ROSEMARY","codart":"849462243","libros-coleccion":"Rosa y manzana","ediciones":"1","encuadernacion":"R\u00fastica","fecha_de_publicacion":"01\/05\/2019","novedad":"1","paginas":"388","subtitulo":"175 INFUSIONES, COSM\u00c9TICOS NATURALES Y REMEDIOS TRADICIONALES","orden":"0","portada":"0","idioma":"spa","autores-libros":[{"ID":168570,"post_author":"3","post_date":"2022-10-14 22:20:10","post_date_gmt":"2022-10-14 20:20:10","post_content":"","post_title":"ROSEMARY GLADSTAR","post_excerpt":"","post_status":"publish","comment_status":"closed","ping_status":"closed","post_password":"","post_name":"rosemary-gladstar","to_ping":"","pinged":"","post_modified":"2022-10-14 22:20:10","post_modified_gmt":"2022-10-14 20:20:10","post_content_filtered":"","post_parent":0,"guid":"http:\/\/dev.claret.cat\/autor\/rosemary-gladstar\/","menu_order":0,"post_type":"autor","post_mime_type":"","comment_count":"0","filter":"raw"}]},"aioseo_notices":[],"_links":{"self":[{"href":"https:\/\/www.claret.cat\/es\/wp-json\/wp\/v2\/product\/92667","targetHints":{"allow":["GET"]}}],"collection":[{"href":"https:\/\/www.claret.cat\/es\/wp-json\/wp\/v2\/product"}],"about":[{"href":"https:\/\/www.claret.cat\/es\/wp-json\/wp\/v2\/types\/product"}],"wp:featuredmedia":[{"embeddable":true,"href":"https:\/\/www.claret.cat\/es\/wp-json\/wp\/v2\/media\/92668"}],"wp:attachment":[{"href":"https:\/\/www.claret.cat\/es\/wp-json\/wp\/v2\/media?parent=92667"}],"wp:term":[{"taxonomy":"product_brand","embeddable":true,"href":"https:\/\/www.claret.cat\/es\/wp-json\/wp\/v2\/product_brand?post=92667"},{"taxonomy":"product_cat","embeddable":true,"href":"https:\/\/www.claret.cat\/es\/wp-json\/wp\/v2\/product_cat?post=92667"},{"taxonomy":"product_tag","embeddable":true,"href":"https:\/\/www.claret.cat\/es\/wp-json\/wp\/v2\/product_tag?post=92667"}],"curies":[{"name":"wp","href":"https:\/\/api.w.org\/{rel}","templated":true}]}}