{"id":92691,"date":"2022-10-11T21:40:04","date_gmt":"2022-10-11T19:40:04","guid":{"rendered":"http:\/\/dev.claret.cat\/producte\/el-arbol-de-la-vida-mental-cuyo-fruto-es-la-felicidad\/"},"modified":"2026-01-19T11:59:33","modified_gmt":"2026-01-19T10:59:33","slug":"el-arbol-de-la-vida-mental-cuyo-fruto-es-la-felicidad-9788431335885","status":"publish","type":"product","link":"https:\/\/www.claret.cat\/es\/libro\/el-arbol-de-la-vida-mental-cuyo-fruto-es-la-felicidad-9788431335885\/","title":{"rendered":"EL \u00c1RBOL DE LA VIDA (MENTAL), CUYO FRUTO ES LA FELICIDAD"},"content":{"rendered":"<p>Este libro tiene dos objetivos principales: el primero es el de recordar que el objetivo principal de la vida de cada ser humano es lograr la m\u00e1xima felicidad posible en su \u00fanica vida; el segundo es el de exponer con detalle los tres ingredientes psicol\u00f3gicos necesarios para lograr la felicidad: la racionalidad, la libertad y la afectividad positiva (paz y alegr\u00eda). Que se consideran las tres ramas de un imaginario \u00e1rbol de la vida mental sana y normal que da como fruto la felicidad.<br \/>El texto tiene dos partes, una te\u00f3rica en la que se explica el desarrollo y funcionamiento de la raz\u00f3n, la voluntad y la afectividad para que el sujeto alcance el m\u00e1ximo grado de racionalidad, libertad y alegr\u00eda posible seg\u00fan sus particulares talentos y circunstancias vitales. Y una parte pr\u00e1ctica que agrupa diez consejos \u00fatiles para desarrollar esas tres cualidades humanas determinantes de su felicidad en el hoy y ahora de su vida.<\/p>\n","protected":false},"excerpt":{"rendered":"<p>SARR\u00c1IS OTEO, FERNANDO<\/p>\n","protected":false},"featured_media":92692,"template":"","meta":{"_acf_changed":false,"om_disable_all_campaigns":false,"rs_blank_template":"","rs_page_bg_color":"","slide_template_v7":"","inline_featured_image":false,"_monsterinsights_skip_tracking":false,"_monsterinsights_sitenote_active":false,"_monsterinsights_sitenote_note":"","_monsterinsights_sitenote_category":0},"product_brand":[],"product_cat":[376,178],"product_tag":[],"class_list":{"0":"post-92691","1":"product","2":"type-product","3":"status-publish","4":"has-post-thumbnail","6":"product_cat-autores-psicologia-2_humanidades","7":"product_cat-autors-psicologia","9":"first","10":"instock","11":"taxable","12":"shipping-taxable","13":"purchasable","14":"product-type-simple"},"acf":{"editorial":[{"ID":6251,"post_author":"3","post_date":"2022-07-28 17:48:11","post_date_gmt":"2022-07-28 15:48:11","post_content":"","post_title":"EUNSA. EDICIONES UNIVERSIDAD DE NAVARRA","post_excerpt":"","post_status":"publish","comment_status":"closed","ping_status":"closed","post_password":"","post_name":"eunsa-ediciones-universidad-de-navarra","to_ping":"","pinged":"","post_modified":"2022-07-28 17:48:11","post_modified_gmt":"2022-07-28 15:48:11","post_content_filtered":"","post_parent":0,"guid":"http:\/\/dev.claret.cat\/editorial\/eunsa-ediciones-universidad-de-navarra\/","menu_order":0,"post_type":"editorial","post_mime_type":"","comment_count":"0","filter":"raw"}],"autor":"SARR\u00c1IS OTEO, FERNANDO","codart":"843133588","libros-coleccion":"Astrolabio Salud","ediciones":"1","encuadernacion":"Carpeta","fecha_de_publicacion":"01\/03\/2021","novedad":"1","paginas":"88","subtitulo":"","orden":"0","portada":"0","idioma":"spa","autores-libros":[{"ID":155868,"post_author":"3","post_date":"2022-10-14 15:16:16","post_date_gmt":"2022-10-14 13:16:16","post_content":"","post_title":"FERNANDO SARR\u00c1IS OTEO","post_excerpt":"","post_status":"publish","comment_status":"closed","ping_status":"closed","post_password":"","post_name":"fernando-sarrais-oteo","to_ping":"","pinged":"","post_modified":"2022-10-14 15:16:16","post_modified_gmt":"2022-10-14 13:16:16","post_content_filtered":"","post_parent":0,"guid":"http:\/\/dev.claret.cat\/autor\/fernando-sarrais-oteo\/","menu_order":0,"post_type":"autor","post_mime_type":"","comment_count":"0","filter":"raw"}],"booktrailer":"","resenas":""},"aioseo_notices":[],"_links":{"self":[{"href":"https:\/\/www.claret.cat\/es\/wp-json\/wp\/v2\/product\/92691","targetHints":{"allow":["GET"]}}],"collection":[{"href":"https:\/\/www.claret.cat\/es\/wp-json\/wp\/v2\/product"}],"about":[{"href":"https:\/\/www.claret.cat\/es\/wp-json\/wp\/v2\/types\/product"}],"wp:featuredmedia":[{"embeddable":true,"href":"https:\/\/www.claret.cat\/es\/wp-json\/wp\/v2\/media\/92692"}],"wp:attachment":[{"href":"https:\/\/www.claret.cat\/es\/wp-json\/wp\/v2\/media?parent=92691"}],"wp:term":[{"taxonomy":"product_brand","embeddable":true,"href":"https:\/\/www.claret.cat\/es\/wp-json\/wp\/v2\/product_brand?post=92691"},{"taxonomy":"product_cat","embeddable":true,"href":"https:\/\/www.claret.cat\/es\/wp-json\/wp\/v2\/product_cat?post=92691"},{"taxonomy":"product_tag","embeddable":true,"href":"https:\/\/www.claret.cat\/es\/wp-json\/wp\/v2\/product_tag?post=92691"}],"curies":[{"name":"wp","href":"https:\/\/api.w.org\/{rel}","templated":true}]}}