{"id":92820,"date":"2022-10-11T21:41:49","date_gmt":"2022-10-11T19:41:49","guid":{"rendered":"http:\/\/dev.claret.cat\/producte\/vivir-en-libertad\/"},"modified":"2025-02-04T17:43:19","modified_gmt":"2025-02-04T16:43:19","slug":"vivir-en-libertad-9788498672381","status":"publish","type":"product","link":"https:\/\/www.claret.cat\/es\/libro\/vivir-en-libertad-9788498672381\/","title":{"rendered":"VIVIR EN LIBERTAD"},"content":{"rendered":"<p>Un ser libre es aquel que reconoce su potencial, lo cuida, lo nutre, lo utiliza y lo expresa. Es un ser despierto. Ha dejado de culpar, de quejarse y de poner excusas. Ha asumido su plena responsabilidad y tiene una actitud de agradecimiento en cada momento. Es un ser relajado que no se acomoda en zonas de confort ni pereza. Desde la serenidad, sale de esos espacios limitadores de potencial para trascender y brillar. Para vivir en libertad necesitas el poder de la concentraci\u00f3n, que te permite alejarte de lo in\u00fatil, y el poder de la determinaci\u00f3n, para realizar lo que anhelas. Necesitas respetarte, respetar a los dem\u00e1s y el entorno. Como no vivimos aislados, el arte del vivir requiere empat\u00eda, di\u00e1logo y silencio para escuchar. Nuestra capacidad creadora de escoger qu\u00e9 pensamos y qu\u00e9 sentimos en cada momento y c\u00f3mo respondemos en cada situaci\u00f3n es nuestra fuerza y nuestra libertad. Sin embargo, nuestras creencias nos limitan, nuestro pasado nos condiciona y nuestros miedos nos impiden vivir nuestros sue\u00f1os m\u00e1s profundos.<\/p>\n","protected":false},"excerpt":{"rendered":"<p>SUBIRANA MIRIAM<\/p>\n","protected":false},"featured_media":92821,"template":"","meta":{"_acf_changed":false,"om_disable_all_campaigns":false,"rs_blank_template":"","rs_page_bg_color":"","slide_template_v7":"","inline_featured_image":false,"_monsterinsights_skip_tracking":false,"_monsterinsights_sitenote_active":false,"_monsterinsights_sitenote_note":"","_monsterinsights_sitenote_category":0},"product_brand":[],"product_cat":[90,540],"product_tag":[],"class_list":{"0":"post-92820","1":"product","2":"type-product","3":"status-publish","4":"has-post-thumbnail","6":"product_cat-altres","7":"product_cat-otros","9":"first","10":"outofstock","11":"taxable","12":"shipping-taxable","13":"purchasable","14":"product-type-simple"},"acf":{"editorial":[{"ID":148737,"post_author":"3","post_date":"2022-10-14 12:00:35","post_date_gmt":"2022-10-14 10:00:35","post_content":"","post_title":"RBA Libros","post_excerpt":"","post_status":"publish","comment_status":"closed","ping_status":"closed","post_password":"","post_name":"rba-libros","to_ping":"","pinged":"","post_modified":"2022-10-14 12:00:35","post_modified_gmt":"2022-10-14 10:00:35","post_content_filtered":"","post_parent":0,"guid":"http:\/\/dev.claret.cat\/editorial\/rba-libros\/","menu_order":0,"post_type":"editorial","post_mime_type":"","comment_count":"0","filter":"raw"}],"autor":"SUBIRANA MIRIAM","codart":"849867238","libros-coleccion":"Divulgaci\u00f3n","ediciones":"1","encuadernacion":"Carton\u00e9","fecha_de_publicacion":"01\/05\/2008","novedad":"1","paginas":"220","subtitulo":"","orden":"0","portada":"0","idioma":"spa","autores-libros":[{"ID":169892,"post_author":"3","post_date":"2022-10-14 22:30:51","post_date_gmt":"2022-10-14 20:30:51","post_content":"","post_title":"SUBIRANA MIRIAM","post_excerpt":"","post_status":"publish","comment_status":"closed","ping_status":"closed","post_password":"","post_name":"subirana-miriam","to_ping":"","pinged":"","post_modified":"2022-10-14 22:30:51","post_modified_gmt":"2022-10-14 20:30:51","post_content_filtered":"","post_parent":0,"guid":"http:\/\/dev.claret.cat\/autor\/subirana-miriam\/","menu_order":0,"post_type":"autor","post_mime_type":"","comment_count":"0","filter":"raw"}]},"aioseo_notices":[],"_links":{"self":[{"href":"https:\/\/www.claret.cat\/es\/wp-json\/wp\/v2\/product\/92820","targetHints":{"allow":["GET"]}}],"collection":[{"href":"https:\/\/www.claret.cat\/es\/wp-json\/wp\/v2\/product"}],"about":[{"href":"https:\/\/www.claret.cat\/es\/wp-json\/wp\/v2\/types\/product"}],"wp:featuredmedia":[{"embeddable":true,"href":"https:\/\/www.claret.cat\/es\/wp-json\/wp\/v2\/media\/92821"}],"wp:attachment":[{"href":"https:\/\/www.claret.cat\/es\/wp-json\/wp\/v2\/media?parent=92820"}],"wp:term":[{"taxonomy":"product_brand","embeddable":true,"href":"https:\/\/www.claret.cat\/es\/wp-json\/wp\/v2\/product_brand?post=92820"},{"taxonomy":"product_cat","embeddable":true,"href":"https:\/\/www.claret.cat\/es\/wp-json\/wp\/v2\/product_cat?post=92820"},{"taxonomy":"product_tag","embeddable":true,"href":"https:\/\/www.claret.cat\/es\/wp-json\/wp\/v2\/product_tag?post=92820"}],"curies":[{"name":"wp","href":"https:\/\/api.w.org\/{rel}","templated":true}]}}