{"id":92926,"date":"2022-10-11T21:43:17","date_gmt":"2022-10-11T19:43:17","guid":{"rendered":"http:\/\/dev.claret.cat\/producte\/lauban-y-striegau-1945\/"},"modified":"2023-01-28T12:45:06","modified_gmt":"2023-01-28T11:45:06","slug":"lauban-y-striegau-1945-9788412206692","status":"publish","type":"product","link":"https:\/\/www.claret.cat\/es\/libro\/lauban-y-striegau-1945-9788412206692\/","title":{"rendered":"LAUBAN Y STRIEGAU 1945"},"content":{"rendered":"<p>En febrero de 1945, el Ej\u00e9rcito Rojo lanzaba una ofensiva contra la Baja Silesia, ya en territorio alem\u00e1n, encabezada por unidades acorazadas de la Guardia dotadas con eficaces carros T 34\/85 a los que se un\u00edan ya los m\u00e1s modernos y poderosos IS-2.    Conscientes de la complicada situaci\u00f3n que se avecinaba, las autoridades del III Reich organizaban milicias con los recursos disponibles, incluso ni\u00f1os y ancianos eran instruidos en el uso de armas anticarro, mientras la propaganda les animaba a ofrecer una resistencia a ultranza, esperando el inmediato despliegue de armas de alta tecnolog\u00eda que traer\u00edan la victoria final.    En este entorno de llamada al hero\u00edsmo y de falsas promesas, el Alto Mando del Ej\u00e9rcito alem\u00e1n fue capaz de organizar una respuesta m\u00e1s tangible frente a la amenaza sovi\u00e9tica, reforzando desgastadas divisiones Panzer y entrenando nuevas unidades de granaderos con moral y armamento de tropas de \u00e9lite, capaces de lanzar estudiados contraataques que lograron detener el avance sovi\u00e9tico.    Los carristas alemanes volvieron a pintar anillos de victoria en los ca\u00f1ones de sus Panther mientras qu<\/p>\n","protected":false},"excerpt":{"rendered":"<p>GIL MARTINEZ, EDUARDO MANUEL<\/p>\n","protected":false},"featured_media":275227,"template":"","meta":{"_acf_changed":false,"om_disable_all_campaigns":false,"rs_blank_template":"","rs_page_bg_color":"","slide_template_v7":"","inline_featured_image":false,"_monsterinsights_skip_tracking":false,"_monsterinsights_sitenote_active":false,"_monsterinsights_sitenote_note":"","_monsterinsights_sitenote_category":0},"product_brand":[],"product_cat":[90,540],"product_tag":[],"class_list":{"0":"post-92926","1":"product","2":"type-product","3":"status-publish","4":"has-post-thumbnail","6":"product_cat-altres","7":"product_cat-otros","9":"first","10":"instock","11":"taxable","12":"shipping-taxable","13":"purchasable","14":"product-type-simple"},"acf":{"editorial":[{"ID":147407,"post_author":"3","post_date":"2022-10-14 11:50:20","post_date_gmt":"2022-10-14 09:50:20","post_content":"","post_title":"Almena Ediciones","post_excerpt":"","post_status":"publish","comment_status":"closed","ping_status":"closed","post_password":"","post_name":"almena-ediciones","to_ping":"","pinged":"","post_modified":"2022-10-14 11:50:20","post_modified_gmt":"2022-10-14 09:50:20","post_content_filtered":"","post_parent":0,"guid":"http:\/\/dev.claret.cat\/editorial\/almena-ediciones\/","menu_order":0,"post_type":"editorial","post_mime_type":"","comment_count":"0","filter":"raw"}],"autores-libros":[{"ID":154599,"post_author":"3","post_date":"2022-10-14 15:06:06","post_date_gmt":"2022-10-14 13:06:06","post_content":"","post_title":"EDUARDO MANUEL GIL MART\u00cdNEZ","post_excerpt":"","post_status":"publish","comment_status":"closed","ping_status":"closed","post_password":"","post_name":"eduardo-manuel-gil-martinez","to_ping":"","pinged":"","post_modified":"2022-10-14 15:06:06","post_modified_gmt":"2022-10-14 13:06:06","post_content_filtered":"","post_parent":0,"guid":"http:\/\/dev.claret.cat\/autor\/eduardo-manuel-gil-martinez\/","menu_order":0,"post_type":"autor","post_mime_type":"","comment_count":"0","filter":"raw"}],"autor":"GIL MARTINEZ, EDUARDO MANUEL","codart":"841220669","libros-coleccion":"Im\u00e1genes de Guerra","ediciones":"1","encuadernacion":"R\u00fastica","fecha_de_publicacion":"01\/02\/2021","novedad":"1","paginas":"151","subtitulo":"","orden":"0","portada":"0","idioma":"spa"},"aioseo_notices":[],"_links":{"self":[{"href":"https:\/\/www.claret.cat\/es\/wp-json\/wp\/v2\/product\/92926","targetHints":{"allow":["GET"]}}],"collection":[{"href":"https:\/\/www.claret.cat\/es\/wp-json\/wp\/v2\/product"}],"about":[{"href":"https:\/\/www.claret.cat\/es\/wp-json\/wp\/v2\/types\/product"}],"wp:featuredmedia":[{"embeddable":true,"href":"https:\/\/www.claret.cat\/es\/wp-json\/wp\/v2\/media\/275227"}],"wp:attachment":[{"href":"https:\/\/www.claret.cat\/es\/wp-json\/wp\/v2\/media?parent=92926"}],"wp:term":[{"taxonomy":"product_brand","embeddable":true,"href":"https:\/\/www.claret.cat\/es\/wp-json\/wp\/v2\/product_brand?post=92926"},{"taxonomy":"product_cat","embeddable":true,"href":"https:\/\/www.claret.cat\/es\/wp-json\/wp\/v2\/product_cat?post=92926"},{"taxonomy":"product_tag","embeddable":true,"href":"https:\/\/www.claret.cat\/es\/wp-json\/wp\/v2\/product_tag?post=92926"}],"curies":[{"name":"wp","href":"https:\/\/api.w.org\/{rel}","templated":true}]}}