{"id":92932,"date":"2022-10-11T21:43:22","date_gmt":"2022-10-11T19:43:22","guid":{"rendered":"http:\/\/dev.claret.cat\/producte\/heroes-santos\/"},"modified":"2023-07-06T16:57:18","modified_gmt":"2023-07-06T14:57:18","slug":"heroes-santos-9788433866097","status":"publish","type":"product","link":"https:\/\/www.claret.cat\/es\/libro\/heroes-santos-9788433866097\/","title":{"rendered":"H\u00c9ROES SANTOS"},"content":{"rendered":"<p>Desde los albores del cristianismo el santo m\u00e1rtir ocup\u00f3 el lugar del h\u00e9roe ancestral  en la mentalidad colectiva, para despu\u00e9s encauzar su dimensi\u00f3n heroica hacia el  estereotipo del santo militar, que goz\u00f3 de una popularidad especial manifiesta en las  formas de culto propias de la religiosidad cotidiana, en las artes figurativas y en la  literatura, donde acab\u00f3 por convertirse en el personaje protagonista por excelencia.  En esta monograf\u00eda se abarca un an\u00e1lisis de los elementos culturales que convergen  en el estereotipo del h\u00e9roe santo, su g\u00e9nesis en el cristianismo oriental, su evoluci\u00f3n y  consolidaci\u00f3n en Bizancio, as\u00ed como los modos de transferencia del modelo bizantino  en el entorno cultural de su ep\u00edgono eslavo.    Para ello el volumen presenta una serie de contribuciones de especialistas sobre una  selecci\u00f3n de santos militares y h\u00e9roes, los santos matadragones Jorge y Teodoro  Tiron, san Mercurio, san Demetrio, san Eustacio, san Artemio, san Crist\u00f3bal y los  pr\u00edncipes santos eslavos Bor\u00eds y Gleb y Aleksandr Nevskij. Cada contribuci\u00f3n se  fundamenta en el an\u00e1lisis textual de las fuentes literar<\/p>\n","protected":false},"excerpt":{"rendered":"<p>CASAS MATILDE<\/p>\n","protected":false},"featured_media":92933,"template":"","meta":{"_acf_changed":false,"om_disable_all_campaigns":false,"rs_blank_template":"","rs_page_bg_color":"","slide_template_v7":"","inline_featured_image":false,"_monsterinsights_skip_tracking":false,"_monsterinsights_sitenote_active":false,"_monsterinsights_sitenote_note":"","_monsterinsights_sitenote_category":0},"product_brand":[],"product_cat":[95,545],"product_tag":[],"class_list":{"0":"post-92932","1":"product","2":"type-product","3":"status-publish","4":"has-post-thumbnail","6":"product_cat-santoral","7":"product_cat-santoral-1_espiritualidad-spa","9":"first","10":"instock","11":"taxable","12":"shipping-taxable","13":"purchasable","14":"product-type-simple"},"acf":{"autor":"CASAS MATILDE","codart":"843386609","libros-coleccion":"Historia","ediciones":"1","encuadernacion":"R\u00fastica","fecha_de_publicacion":"01\/02\/2021","novedad":"1","paginas":"904","subtitulo":"TEXTOS HAGIOGR\u00c1FICOS Y RELIGI\u00d3N POPULAR EN EL CRISTIANISMO ORIENTAL","orden":"0","portada":"0","idioma":"spa","editorial":[{"ID":148045,"post_author":"3","post_date":"2022-10-14 11:55:12","post_date_gmt":"2022-10-14 09:55:12","post_content":"","post_title":"Editorial Universidad de Granada","post_excerpt":"","post_status":"publish","comment_status":"closed","ping_status":"closed","post_password":"","post_name":"editorial-universidad-de-granada","to_ping":"","pinged":"","post_modified":"2022-10-14 11:55:12","post_modified_gmt":"2022-10-14 09:55:12","post_content_filtered":"","post_parent":0,"guid":"http:\/\/dev.claret.cat\/editorial\/editorial-universidad-de-granada\/","menu_order":0,"post_type":"editorial","post_mime_type":"","comment_count":"0","filter":"raw"}],"autores-libros":[{"ID":152542,"post_author":"3","post_date":"2022-10-14 14:49:36","post_date_gmt":"2022-10-14 12:49:36","post_content":"","post_title":"CASAS MATILDE","post_excerpt":"","post_status":"publish","comment_status":"closed","ping_status":"closed","post_password":"","post_name":"casas-matilde","to_ping":"","pinged":"","post_modified":"2022-10-14 14:49:36","post_modified_gmt":"2022-10-14 12:49:36","post_content_filtered":"","post_parent":0,"guid":"http:\/\/dev.claret.cat\/autor\/casas-matilde\/","menu_order":0,"post_type":"autor","post_mime_type":"","comment_count":"0","filter":"raw"}]},"aioseo_notices":[],"_links":{"self":[{"href":"https:\/\/www.claret.cat\/es\/wp-json\/wp\/v2\/product\/92932","targetHints":{"allow":["GET"]}}],"collection":[{"href":"https:\/\/www.claret.cat\/es\/wp-json\/wp\/v2\/product"}],"about":[{"href":"https:\/\/www.claret.cat\/es\/wp-json\/wp\/v2\/types\/product"}],"wp:featuredmedia":[{"embeddable":true,"href":"https:\/\/www.claret.cat\/es\/wp-json\/wp\/v2\/media\/92933"}],"wp:attachment":[{"href":"https:\/\/www.claret.cat\/es\/wp-json\/wp\/v2\/media?parent=92932"}],"wp:term":[{"taxonomy":"product_brand","embeddable":true,"href":"https:\/\/www.claret.cat\/es\/wp-json\/wp\/v2\/product_brand?post=92932"},{"taxonomy":"product_cat","embeddable":true,"href":"https:\/\/www.claret.cat\/es\/wp-json\/wp\/v2\/product_cat?post=92932"},{"taxonomy":"product_tag","embeddable":true,"href":"https:\/\/www.claret.cat\/es\/wp-json\/wp\/v2\/product_tag?post=92932"}],"curies":[{"name":"wp","href":"https:\/\/api.w.org\/{rel}","templated":true}]}}