{"id":92935,"date":"2022-10-11T21:43:25","date_gmt":"2022-10-11T19:43:25","guid":{"rendered":"http:\/\/dev.claret.cat\/producte\/los-tipos-iconograficos-de-la-tradicion-cristiana-6-los-demonios-ii\/"},"modified":"2023-07-14T18:09:26","modified_gmt":"2023-07-14T16:09:26","slug":"los-tipos-iconograficos-de-la-tradicion-cristiana-6-los-demonios-ii-9788413390536","status":"publish","type":"product","link":"https:\/\/www.claret.cat\/es\/libro\/los-tipos-iconograficos-de-la-tradicion-cristiana-6-los-demonios-ii-9788413390536\/","title":{"rendered":"LOS TIPOS ICONOGR\u00c1FICOS DE LA TRADICI\u00d3N CRISTIANA 6. LOS DEMONIOS II"},"content":{"rendered":"<p>El sexto volumen de la colecci\u00f3n \u00abLos tipos iconogr\u00e1ficos de la tradici\u00f3n cristiana\u00bb es el segundo y \u00faltimo de la colecci\u00f3n dedicado a las distintas representaciones del Diablo y los demonios en el arte cristiano.<br \/> Este volumen se centra de un modo espec\u00edfico en tres aspectos particulares de la iconograf\u00eda diab\u00f3lica. En primer lugar, la representaci\u00f3n de demonios con aspecto animal -el bestiario del Diablo-, revis\u00e1ndose los rasgos demon\u00edacos de los diferentes animales incluidos en dicho bestiario. En segundo lugar, lo que se ha denominado como la m\u00fasica endiablada, es decir, la oposici\u00f3n simb\u00f3lica a la m\u00fasica celestial en cuanto que representaci\u00f3n del orden divino y su reflejo en la m\u00fasica terrena. Por \u00faltimo, la representaci\u00f3n demoniaca en la pr\u00e1ctica religiosa de la expulsi\u00f3n de los demonios, conocida como exorcismo.<\/p>\n","protected":false},"excerpt":{"rendered":"<p>GARC\u00cdA MAH\u00cdQUES, RAFAEL \/ GARC\u00cdA ARRANZ, JOS\u00c9 JULIO \/ PERPI\u00d1\u00c1 GARC\u00cdA, CANDELA<\/p>\n","protected":false},"featured_media":451876,"template":"","meta":{"_acf_changed":false,"om_disable_all_campaigns":false,"rs_blank_template":"","rs_page_bg_color":"","slide_template_v7":"","inline_featured_image":false,"_monsterinsights_skip_tracking":false,"_monsterinsights_sitenote_active":false,"_monsterinsights_sitenote_note":"","_monsterinsights_sitenote_category":0},"product_brand":[],"product_cat":[92,542],"product_tag":[],"class_list":{"0":"post-92935","1":"product","2":"type-product","3":"status-publish","4":"has-post-thumbnail","6":"product_cat-vida-religiosa","7":"product_cat-vida-religiosa-1_espiritualidad-spa","9":"first","10":"instock","11":"taxable","12":"shipping-taxable","13":"purchasable","14":"product-type-simple"},"acf":{"editorial":[{"ID":6201,"post_author":"3","post_date":"2022-07-28 17:47:01","post_date_gmt":"2022-07-28 15:47:01","post_content":"","post_title":"Ediciones Encuentro","post_excerpt":"","post_status":"publish","comment_status":"closed","ping_status":"closed","post_password":"","post_name":"ediciones-encuentro","to_ping":"","pinged":"","post_modified":"2022-07-28 17:47:01","post_modified_gmt":"2022-07-28 15:47:01","post_content_filtered":"","post_parent":0,"guid":"http:\/\/dev.claret.cat\/editorial\/ediciones-encuentro\/","menu_order":0,"post_type":"editorial","post_mime_type":"","comment_count":"0","filter":"raw"}],"autores-libros":[{"ID":160296,"post_author":"3","post_date":"2022-10-14 15:51:55","post_date_gmt":"2022-10-14 13:51:55","post_content":"","post_title":"JOS\u00c9 JULIO GARC\u00cdA ARRANZ","post_excerpt":"","post_status":"publish","comment_status":"closed","ping_status":"closed","post_password":"","post_name":"jose-julio-garcia-arranz","to_ping":"","pinged":"","post_modified":"2022-10-14 15:51:55","post_modified_gmt":"2022-10-14 13:51:55","post_content_filtered":"","post_parent":0,"guid":"http:\/\/dev.claret.cat\/autor\/jose-julio-garcia-arranz\/","menu_order":0,"post_type":"autor","post_mime_type":"","comment_count":"0","filter":"raw"},{"ID":152050,"post_author":"3","post_date":"2022-10-14 14:45:42","post_date_gmt":"2022-10-14 12:45:42","post_content":"","post_title":"CANDELA PERPI\u00d1\u00c1 GARC\u00cdA","post_excerpt":"","post_status":"publish","comment_status":"closed","ping_status":"closed","post_password":"","post_name":"candela-perpina-garcia","to_ping":"","pinged":"","post_modified":"2022-10-14 14:45:42","post_modified_gmt":"2022-10-14 12:45:42","post_content_filtered":"","post_parent":0,"guid":"http:\/\/dev.claret.cat\/autor\/candela-perpina-garcia\/","menu_order":0,"post_type":"autor","post_mime_type":"","comment_count":"0","filter":"raw"},{"ID":167579,"post_author":"3","post_date":"2022-10-14 18:12:20","post_date_gmt":"2022-10-14 16:12:20","post_content":"","post_title":"RAFAEL GARC\u00cdA MAH\u00cdQUES","post_excerpt":"","post_status":"publish","comment_status":"closed","ping_status":"closed","post_password":"","post_name":"rafael-garcia-mahiques","to_ping":"","pinged":"","post_modified":"2022-10-14 18:12:20","post_modified_gmt":"2022-10-14 16:12:20","post_content_filtered":"","post_parent":0,"guid":"http:\/\/dev.claret.cat\/autor\/rafael-garcia-mahiques\/","menu_order":0,"post_type":"autor","post_mime_type":"","comment_count":"0","filter":"raw"}],"autor":"GARC\u00cdA MAH\u00cdQUES, RAFAEL \/ GARC\u00cdA ARRANZ, JOS\u00c9 JULIO \/ PERPI\u00d1\u00c1 GARC\u00cdA, CANDELA","codart":"841339053","libros-coleccion":"FORA DE COL.LECCI\u00d3","ediciones":"1","encuadernacion":"Carton\u00e9","fecha_de_publicacion":"01\/02\/2021","novedad":"1","paginas":"552","subtitulo":"LOS DEMONIOS II. BESTIARIO, M\u00daSICA ENDIABLADA Y EXORCISMO","orden":"0","portada":"0","idioma":"spa"},"aioseo_notices":[],"_links":{"self":[{"href":"https:\/\/www.claret.cat\/es\/wp-json\/wp\/v2\/product\/92935","targetHints":{"allow":["GET"]}}],"collection":[{"href":"https:\/\/www.claret.cat\/es\/wp-json\/wp\/v2\/product"}],"about":[{"href":"https:\/\/www.claret.cat\/es\/wp-json\/wp\/v2\/types\/product"}],"wp:featuredmedia":[{"embeddable":true,"href":"https:\/\/www.claret.cat\/es\/wp-json\/wp\/v2\/media\/451876"}],"wp:attachment":[{"href":"https:\/\/www.claret.cat\/es\/wp-json\/wp\/v2\/media?parent=92935"}],"wp:term":[{"taxonomy":"product_brand","embeddable":true,"href":"https:\/\/www.claret.cat\/es\/wp-json\/wp\/v2\/product_brand?post=92935"},{"taxonomy":"product_cat","embeddable":true,"href":"https:\/\/www.claret.cat\/es\/wp-json\/wp\/v2\/product_cat?post=92935"},{"taxonomy":"product_tag","embeddable":true,"href":"https:\/\/www.claret.cat\/es\/wp-json\/wp\/v2\/product_tag?post=92935"}],"curies":[{"name":"wp","href":"https:\/\/api.w.org\/{rel}","templated":true}]}}