{"id":92953,"date":"2022-10-11T21:43:39","date_gmt":"2022-10-11T19:43:39","guid":{"rendered":"http:\/\/dev.claret.cat\/producte\/el-agua-pura-de-mi-pobreza\/"},"modified":"2023-01-28T14:19:33","modified_gmt":"2023-01-28T13:19:33","slug":"el-agua-pura-de-mi-pobreza-9788413390512","status":"publish","type":"product","link":"https:\/\/www.claret.cat\/es\/libro\/el-agua-pura-de-mi-pobreza-9788413390512\/","title":{"rendered":"EL AGUA PURA DE MI POBREZA"},"content":{"rendered":"<p>\u00abAl acercarnos a la poes\u00eda de Ada Negri, a un rostro que, como a menudo sucede con las mujeres lombardas, presenta rasgos fuertes aunque habitados por una secreta ternura, nos encontramos con una sorpresa: hay algo intacto que nos llega de sus versos, una energ\u00eda ind\u00f3mita, un reto que permanece abierto.<br \/> Si visit\u00e1is &#8221;sus&#8221; lugares, los campos lombardos de Lodi y Motta Visconti, y lleg\u00e1is all\u00ed hacia final de a\u00f1o, en mitad del invierno, cuando las cosas aparecen en el horizonte rasgando el velo de niebla que une cielo y tierra en un fundido blanco, comprobareis c\u00f3mo cada \u00e1rbol inm\u00f3vil en el llano, o vuelo de mirlos y palomas en el cielo, o figura que discurre al borde de las acequias a pie o en bicicleta, o fila baja de casas o letrero de un bar, todo es &#8221;un evento&#8221;. En este sentir la vida como &#8221;evento&#8221;, como un &#8221;acontecimiento&#8221; que aparece, reside la energ\u00eda primordial de la poes\u00eda de Ada Negri.<br \/> Esta energ\u00eda sigue latiendo intacta, viva, discreta en la lectura de sus textos\u00bb.<br \/> Davide Rondoni<\/p>\n","protected":false},"excerpt":{"rendered":"<p>NEGRI, ADA<\/p>\n","protected":false},"featured_media":92954,"template":"","meta":{"_acf_changed":false,"om_disable_all_campaigns":false,"rs_blank_template":"","rs_page_bg_color":"","slide_template_v7":"","inline_featured_image":false,"_monsterinsights_skip_tracking":false,"_monsterinsights_sitenote_active":false,"_monsterinsights_sitenote_note":"","_monsterinsights_sitenote_category":0},"product_brand":[],"product_cat":[121],"product_tag":[],"class_list":{"0":"post-92953","1":"product","2":"type-product","3":"status-publish","4":"has-post-thumbnail","6":"product_cat-poesia","8":"first","9":"instock","10":"taxable","11":"shipping-taxable","12":"purchasable","13":"product-type-simple"},"acf":{"editorial":[{"ID":6201,"post_author":"3","post_date":"2022-07-28 17:47:01","post_date_gmt":"2022-07-28 15:47:01","post_content":"","post_title":"Ediciones Encuentro","post_excerpt":"","post_status":"publish","comment_status":"closed","ping_status":"closed","post_password":"","post_name":"ediciones-encuentro","to_ping":"","pinged":"","post_modified":"2022-07-28 17:47:01","post_modified_gmt":"2022-07-28 15:47:01","post_content_filtered":"","post_parent":0,"guid":"http:\/\/dev.claret.cat\/editorial\/ediciones-encuentro\/","menu_order":0,"post_type":"editorial","post_mime_type":"","comment_count":"0","filter":"raw"}],"autores-libros":[{"ID":149102,"post_author":"3","post_date":"2022-10-14 14:22:10","post_date_gmt":"2022-10-14 12:22:10","post_content":"","post_title":"ADA NEGRI","post_excerpt":"","post_status":"publish","comment_status":"closed","ping_status":"closed","post_password":"","post_name":"ada-negri","to_ping":"","pinged":"","post_modified":"2022-10-14 14:22:10","post_modified_gmt":"2022-10-14 12:22:10","post_content_filtered":"","post_parent":0,"guid":"http:\/\/dev.claret.cat\/autor\/ada-negri\/","menu_order":0,"post_type":"autor","post_mime_type":"","comment_count":"0","filter":"raw"}],"autor":"NEGRI, ADA","codart":"841339051","libros-coleccion":"Literaria","ediciones":"1","encuadernacion":"R\u00fastica","fecha_de_publicacion":"01\/01\/2021","novedad":"1","paginas":"120","subtitulo":"ANTOLOG\u00cdA PO\u00c9TICA","orden":"0","portada":"0","idioma":"spa"},"aioseo_notices":[],"_links":{"self":[{"href":"https:\/\/www.claret.cat\/es\/wp-json\/wp\/v2\/product\/92953","targetHints":{"allow":["GET"]}}],"collection":[{"href":"https:\/\/www.claret.cat\/es\/wp-json\/wp\/v2\/product"}],"about":[{"href":"https:\/\/www.claret.cat\/es\/wp-json\/wp\/v2\/types\/product"}],"wp:featuredmedia":[{"embeddable":true,"href":"https:\/\/www.claret.cat\/es\/wp-json\/wp\/v2\/media\/92954"}],"wp:attachment":[{"href":"https:\/\/www.claret.cat\/es\/wp-json\/wp\/v2\/media?parent=92953"}],"wp:term":[{"taxonomy":"product_brand","embeddable":true,"href":"https:\/\/www.claret.cat\/es\/wp-json\/wp\/v2\/product_brand?post=92953"},{"taxonomy":"product_cat","embeddable":true,"href":"https:\/\/www.claret.cat\/es\/wp-json\/wp\/v2\/product_cat?post=92953"},{"taxonomy":"product_tag","embeddable":true,"href":"https:\/\/www.claret.cat\/es\/wp-json\/wp\/v2\/product_tag?post=92953"}],"curies":[{"name":"wp","href":"https:\/\/api.w.org\/{rel}","templated":true}]}}